{"id":6162,"date":"2024-09-26T15:47:57","date_gmt":"2024-09-26T13:47:57","guid":{"rendered":"https:\/\/location.mazoyer.fr\/?post_type=product&#038;p=6162"},"modified":"2024-10-11T08:53:14","modified_gmt":"2024-10-11T06:53:14","slug":"bobcat-t450","status":"publish","type":"product","link":"https:\/\/location.mazoyer.fr\/en\/product\/bobcat-t450\/","title":{"rendered":"BOBCAT T450"},"content":{"rendered":"<p style=\"font-weight: 400;\"><strong>Caract\u00e9ristiques Techniques :<\/strong><\/p>\n<ul style=\"font-weight: 400;\">\n<li>Poids en ordre de marche : 2 961 kg<\/li>\n<li>Puissance moteur : 41 kW<\/li>\n<li>Type de moteur : Diesel, 4 cylindres<\/li>\n<li>Capacit\u00e9 de charge nominale : 717 kg<\/li>\n<li>Hauteur de levage : 2 800 mm<\/li>\n<li>Largeur avec chenilles de 300 mm : 1 397 mm<\/li>\n<li>Longueur sans accessoire : 2 800 mm<\/li>\n<li>Vitesse maximale : 14.40 km\/h<\/li>\n<\/ul>\n<p style=\"font-weight: 400;\"><strong>\u00c9quipements et Accessoires :<\/strong><\/p>\n<ul>\n<li>Direction et vitesse command\u00e9es par deux leviers ou manipulateurs en option<\/li>\n<li>P\u00e9dales s\u00e9par\u00e9es, ou commandes ACS (Advanced Control System) ou commandes aux manipulateurs commutables (SJC) en option<\/li>\n<li>Contacteur \u00e9lectrique sur le levier de direction droit<\/li>\n<li>Godet<\/li>\n<li>Godet 4 en 1<\/li>\n<li>Fourches \u00e0 palettes<\/li>\n<li>Balayeuse \u00e0 godet collecteur<\/li>\n<\/ul>\n<p style=\"font-weight: 400;\"><strong>Avantages :<\/strong><\/p>\n<ul style=\"font-weight: 400;\">\n<li>Compacte et agile : Id\u00e9ale pour les chantiers urbains et les espaces confin\u00e9s.<\/li>\n<li>Facilit\u00e9 d&rsquo;utilisation : Contr\u00f4les intuitifs pour une prise en main rapide.<\/li>\n<li>Robustesse : Con\u00e7ue pour r\u00e9sister aux conditions de travail les plus exigeantes.<\/li>\n<\/ul>\n<p style=\"font-weight: 400;\"><strong>Applications :<\/strong><\/p>\n<ul style=\"font-weight: 400;\">\n<li>Travaux de construction<\/li>\n<li>Am\u00e9nagement paysager<\/li>\n<li>D\u00e9molition l\u00e9g\u00e8re<\/li>\n<li>Excavation et terrassement<\/li>\n<\/ul>","protected":false},"excerpt":{"rendered":"<p>Caract\u00e9ristiques Techniques : Poids en ordre de marche : 2 961 kg Puissance moteur : 41 kW Type de moteur : Diesel, 4 cylindres Capacit\u00e9 de charge nominale : 717 kg Hauteur de levage : 2 800 mm Largeur avec chenilles de 300 mm : 1 397 mm Longueur sans accessoire : 2 800 mm Vitesse maximale : 14.40 km\/h \u00c9quipements et Accessoires : Direction et vitesse command\u00e9es par deux leviers ou manipulateurs en option P\u00e9dales s\u00e9par\u00e9es, ou commandes ACS (Advanced Control System) ou commandes aux manipulateurs commutables (SJC) en option Contacteur \u00e9lectrique sur le levier de direction droit Godet Godet 4 en 1 Fourches \u00e0 palettes Balayeuse \u00e0 godet collecteur Avantages : Compacte et agile : Id\u00e9ale pour les chantiers urbains et les espaces confin\u00e9s. Facilit\u00e9 d&rsquo;utilisation : Contr\u00f4les intuitifs pour une prise en main rapide. Robustesse : Con\u00e7ue pour r\u00e9sister aux conditions de travail les plus exigeantes. Applications : Travaux de construction Am\u00e9nagement paysager D\u00e9molition l\u00e9g\u00e8re Excavation et terrassement<\/p>","protected":false},"featured_media":6169,"comment_status":"open","ping_status":"closed","template":"","meta":{"_acf_changed":false},"product_cat":[87],"product_tag":[],"class_list":{"0":"post-6162","1":"product","2":"type-product","3":"status-publish","4":"has-post-thumbnail","6":"product_cat-chargeuse","8":"first","9":"instock","10":"shipping-taxable","11":"product-type-simple"},"acf":[],"yoast_head":"<!-- This site is optimized with the Yoast SEO plugin v23.1 - https:\/\/yoast.com\/wordpress\/plugins\/seo\/ -->\n<title>BOBCAT T450 - Mazoyer Location<\/title>\n<meta name=\"robots\" content=\"noindex, follow, max-snippet:-1, max-image-preview:large, max-video-preview:-1\" \/>\n<meta property=\"og:locale\" content=\"en_US\" \/>\n<meta property=\"og:type\" content=\"article\" \/>\n<meta property=\"og:title\" content=\"BOBCAT T450 - Mazoyer Location\" \/>\n<meta property=\"og:description\" content=\"Caract\u00e9ristiques Techniques : Poids en ordre de marche : 2 961 kg Puissance moteur : 41 kW Type de moteur : Diesel, 4 cylindres Capacit\u00e9 de charge nominale : 717 kg Hauteur de levage : 2 800 mm Largeur avec chenilles de 300 mm : 1 397 mm Longueur sans accessoire : 2 800 mm Vitesse maximale : 14.40 km\/h \u00c9quipements et Accessoires : Direction et vitesse command\u00e9es par deux leviers ou manipulateurs en option P\u00e9dales s\u00e9par\u00e9es, ou commandes ACS (Advanced Control System) ou commandes aux manipulateurs commutables (SJC) en option Contacteur \u00e9lectrique sur le levier de direction droit Godet Godet 4 en 1 Fourches \u00e0 palettes Balayeuse \u00e0 godet collecteur Avantages : Compacte et agile : Id\u00e9ale pour les chantiers urbains et les espaces confin\u00e9s. Facilit\u00e9 d&rsquo;utilisation : Contr\u00f4les intuitifs pour une prise en main rapide. Robustesse : Con\u00e7ue pour r\u00e9sister aux conditions de travail les plus exigeantes. Applications : Travaux de construction Am\u00e9nagement paysager D\u00e9molition l\u00e9g\u00e8re Excavation et terrassement\" \/>\n<meta property=\"og:url\" content=\"https:\/\/location.mazoyer.fr\/en\/product\/bobcat-t450\/\" \/>\n<meta property=\"og:site_name\" content=\"Mazoyer Location\" \/>\n<meta property=\"article:modified_time\" content=\"2024-10-11T06:53:14+00:00\" \/>\n<meta property=\"og:image\" content=\"https:\/\/location.mazoyer.fr\/wp-content\/uploads\/2024\/09\/Location-site-internet-1-2.png-2-1024x768.png\" \/>\n\t<meta property=\"og:image:width\" content=\"1024\" \/>\n\t<meta property=\"og:image:height\" content=\"768\" \/>\n\t<meta property=\"og:image:type\" content=\"image\/png\" \/>\n<meta name=\"twitter:card\" content=\"summary_large_image\" \/>\n<meta name=\"twitter:label1\" content=\"Est. reading time\" \/>\n\t<meta name=\"twitter:data1\" content=\"1 minute\" \/>\n<script type=\"application\/ld+json\" class=\"yoast-schema-graph\">{\"@context\":\"https:\/\/schema.org\",\"@graph\":[{\"@type\":\"WebPage\",\"@id\":\"https:\/\/location.mazoyer.fr\/produit\/bobcat-t450\/\",\"url\":\"https:\/\/location.mazoyer.fr\/produit\/bobcat-t450\/\",\"name\":\"BOBCAT T450 - Mazoyer Location\",\"isPartOf\":{\"@id\":\"https:\/\/location.mazoyer.fr\/#website\"},\"primaryImageOfPage\":{\"@id\":\"https:\/\/location.mazoyer.fr\/produit\/bobcat-t450\/#primaryimage\"},\"image\":{\"@id\":\"https:\/\/location.mazoyer.fr\/produit\/bobcat-t450\/#primaryimage\"},\"thumbnailUrl\":\"https:\/\/location.mazoyer.fr\/wp-content\/uploads\/2024\/09\/Location-site-internet-1-2.png-2.png\",\"datePublished\":\"2024-09-26T13:47:57+00:00\",\"dateModified\":\"2024-10-11T06:53:14+00:00\",\"breadcrumb\":{\"@id\":\"https:\/\/location.mazoyer.fr\/produit\/bobcat-t450\/#breadcrumb\"},\"inLanguage\":\"en-US\",\"potentialAction\":[{\"@type\":\"ReadAction\",\"target\":[\"https:\/\/location.mazoyer.fr\/produit\/bobcat-t450\/\"]}]},{\"@type\":\"ImageObject\",\"inLanguage\":\"en-US\",\"@id\":\"https:\/\/location.mazoyer.fr\/produit\/bobcat-t450\/#primaryimage\",\"url\":\"https:\/\/location.mazoyer.fr\/wp-content\/uploads\/2024\/09\/Location-site-internet-1-2.png-2.png\",\"contentUrl\":\"https:\/\/location.mazoyer.fr\/wp-content\/uploads\/2024\/09\/Location-site-internet-1-2.png-2.png\",\"width\":4608,\"height\":3456},{\"@type\":\"BreadcrumbList\",\"@id\":\"https:\/\/location.mazoyer.fr\/produit\/bobcat-t450\/#breadcrumb\",\"itemListElement\":[{\"@type\":\"ListItem\",\"position\":1,\"name\":\"Accueil\",\"item\":\"https:\/\/location.mazoyer.fr\/\"},{\"@type\":\"ListItem\",\"position\":2,\"name\":\"Produits\",\"item\":\"https:\/\/location.mazoyer.fr\/shop\/\"},{\"@type\":\"ListItem\",\"position\":3,\"name\":\"BOBCAT T450\"}]},{\"@type\":\"WebSite\",\"@id\":\"https:\/\/location.mazoyer.fr\/#website\",\"url\":\"https:\/\/location.mazoyer.fr\/\",\"name\":\"Mazoyer Location\",\"description\":\"Mat\u00e9riel BTP \u2013 Manutention- Mobilier de Bureau Neuf &amp; Occasion \u2013 Stockage \u2013 Services \u2013 Location courte dur\u00e9e\",\"potentialAction\":[{\"@type\":\"SearchAction\",\"target\":{\"@type\":\"EntryPoint\",\"urlTemplate\":\"https:\/\/location.mazoyer.fr\/?s={search_term_string}\"},\"query-input\":\"required name=search_term_string\"}],\"inLanguage\":\"en-US\"}]}<\/script>\n<!-- \/ Yoast SEO plugin. -->","yoast_head_json":{"title":"BOBCAT T450 - Mazoyer Location","robots":{"index":"noindex","follow":"follow","max-snippet":"max-snippet:-1","max-image-preview":"max-image-preview:large","max-video-preview":"max-video-preview:-1"},"og_locale":"en_US","og_type":"article","og_title":"BOBCAT T450 - Mazoyer Location","og_description":"Caract\u00e9ristiques Techniques : Poids en ordre de marche : 2 961 kg Puissance moteur : 41 kW Type de moteur : Diesel, 4 cylindres Capacit\u00e9 de charge nominale : 717 kg Hauteur de levage : 2 800 mm Largeur avec chenilles de 300 mm : 1 397 mm Longueur sans accessoire : 2 800 mm Vitesse maximale : 14.40 km\/h \u00c9quipements et Accessoires : Direction et vitesse command\u00e9es par deux leviers ou manipulateurs en option P\u00e9dales s\u00e9par\u00e9es, ou commandes ACS (Advanced Control System) ou commandes aux manipulateurs commutables (SJC) en option Contacteur \u00e9lectrique sur le levier de direction droit Godet Godet 4 en 1 Fourches \u00e0 palettes Balayeuse \u00e0 godet collecteur Avantages : Compacte et agile : Id\u00e9ale pour les chantiers urbains et les espaces confin\u00e9s. Facilit\u00e9 d&rsquo;utilisation : Contr\u00f4les intuitifs pour une prise en main rapide. Robustesse : Con\u00e7ue pour r\u00e9sister aux conditions de travail les plus exigeantes. Applications : Travaux de construction Am\u00e9nagement paysager D\u00e9molition l\u00e9g\u00e8re Excavation et terrassement","og_url":"https:\/\/location.mazoyer.fr\/en\/product\/bobcat-t450\/","og_site_name":"Mazoyer Location","article_modified_time":"2024-10-11T06:53:14+00:00","og_image":[{"width":1024,"height":768,"url":"https:\/\/location.mazoyer.fr\/wp-content\/uploads\/2024\/09\/Location-site-internet-1-2.png-2-1024x768.png","type":"image\/png"}],"twitter_card":"summary_large_image","twitter_misc":{"Est. reading time":"1 minute"},"schema":{"@context":"https:\/\/schema.org","@graph":[{"@type":"WebPage","@id":"https:\/\/location.mazoyer.fr\/produit\/bobcat-t450\/","url":"https:\/\/location.mazoyer.fr\/produit\/bobcat-t450\/","name":"BOBCAT T450 - Mazoyer Location","isPartOf":{"@id":"https:\/\/location.mazoyer.fr\/#website"},"primaryImageOfPage":{"@id":"https:\/\/location.mazoyer.fr\/produit\/bobcat-t450\/#primaryimage"},"image":{"@id":"https:\/\/location.mazoyer.fr\/produit\/bobcat-t450\/#primaryimage"},"thumbnailUrl":"https:\/\/location.mazoyer.fr\/wp-content\/uploads\/2024\/09\/Location-site-internet-1-2.png-2.png","datePublished":"2024-09-26T13:47:57+00:00","dateModified":"2024-10-11T06:53:14+00:00","breadcrumb":{"@id":"https:\/\/location.mazoyer.fr\/produit\/bobcat-t450\/#breadcrumb"},"inLanguage":"en-US","potentialAction":[{"@type":"ReadAction","target":["https:\/\/location.mazoyer.fr\/produit\/bobcat-t450\/"]}]},{"@type":"ImageObject","inLanguage":"en-US","@id":"https:\/\/location.mazoyer.fr\/produit\/bobcat-t450\/#primaryimage","url":"https:\/\/location.mazoyer.fr\/wp-content\/uploads\/2024\/09\/Location-site-internet-1-2.png-2.png","contentUrl":"https:\/\/location.mazoyer.fr\/wp-content\/uploads\/2024\/09\/Location-site-internet-1-2.png-2.png","width":4608,"height":3456},{"@type":"BreadcrumbList","@id":"https:\/\/location.mazoyer.fr\/produit\/bobcat-t450\/#breadcrumb","itemListElement":[{"@type":"ListItem","position":1,"name":"Accueil","item":"https:\/\/location.mazoyer.fr\/"},{"@type":"ListItem","position":2,"name":"Produits","item":"https:\/\/location.mazoyer.fr\/shop\/"},{"@type":"ListItem","position":3,"name":"BOBCAT T450"}]},{"@type":"WebSite","@id":"https:\/\/location.mazoyer.fr\/#website","url":"https:\/\/location.mazoyer.fr\/","name":"Mazoyer Location","description":"Mat\u00e9riel BTP \u2013 Manutention- Mobilier de Bureau Neuf &amp; Occasion \u2013 Stockage \u2013 Services \u2013 Location courte dur\u00e9e","potentialAction":[{"@type":"SearchAction","target":{"@type":"EntryPoint","urlTemplate":"https:\/\/location.mazoyer.fr\/?s={search_term_string}"},"query-input":"required name=search_term_string"}],"inLanguage":"en-US"}]}},"_links":{"self":[{"href":"https:\/\/location.mazoyer.fr\/en\/wp-json\/wp\/v2\/product\/6162","targetHints":{"allow":["GET"]}}],"collection":[{"href":"https:\/\/location.mazoyer.fr\/en\/wp-json\/wp\/v2\/product"}],"about":[{"href":"https:\/\/location.mazoyer.fr\/en\/wp-json\/wp\/v2\/types\/product"}],"replies":[{"embeddable":true,"href":"https:\/\/location.mazoyer.fr\/en\/wp-json\/wp\/v2\/comments?post=6162"}],"version-history":[{"count":1,"href":"https:\/\/location.mazoyer.fr\/en\/wp-json\/wp\/v2\/product\/6162\/revisions"}],"predecessor-version":[{"id":6165,"href":"https:\/\/location.mazoyer.fr\/en\/wp-json\/wp\/v2\/product\/6162\/revisions\/6165"}],"wp:featuredmedia":[{"embeddable":true,"href":"https:\/\/location.mazoyer.fr\/en\/wp-json\/wp\/v2\/media\/6169"}],"wp:attachment":[{"href":"https:\/\/location.mazoyer.fr\/en\/wp-json\/wp\/v2\/media?parent=6162"}],"wp:term":[{"taxonomy":"product_cat","embeddable":true,"href":"https:\/\/location.mazoyer.fr\/en\/wp-json\/wp\/v2\/product_cat?post=6162"},{"taxonomy":"product_tag","embeddable":true,"href":"https:\/\/location.mazoyer.fr\/en\/wp-json\/wp\/v2\/product_tag?post=6162"}],"curies":[{"name":"wp","href":"https:\/\/api.w.org\/{rel}","templated":true}]}}