{"id":6170,"date":"2024-09-27T09:37:40","date_gmt":"2024-09-27T07:37:40","guid":{"rendered":"https:\/\/location.mazoyer.fr\/?post_type=product&#038;p=6170"},"modified":"2024-10-11T14:08:47","modified_gmt":"2024-10-11T12:08:47","slug":"sany-sy80u","status":"publish","type":"product","link":"https:\/\/location.mazoyer.fr\/en\/product\/sany-sy80u\/","title":{"rendered":"SANY SY80U"},"content":{"rendered":"<p style=\"font-weight: 400;\"><strong>Type :<\/strong> Pelle hydraulique compacte<\/p>\n<p style=\"font-weight: 400;\"><strong>Caract\u00e9ristiques Principales :<\/strong><\/p>\n<ul style=\"font-weight: 400;\">\n<li>Poids d&rsquo;exploitation : 2,760 tonnes<\/li>\n<li>Capacit\u00e9 du godet : 0,06 m\u00b3<\/li>\n<li>Profondeur de creusage : 2.820 m<\/li>\n<li>Hauteur de d\u00e9versement : 3,2 m<\/li>\n<li>Moteur : Yanmar, 18,2 kW (24,5 ch)<\/li>\n<\/ul>\n<p style=\"font-weight: 400;\"><strong>Fonctionnalit\u00e9s :<\/strong><\/p>\n<ul style=\"font-weight: 400;\">\n<li>Compacit\u00e9 : Design compact pour une maniabilit\u00e9 optimale dans les espaces r\u00e9duits.<\/li>\n<li>Confort d&rsquo;utilisation : Cabine ergonomique avec visibilit\u00e9 panoramique et commandes intuitives.<\/li>\n<li>Efficacit\u00e9 \u00e9nerg\u00e9tique : Moteur \u00e9conomique avec faible consommation de carburant.<\/li>\n<li>Durabilit\u00e9 : Construction robuste pour une utilisation dans des conditions difficiles.<\/li>\n<\/ul>\n<p style=\"font-weight: 400;\"><strong>Applications :<\/strong><\/p>\n<ul style=\"font-weight: 400;\">\n<li>Id\u00e9ale pour les travaux de terrassement, les am\u00e9nagements paysagers, et les projets de construction l\u00e9gers.<\/li>\n<\/ul>\n<p style=\"font-weight: 400;\"><strong>Accessoires :<\/strong><\/p>\n<ul style=\"font-weight: 400;\">\n<li>3 godets\u00a0: 25 \u2013 50 \u2013 120 mm<\/li>\n<li>BRH<\/li>\n<\/ul>","protected":false},"excerpt":{"rendered":"<p>Type : Pelle hydraulique compacte Caract\u00e9ristiques Principales : Poids d&rsquo;exploitation : 2,760 tonnes Capacit\u00e9 du godet : 0,06 m\u00b3 Profondeur de creusage : 2.820 m Hauteur de d\u00e9versement : 3,2 m Moteur : Yanmar, 18,2 kW (24,5 ch) Fonctionnalit\u00e9s : Compacit\u00e9 : Design compact pour une maniabilit\u00e9 optimale dans les espaces r\u00e9duits. Confort d&rsquo;utilisation : Cabine ergonomique avec visibilit\u00e9 panoramique et commandes intuitives. Efficacit\u00e9 \u00e9nerg\u00e9tique : Moteur \u00e9conomique avec faible consommation de carburant. Durabilit\u00e9 : Construction robuste pour une utilisation dans des conditions difficiles. Applications : Id\u00e9ale pour les travaux de terrassement, les am\u00e9nagements paysagers, et les projets de construction l\u00e9gers. Accessoires : 3 godets\u00a0: 25 \u2013 50 \u2013 120 mm BRH<\/p>","protected":false},"featured_media":6177,"comment_status":"open","ping_status":"closed","template":"","meta":{"_acf_changed":false},"product_cat":[86],"product_tag":[],"class_list":{"0":"post-6170","1":"product","2":"type-product","3":"status-publish","4":"has-post-thumbnail","6":"product_cat-pelle","8":"first","9":"instock","10":"shipping-taxable","11":"product-type-simple"},"acf":[],"yoast_head":"<!-- This site is optimized with the Yoast SEO plugin v23.1 - https:\/\/yoast.com\/wordpress\/plugins\/seo\/ -->\n<title>SANY SY80U - Mazoyer Location<\/title>\n<meta name=\"robots\" content=\"noindex, follow, max-snippet:-1, max-image-preview:large, max-video-preview:-1\" \/>\n<meta property=\"og:locale\" content=\"en_US\" \/>\n<meta property=\"og:type\" content=\"article\" \/>\n<meta property=\"og:title\" content=\"SANY SY80U - Mazoyer Location\" \/>\n<meta property=\"og:description\" content=\"Type : Pelle hydraulique compacte Caract\u00e9ristiques Principales : Poids d&rsquo;exploitation : 2,760 tonnes Capacit\u00e9 du godet : 0,06 m\u00b3 Profondeur de creusage : 2.820 m Hauteur de d\u00e9versement : 3,2 m Moteur : Yanmar, 18,2 kW (24,5 ch) Fonctionnalit\u00e9s : Compacit\u00e9 : Design compact pour une maniabilit\u00e9 optimale dans les espaces r\u00e9duits. Confort d&rsquo;utilisation : Cabine ergonomique avec visibilit\u00e9 panoramique et commandes intuitives. Efficacit\u00e9 \u00e9nerg\u00e9tique : Moteur \u00e9conomique avec faible consommation de carburant. Durabilit\u00e9 : Construction robuste pour une utilisation dans des conditions difficiles. Applications : Id\u00e9ale pour les travaux de terrassement, les am\u00e9nagements paysagers, et les projets de construction l\u00e9gers. Accessoires : 3 godets\u00a0: 25 \u2013 50 \u2013 120 mm BRH\" \/>\n<meta property=\"og:url\" content=\"https:\/\/location.mazoyer.fr\/en\/product\/sany-sy80u\/\" \/>\n<meta property=\"og:site_name\" content=\"Mazoyer Location\" \/>\n<meta property=\"article:modified_time\" content=\"2024-10-11T12:08:47+00:00\" \/>\n<meta property=\"og:image\" content=\"https:\/\/location.mazoyer.fr\/wp-content\/uploads\/2024\/09\/Location-site-internet-1-5.png-5-e1728648471986-686x1024.png\" \/>\n\t<meta property=\"og:image:width\" content=\"686\" \/>\n\t<meta property=\"og:image:height\" content=\"1024\" \/>\n\t<meta property=\"og:image:type\" content=\"image\/png\" \/>\n<meta name=\"twitter:card\" content=\"summary_large_image\" \/>\n<meta name=\"twitter:label1\" content=\"Est. reading time\" \/>\n\t<meta name=\"twitter:data1\" content=\"1 minute\" \/>\n<script type=\"application\/ld+json\" class=\"yoast-schema-graph\">{\"@context\":\"https:\/\/schema.org\",\"@graph\":[{\"@type\":\"WebPage\",\"@id\":\"https:\/\/location.mazoyer.fr\/produit\/sany-sy80u\/\",\"url\":\"https:\/\/location.mazoyer.fr\/produit\/sany-sy80u\/\",\"name\":\"SANY SY80U - Mazoyer Location\",\"isPartOf\":{\"@id\":\"https:\/\/location.mazoyer.fr\/#website\"},\"primaryImageOfPage\":{\"@id\":\"https:\/\/location.mazoyer.fr\/produit\/sany-sy80u\/#primaryimage\"},\"image\":{\"@id\":\"https:\/\/location.mazoyer.fr\/produit\/sany-sy80u\/#primaryimage\"},\"thumbnailUrl\":\"https:\/\/location.mazoyer.fr\/wp-content\/uploads\/2024\/09\/Location-site-internet-1-5.png-5-e1728648471986.png\",\"datePublished\":\"2024-09-27T07:37:40+00:00\",\"dateModified\":\"2024-10-11T12:08:47+00:00\",\"breadcrumb\":{\"@id\":\"https:\/\/location.mazoyer.fr\/produit\/sany-sy80u\/#breadcrumb\"},\"inLanguage\":\"en-US\",\"potentialAction\":[{\"@type\":\"ReadAction\",\"target\":[\"https:\/\/location.mazoyer.fr\/produit\/sany-sy80u\/\"]}]},{\"@type\":\"ImageObject\",\"inLanguage\":\"en-US\",\"@id\":\"https:\/\/location.mazoyer.fr\/produit\/sany-sy80u\/#primaryimage\",\"url\":\"https:\/\/location.mazoyer.fr\/wp-content\/uploads\/2024\/09\/Location-site-internet-1-5.png-5-e1728648471986.png\",\"contentUrl\":\"https:\/\/location.mazoyer.fr\/wp-content\/uploads\/2024\/09\/Location-site-internet-1-5.png-5-e1728648471986.png\",\"width\":2315,\"height\":3456},{\"@type\":\"BreadcrumbList\",\"@id\":\"https:\/\/location.mazoyer.fr\/produit\/sany-sy80u\/#breadcrumb\",\"itemListElement\":[{\"@type\":\"ListItem\",\"position\":1,\"name\":\"Accueil\",\"item\":\"https:\/\/location.mazoyer.fr\/\"},{\"@type\":\"ListItem\",\"position\":2,\"name\":\"Produits\",\"item\":\"https:\/\/location.mazoyer.fr\/shop\/\"},{\"@type\":\"ListItem\",\"position\":3,\"name\":\"SANY SY80U\"}]},{\"@type\":\"WebSite\",\"@id\":\"https:\/\/location.mazoyer.fr\/#website\",\"url\":\"https:\/\/location.mazoyer.fr\/\",\"name\":\"Mazoyer Location\",\"description\":\"Mat\u00e9riel BTP \u2013 Manutention- Mobilier de Bureau Neuf &amp; Occasion \u2013 Stockage \u2013 Services \u2013 Location courte dur\u00e9e\",\"potentialAction\":[{\"@type\":\"SearchAction\",\"target\":{\"@type\":\"EntryPoint\",\"urlTemplate\":\"https:\/\/location.mazoyer.fr\/?s={search_term_string}\"},\"query-input\":\"required name=search_term_string\"}],\"inLanguage\":\"en-US\"}]}<\/script>\n<!-- \/ Yoast SEO plugin. -->","yoast_head_json":{"title":"SANY SY80U - Mazoyer Location","robots":{"index":"noindex","follow":"follow","max-snippet":"max-snippet:-1","max-image-preview":"max-image-preview:large","max-video-preview":"max-video-preview:-1"},"og_locale":"en_US","og_type":"article","og_title":"SANY SY80U - Mazoyer Location","og_description":"Type : Pelle hydraulique compacte Caract\u00e9ristiques Principales : Poids d&rsquo;exploitation : 2,760 tonnes Capacit\u00e9 du godet : 0,06 m\u00b3 Profondeur de creusage : 2.820 m Hauteur de d\u00e9versement : 3,2 m Moteur : Yanmar, 18,2 kW (24,5 ch) Fonctionnalit\u00e9s : Compacit\u00e9 : Design compact pour une maniabilit\u00e9 optimale dans les espaces r\u00e9duits. Confort d&rsquo;utilisation : Cabine ergonomique avec visibilit\u00e9 panoramique et commandes intuitives. Efficacit\u00e9 \u00e9nerg\u00e9tique : Moteur \u00e9conomique avec faible consommation de carburant. Durabilit\u00e9 : Construction robuste pour une utilisation dans des conditions difficiles. Applications : Id\u00e9ale pour les travaux de terrassement, les am\u00e9nagements paysagers, et les projets de construction l\u00e9gers. Accessoires : 3 godets\u00a0: 25 \u2013 50 \u2013 120 mm BRH","og_url":"https:\/\/location.mazoyer.fr\/en\/product\/sany-sy80u\/","og_site_name":"Mazoyer Location","article_modified_time":"2024-10-11T12:08:47+00:00","og_image":[{"width":686,"height":1024,"url":"https:\/\/location.mazoyer.fr\/wp-content\/uploads\/2024\/09\/Location-site-internet-1-5.png-5-e1728648471986-686x1024.png","type":"image\/png"}],"twitter_card":"summary_large_image","twitter_misc":{"Est. reading time":"1 minute"},"schema":{"@context":"https:\/\/schema.org","@graph":[{"@type":"WebPage","@id":"https:\/\/location.mazoyer.fr\/produit\/sany-sy80u\/","url":"https:\/\/location.mazoyer.fr\/produit\/sany-sy80u\/","name":"SANY SY80U - Mazoyer Location","isPartOf":{"@id":"https:\/\/location.mazoyer.fr\/#website"},"primaryImageOfPage":{"@id":"https:\/\/location.mazoyer.fr\/produit\/sany-sy80u\/#primaryimage"},"image":{"@id":"https:\/\/location.mazoyer.fr\/produit\/sany-sy80u\/#primaryimage"},"thumbnailUrl":"https:\/\/location.mazoyer.fr\/wp-content\/uploads\/2024\/09\/Location-site-internet-1-5.png-5-e1728648471986.png","datePublished":"2024-09-27T07:37:40+00:00","dateModified":"2024-10-11T12:08:47+00:00","breadcrumb":{"@id":"https:\/\/location.mazoyer.fr\/produit\/sany-sy80u\/#breadcrumb"},"inLanguage":"en-US","potentialAction":[{"@type":"ReadAction","target":["https:\/\/location.mazoyer.fr\/produit\/sany-sy80u\/"]}]},{"@type":"ImageObject","inLanguage":"en-US","@id":"https:\/\/location.mazoyer.fr\/produit\/sany-sy80u\/#primaryimage","url":"https:\/\/location.mazoyer.fr\/wp-content\/uploads\/2024\/09\/Location-site-internet-1-5.png-5-e1728648471986.png","contentUrl":"https:\/\/location.mazoyer.fr\/wp-content\/uploads\/2024\/09\/Location-site-internet-1-5.png-5-e1728648471986.png","width":2315,"height":3456},{"@type":"BreadcrumbList","@id":"https:\/\/location.mazoyer.fr\/produit\/sany-sy80u\/#breadcrumb","itemListElement":[{"@type":"ListItem","position":1,"name":"Accueil","item":"https:\/\/location.mazoyer.fr\/"},{"@type":"ListItem","position":2,"name":"Produits","item":"https:\/\/location.mazoyer.fr\/shop\/"},{"@type":"ListItem","position":3,"name":"SANY SY80U"}]},{"@type":"WebSite","@id":"https:\/\/location.mazoyer.fr\/#website","url":"https:\/\/location.mazoyer.fr\/","name":"Mazoyer Location","description":"Mat\u00e9riel BTP \u2013 Manutention- Mobilier de Bureau Neuf &amp; Occasion \u2013 Stockage \u2013 Services \u2013 Location courte dur\u00e9e","potentialAction":[{"@type":"SearchAction","target":{"@type":"EntryPoint","urlTemplate":"https:\/\/location.mazoyer.fr\/?s={search_term_string}"},"query-input":"required name=search_term_string"}],"inLanguage":"en-US"}]}},"_links":{"self":[{"href":"https:\/\/location.mazoyer.fr\/en\/wp-json\/wp\/v2\/product\/6170","targetHints":{"allow":["GET"]}}],"collection":[{"href":"https:\/\/location.mazoyer.fr\/en\/wp-json\/wp\/v2\/product"}],"about":[{"href":"https:\/\/location.mazoyer.fr\/en\/wp-json\/wp\/v2\/types\/product"}],"replies":[{"embeddable":true,"href":"https:\/\/location.mazoyer.fr\/en\/wp-json\/wp\/v2\/comments?post=6170"}],"version-history":[{"count":1,"href":"https:\/\/location.mazoyer.fr\/en\/wp-json\/wp\/v2\/product\/6170\/revisions"}],"predecessor-version":[{"id":6175,"href":"https:\/\/location.mazoyer.fr\/en\/wp-json\/wp\/v2\/product\/6170\/revisions\/6175"}],"wp:featuredmedia":[{"embeddable":true,"href":"https:\/\/location.mazoyer.fr\/en\/wp-json\/wp\/v2\/media\/6177"}],"wp:attachment":[{"href":"https:\/\/location.mazoyer.fr\/en\/wp-json\/wp\/v2\/media?parent=6170"}],"wp:term":[{"taxonomy":"product_cat","embeddable":true,"href":"https:\/\/location.mazoyer.fr\/en\/wp-json\/wp\/v2\/product_cat?post=6170"},{"taxonomy":"product_tag","embeddable":true,"href":"https:\/\/location.mazoyer.fr\/en\/wp-json\/wp\/v2\/product_tag?post=6170"}],"curies":[{"name":"wp","href":"https:\/\/api.w.org\/{rel}","templated":true}]}}