{"id":6178,"date":"2024-09-27T14:16:35","date_gmt":"2024-09-27T12:16:35","guid":{"rendered":"https:\/\/location.mazoyer.fr\/?post_type=product&#038;p=6178"},"modified":"2024-10-11T14:01:28","modified_gmt":"2024-10-11T12:01:28","slug":"bobcat-tr50-210","status":"publish","type":"product","link":"https:\/\/location.mazoyer.fr\/en\/product\/bobcat-tr50-210\/","title":{"rendered":"BOBCAT TR50-210"},"content":{"rendered":"<p style=\"font-weight: 400;\">Type : T\u00e9l\u00e9scopique rotati<\/p>\n<p style=\"font-weight: 400;\"><strong>Caract\u00e9ristiques Principales :<\/strong><\/p>\n<ul style=\"font-weight: 400;\">\n<li>Capacit\u00e9 de levage : 5 T<\/li>\n<li>Hauteur de lev\u00e9e maximale : 21 m<\/li>\n<li>Rayon de braquage : 3,82 m<\/li>\n<li>Moteur : Diesel 4 cylindres, 100 kW<\/li>\n<li>Poids : 15 T 900<\/li>\n<\/ul>\n<p style=\"font-weight: 400;\"><strong>Fonctionnalit\u00e9s :<\/strong><\/p>\n<ul style=\"font-weight: 400;\">\n<li>Rotation \u00e0 360\u00b0 : Permet des man\u0153uvres pr\u00e9cises et un acc\u00e8s \u00e0 des zones difficiles.<\/li>\n<li>Commandes ergonomiques : Interface intuitive pour une utilisation facile et confortable.<\/li>\n<li>Stabilit\u00e9 accrue : Syst\u00e8me de stabilisateurs pour une meilleure s\u00e9curit\u00e9 et performance.<\/li>\n<li>Visibilit\u00e9 optimis\u00e9e : Cabine avec une large vitre avant pour une meilleure visibilit\u00e9.<\/li>\n<\/ul>\n<p style=\"font-weight: 400;\"><strong>Applications :<\/strong><\/p>\n<ul style=\"font-weight: 400;\">\n<li>Id\u00e9al pour le secteur de la construction, l&rsquo;am\u00e9nagement paysager, et la manutention de mat\u00e9riaux dans des espaces confin\u00e9s.<\/li>\n<\/ul>\n<p style=\"font-weight: 400;\"><strong>Accessoires disponibles :<\/strong><\/p>\n<ul style=\"font-weight: 400;\">\n<li>Godet<\/li>\n<li>Fourches<\/li>\n<li>Potence 2T<\/li>\n<li>Treuil 6T<\/li>\n<\/ul>\n<p>&nbsp;<\/p>","protected":false},"excerpt":{"rendered":"<p>Type : T\u00e9l\u00e9scopique rotati Caract\u00e9ristiques Principales : Capacit\u00e9 de levage : 5 T Hauteur de lev\u00e9e maximale : 21 m Rayon de braquage : 3,82 m Moteur : Diesel 4 cylindres, 100 kW Poids : 15 T 900 Fonctionnalit\u00e9s : Rotation \u00e0 360\u00b0 : Permet des man\u0153uvres pr\u00e9cises et un acc\u00e8s \u00e0 des zones difficiles. Commandes ergonomiques : Interface intuitive pour une utilisation facile et confortable. Stabilit\u00e9 accrue : Syst\u00e8me de stabilisateurs pour une meilleure s\u00e9curit\u00e9 et performance. Visibilit\u00e9 optimis\u00e9e : Cabine avec une large vitre avant pour une meilleure visibilit\u00e9. Applications : Id\u00e9al pour le secteur de la construction, l&rsquo;am\u00e9nagement paysager, et la manutention de mat\u00e9riaux dans des espaces confin\u00e9s. Accessoires disponibles : Godet Fourches Potence 2T Treuil 6T &nbsp;<\/p>","protected":false},"featured_media":6179,"comment_status":"open","ping_status":"closed","template":"","meta":{"_acf_changed":false},"product_cat":[88],"product_tag":[],"class_list":{"0":"post-6178","1":"product","2":"type-product","3":"status-publish","4":"has-post-thumbnail","6":"product_cat-chariot-telescopique","8":"first","9":"instock","10":"shipping-taxable","11":"product-type-simple"},"acf":[],"yoast_head":"<!-- This site is optimized with the Yoast SEO plugin v23.1 - https:\/\/yoast.com\/wordpress\/plugins\/seo\/ -->\n<title>BOBCAT TR50-210 - Mazoyer Location<\/title>\n<meta name=\"robots\" content=\"noindex, follow, max-snippet:-1, max-image-preview:large, max-video-preview:-1\" \/>\n<meta property=\"og:locale\" content=\"en_US\" \/>\n<meta property=\"og:type\" content=\"article\" \/>\n<meta property=\"og:title\" content=\"BOBCAT TR50-210 - Mazoyer Location\" \/>\n<meta property=\"og:description\" content=\"Type : T\u00e9l\u00e9scopique rotati Caract\u00e9ristiques Principales : Capacit\u00e9 de levage : 5 T Hauteur de lev\u00e9e maximale : 21 m Rayon de braquage : 3,82 m Moteur : Diesel 4 cylindres, 100 kW Poids : 15 T 900 Fonctionnalit\u00e9s : Rotation \u00e0 360\u00b0 : Permet des man\u0153uvres pr\u00e9cises et un acc\u00e8s \u00e0 des zones difficiles. Commandes ergonomiques : Interface intuitive pour une utilisation facile et confortable. Stabilit\u00e9 accrue : Syst\u00e8me de stabilisateurs pour une meilleure s\u00e9curit\u00e9 et performance. Visibilit\u00e9 optimis\u00e9e : Cabine avec une large vitre avant pour une meilleure visibilit\u00e9. Applications : Id\u00e9al pour le secteur de la construction, l&rsquo;am\u00e9nagement paysager, et la manutention de mat\u00e9riaux dans des espaces confin\u00e9s. Accessoires disponibles : Godet Fourches Potence 2T Treuil 6T &nbsp;\" \/>\n<meta property=\"og:url\" content=\"https:\/\/location.mazoyer.fr\/en\/product\/bobcat-tr50-210\/\" \/>\n<meta property=\"og:site_name\" content=\"Mazoyer Location\" \/>\n<meta property=\"article:modified_time\" content=\"2024-10-11T12:01:28+00:00\" \/>\n<meta property=\"og:image\" content=\"https:\/\/location.mazoyer.fr\/wp-content\/uploads\/2024\/09\/Location-site-internet-1-6.png-6-e1728647996208-867x1024.png\" \/>\n\t<meta property=\"og:image:width\" content=\"867\" \/>\n\t<meta property=\"og:image:height\" content=\"1024\" \/>\n\t<meta property=\"og:image:type\" content=\"image\/png\" \/>\n<meta name=\"twitter:card\" content=\"summary_large_image\" \/>\n<meta name=\"twitter:label1\" content=\"Est. reading time\" \/>\n\t<meta name=\"twitter:data1\" content=\"1 minute\" \/>\n<script type=\"application\/ld+json\" class=\"yoast-schema-graph\">{\"@context\":\"https:\/\/schema.org\",\"@graph\":[{\"@type\":\"WebPage\",\"@id\":\"https:\/\/location.mazoyer.fr\/produit\/bobcat-tr50-210\/\",\"url\":\"https:\/\/location.mazoyer.fr\/produit\/bobcat-tr50-210\/\",\"name\":\"BOBCAT TR50-210 - Mazoyer Location\",\"isPartOf\":{\"@id\":\"https:\/\/location.mazoyer.fr\/#website\"},\"primaryImageOfPage\":{\"@id\":\"https:\/\/location.mazoyer.fr\/produit\/bobcat-tr50-210\/#primaryimage\"},\"image\":{\"@id\":\"https:\/\/location.mazoyer.fr\/produit\/bobcat-tr50-210\/#primaryimage\"},\"thumbnailUrl\":\"https:\/\/location.mazoyer.fr\/wp-content\/uploads\/2024\/09\/Location-site-internet-1-6.png-6-e1728647996208.png\",\"datePublished\":\"2024-09-27T12:16:35+00:00\",\"dateModified\":\"2024-10-11T12:01:28+00:00\",\"breadcrumb\":{\"@id\":\"https:\/\/location.mazoyer.fr\/produit\/bobcat-tr50-210\/#breadcrumb\"},\"inLanguage\":\"en-US\",\"potentialAction\":[{\"@type\":\"ReadAction\",\"target\":[\"https:\/\/location.mazoyer.fr\/produit\/bobcat-tr50-210\/\"]}]},{\"@type\":\"ImageObject\",\"inLanguage\":\"en-US\",\"@id\":\"https:\/\/location.mazoyer.fr\/produit\/bobcat-tr50-210\/#primaryimage\",\"url\":\"https:\/\/location.mazoyer.fr\/wp-content\/uploads\/2024\/09\/Location-site-internet-1-6.png-6-e1728647996208.png\",\"contentUrl\":\"https:\/\/location.mazoyer.fr\/wp-content\/uploads\/2024\/09\/Location-site-internet-1-6.png-6-e1728647996208.png\",\"width\":2926,\"height\":3456},{\"@type\":\"BreadcrumbList\",\"@id\":\"https:\/\/location.mazoyer.fr\/produit\/bobcat-tr50-210\/#breadcrumb\",\"itemListElement\":[{\"@type\":\"ListItem\",\"position\":1,\"name\":\"Accueil\",\"item\":\"https:\/\/location.mazoyer.fr\/\"},{\"@type\":\"ListItem\",\"position\":2,\"name\":\"Produits\",\"item\":\"https:\/\/location.mazoyer.fr\/shop\/\"},{\"@type\":\"ListItem\",\"position\":3,\"name\":\"BOBCAT TR50-210\"}]},{\"@type\":\"WebSite\",\"@id\":\"https:\/\/location.mazoyer.fr\/#website\",\"url\":\"https:\/\/location.mazoyer.fr\/\",\"name\":\"Mazoyer Location\",\"description\":\"Mat\u00e9riel BTP \u2013 Manutention- Mobilier de Bureau Neuf &amp; Occasion \u2013 Stockage \u2013 Services \u2013 Location courte dur\u00e9e\",\"potentialAction\":[{\"@type\":\"SearchAction\",\"target\":{\"@type\":\"EntryPoint\",\"urlTemplate\":\"https:\/\/location.mazoyer.fr\/?s={search_term_string}\"},\"query-input\":\"required name=search_term_string\"}],\"inLanguage\":\"en-US\"}]}<\/script>\n<!-- \/ Yoast SEO plugin. -->","yoast_head_json":{"title":"BOBCAT TR50-210 - Mazoyer Location","robots":{"index":"noindex","follow":"follow","max-snippet":"max-snippet:-1","max-image-preview":"max-image-preview:large","max-video-preview":"max-video-preview:-1"},"og_locale":"en_US","og_type":"article","og_title":"BOBCAT TR50-210 - Mazoyer Location","og_description":"Type : T\u00e9l\u00e9scopique rotati Caract\u00e9ristiques Principales : Capacit\u00e9 de levage : 5 T Hauteur de lev\u00e9e maximale : 21 m Rayon de braquage : 3,82 m Moteur : Diesel 4 cylindres, 100 kW Poids : 15 T 900 Fonctionnalit\u00e9s : Rotation \u00e0 360\u00b0 : Permet des man\u0153uvres pr\u00e9cises et un acc\u00e8s \u00e0 des zones difficiles. Commandes ergonomiques : Interface intuitive pour une utilisation facile et confortable. Stabilit\u00e9 accrue : Syst\u00e8me de stabilisateurs pour une meilleure s\u00e9curit\u00e9 et performance. Visibilit\u00e9 optimis\u00e9e : Cabine avec une large vitre avant pour une meilleure visibilit\u00e9. Applications : Id\u00e9al pour le secteur de la construction, l&rsquo;am\u00e9nagement paysager, et la manutention de mat\u00e9riaux dans des espaces confin\u00e9s. Accessoires disponibles : Godet Fourches Potence 2T Treuil 6T &nbsp;","og_url":"https:\/\/location.mazoyer.fr\/en\/product\/bobcat-tr50-210\/","og_site_name":"Mazoyer Location","article_modified_time":"2024-10-11T12:01:28+00:00","og_image":[{"width":867,"height":1024,"url":"https:\/\/location.mazoyer.fr\/wp-content\/uploads\/2024\/09\/Location-site-internet-1-6.png-6-e1728647996208-867x1024.png","type":"image\/png"}],"twitter_card":"summary_large_image","twitter_misc":{"Est. reading time":"1 minute"},"schema":{"@context":"https:\/\/schema.org","@graph":[{"@type":"WebPage","@id":"https:\/\/location.mazoyer.fr\/produit\/bobcat-tr50-210\/","url":"https:\/\/location.mazoyer.fr\/produit\/bobcat-tr50-210\/","name":"BOBCAT TR50-210 - Mazoyer Location","isPartOf":{"@id":"https:\/\/location.mazoyer.fr\/#website"},"primaryImageOfPage":{"@id":"https:\/\/location.mazoyer.fr\/produit\/bobcat-tr50-210\/#primaryimage"},"image":{"@id":"https:\/\/location.mazoyer.fr\/produit\/bobcat-tr50-210\/#primaryimage"},"thumbnailUrl":"https:\/\/location.mazoyer.fr\/wp-content\/uploads\/2024\/09\/Location-site-internet-1-6.png-6-e1728647996208.png","datePublished":"2024-09-27T12:16:35+00:00","dateModified":"2024-10-11T12:01:28+00:00","breadcrumb":{"@id":"https:\/\/location.mazoyer.fr\/produit\/bobcat-tr50-210\/#breadcrumb"},"inLanguage":"en-US","potentialAction":[{"@type":"ReadAction","target":["https:\/\/location.mazoyer.fr\/produit\/bobcat-tr50-210\/"]}]},{"@type":"ImageObject","inLanguage":"en-US","@id":"https:\/\/location.mazoyer.fr\/produit\/bobcat-tr50-210\/#primaryimage","url":"https:\/\/location.mazoyer.fr\/wp-content\/uploads\/2024\/09\/Location-site-internet-1-6.png-6-e1728647996208.png","contentUrl":"https:\/\/location.mazoyer.fr\/wp-content\/uploads\/2024\/09\/Location-site-internet-1-6.png-6-e1728647996208.png","width":2926,"height":3456},{"@type":"BreadcrumbList","@id":"https:\/\/location.mazoyer.fr\/produit\/bobcat-tr50-210\/#breadcrumb","itemListElement":[{"@type":"ListItem","position":1,"name":"Accueil","item":"https:\/\/location.mazoyer.fr\/"},{"@type":"ListItem","position":2,"name":"Produits","item":"https:\/\/location.mazoyer.fr\/shop\/"},{"@type":"ListItem","position":3,"name":"BOBCAT TR50-210"}]},{"@type":"WebSite","@id":"https:\/\/location.mazoyer.fr\/#website","url":"https:\/\/location.mazoyer.fr\/","name":"Mazoyer Location","description":"Mat\u00e9riel BTP \u2013 Manutention- Mobilier de Bureau Neuf &amp; Occasion \u2013 Stockage \u2013 Services \u2013 Location courte dur\u00e9e","potentialAction":[{"@type":"SearchAction","target":{"@type":"EntryPoint","urlTemplate":"https:\/\/location.mazoyer.fr\/?s={search_term_string}"},"query-input":"required name=search_term_string"}],"inLanguage":"en-US"}]}},"_links":{"self":[{"href":"https:\/\/location.mazoyer.fr\/en\/wp-json\/wp\/v2\/product\/6178","targetHints":{"allow":["GET"]}}],"collection":[{"href":"https:\/\/location.mazoyer.fr\/en\/wp-json\/wp\/v2\/product"}],"about":[{"href":"https:\/\/location.mazoyer.fr\/en\/wp-json\/wp\/v2\/types\/product"}],"replies":[{"embeddable":true,"href":"https:\/\/location.mazoyer.fr\/en\/wp-json\/wp\/v2\/comments?post=6178"}],"version-history":[{"count":2,"href":"https:\/\/location.mazoyer.fr\/en\/wp-json\/wp\/v2\/product\/6178\/revisions"}],"predecessor-version":[{"id":6206,"href":"https:\/\/location.mazoyer.fr\/en\/wp-json\/wp\/v2\/product\/6178\/revisions\/6206"}],"wp:featuredmedia":[{"embeddable":true,"href":"https:\/\/location.mazoyer.fr\/en\/wp-json\/wp\/v2\/media\/6179"}],"wp:attachment":[{"href":"https:\/\/location.mazoyer.fr\/en\/wp-json\/wp\/v2\/media?parent=6178"}],"wp:term":[{"taxonomy":"product_cat","embeddable":true,"href":"https:\/\/location.mazoyer.fr\/en\/wp-json\/wp\/v2\/product_cat?post=6178"},{"taxonomy":"product_tag","embeddable":true,"href":"https:\/\/location.mazoyer.fr\/en\/wp-json\/wp\/v2\/product_tag?post=6178"}],"curies":[{"name":"wp","href":"https:\/\/api.w.org\/{rel}","templated":true}]}}