{"id":6184,"date":"2024-09-27T14:28:29","date_gmt":"2024-09-27T12:28:29","guid":{"rendered":"https:\/\/location.mazoyer.fr\/?post_type=product&#038;p=6184"},"modified":"2024-10-18T10:21:32","modified_gmt":"2024-10-18T08:21:32","slug":"bobcat-e10z","status":"publish","type":"product","link":"https:\/\/location.mazoyer.fr\/en\/product\/bobcat-e10z\/","title":{"rendered":"BOBCAT E10Z"},"content":{"rendered":"<p style=\"font-weight: 400;\">Type : Mini-pelle compact<\/p>\n<p style=\"font-weight: 400;\"><strong>Caract\u00e9ristiques Techniques :<\/strong><\/p>\n<ul style=\"font-weight: 400;\">\n<li>Poids en ordre de marche : 1 176 kg<\/li>\n<li>Puissance moteur : 7.5 kW<\/li>\n<li>Type de moteur : Diesel, 3 cylindres<\/li>\n<li>Capacit\u00e9 de levage : 1 150 kg<\/li>\n<li>Profondeur de fouille : 1 800 mm<\/li>\n<li>Largeur : 710 mm (r\u00e9tractable \u00e0 870 mm)<\/li>\n<li>Longueur hors tout aux chenilles : 1 280 mm<\/li>\n<li>Rayon de rotation : Minimal, 1 121 mm, id\u00e9al pour les travaux en milieu urbain<\/li>\n<li>Hauteur repli\u00e9\u00a0: 1490 mm<\/li>\n<\/ul>\n<p style=\"font-weight: 400;\"><strong>\u00c9quipements et Accessoires :<\/strong><\/p>\n<ul style=\"font-weight: 400;\">\n<li>Syst\u00e8me hydraulique performant : Permet l&rsquo;utilisation de divers accessoires comme 3 godets\u00a0: 250 \u2013 450 \u2013 800 mm<\/li>\n<li>Tari\u00e8re<\/li>\n<li>Contr\u00f4les intuitifs : Pour une utilisation simple et efficace.<\/li>\n<\/ul>\n<p style=\"font-weight: 400;\"><strong>Avantages :<\/strong><\/p>\n<ul style=\"font-weight: 400;\">\n<li>Ultra-compacte : Acc\u00e8s facile aux chantiers restreints et zones urbaines.<\/li>\n<li>Maniabilit\u00e9 exceptionnelle : Facile \u00e0 man\u0153uvrer m\u00eame dans des espaces confin\u00e9s.<\/li>\n<li>Robustesse : Con\u00e7ue pour des performances fiables dans diverses conditions de travail.<\/li>\n<\/ul>\n<p style=\"font-weight: 400;\"><strong>Applications :<\/strong><\/p>\n<ul style=\"font-weight: 400;\">\n<li>Travaux de jardinage<\/li>\n<li>Am\u00e9nagement paysager<\/li>\n<li>Excavation l\u00e9g\u00e8re<\/li>\n<li>R\u00e9paration de r\u00e9seaux<\/li>\n<\/ul>\n<p>&nbsp;<\/p>","protected":false},"excerpt":{"rendered":"<p>Type : Mini-pelle compact Caract\u00e9ristiques Techniques : Poids en ordre de marche : 1 176 kg Puissance moteur : 7.5 kW Type de moteur : Diesel, 3 cylindres Capacit\u00e9 de levage : 1 150 kg Profondeur de fouille : 1 800 mm Largeur : 710 mm (r\u00e9tractable \u00e0 870 mm) Longueur hors tout aux chenilles : 1 280 mm Rayon de rotation : Minimal, 1 121 mm, id\u00e9al pour les travaux en milieu urbain Hauteur repli\u00e9\u00a0: 1490 mm \u00c9quipements et Accessoires : Syst\u00e8me hydraulique performant : Permet l&rsquo;utilisation de divers accessoires comme 3 godets\u00a0: 250 \u2013 450 \u2013 800 mm Tari\u00e8re Contr\u00f4les intuitifs : Pour une utilisation simple et efficace. Avantages : Ultra-compacte : Acc\u00e8s facile aux chantiers restreints et zones urbaines. Maniabilit\u00e9 exceptionnelle : Facile \u00e0 man\u0153uvrer m\u00eame dans des espaces confin\u00e9s. Robustesse : Con\u00e7ue pour des performances fiables dans diverses conditions de travail. Applications : Travaux de jardinage Am\u00e9nagement paysager Excavation l\u00e9g\u00e8re R\u00e9paration de r\u00e9seaux &nbsp;<\/p>","protected":false},"featured_media":6213,"comment_status":"open","ping_status":"closed","template":"","meta":{"_acf_changed":false},"product_cat":[90],"product_tag":[],"class_list":{"0":"post-6184","1":"product","2":"type-product","3":"status-publish","4":"has-post-thumbnail","6":"product_cat-mini-pelle","8":"first","9":"instock","10":"shipping-taxable","11":"product-type-simple"},"acf":[],"yoast_head":"<!-- This site is optimized with the Yoast SEO plugin v23.1 - https:\/\/yoast.com\/wordpress\/plugins\/seo\/ -->\n<title>BOBCAT E10Z - Mazoyer Location<\/title>\n<meta name=\"robots\" content=\"noindex, follow, max-snippet:-1, max-image-preview:large, max-video-preview:-1\" \/>\n<meta property=\"og:locale\" content=\"en_US\" \/>\n<meta property=\"og:type\" content=\"article\" \/>\n<meta property=\"og:title\" content=\"BOBCAT E10Z - Mazoyer Location\" \/>\n<meta property=\"og:description\" content=\"Type : Mini-pelle compact Caract\u00e9ristiques Techniques : Poids en ordre de marche : 1 176 kg Puissance moteur : 7.5 kW Type de moteur : Diesel, 3 cylindres Capacit\u00e9 de levage : 1 150 kg Profondeur de fouille : 1 800 mm Largeur : 710 mm (r\u00e9tractable \u00e0 870 mm) Longueur hors tout aux chenilles : 1 280 mm Rayon de rotation : Minimal, 1 121 mm, id\u00e9al pour les travaux en milieu urbain Hauteur repli\u00e9\u00a0: 1490 mm \u00c9quipements et Accessoires : Syst\u00e8me hydraulique performant : Permet l&rsquo;utilisation de divers accessoires comme 3 godets\u00a0: 250 \u2013 450 \u2013 800 mm Tari\u00e8re Contr\u00f4les intuitifs : Pour une utilisation simple et efficace. Avantages : Ultra-compacte : Acc\u00e8s facile aux chantiers restreints et zones urbaines. Maniabilit\u00e9 exceptionnelle : Facile \u00e0 man\u0153uvrer m\u00eame dans des espaces confin\u00e9s. Robustesse : Con\u00e7ue pour des performances fiables dans diverses conditions de travail. Applications : Travaux de jardinage Am\u00e9nagement paysager Excavation l\u00e9g\u00e8re R\u00e9paration de r\u00e9seaux &nbsp;\" \/>\n<meta property=\"og:url\" content=\"https:\/\/location.mazoyer.fr\/en\/product\/bobcat-e10z\/\" \/>\n<meta property=\"og:site_name\" content=\"Mazoyer Location\" \/>\n<meta property=\"article:modified_time\" content=\"2024-10-18T08:21:32+00:00\" \/>\n<meta property=\"og:image\" content=\"https:\/\/location.mazoyer.fr\/wp-content\/uploads\/2024\/09\/Location-site-internet-1-14.png-14-1024x768.png\" \/>\n\t<meta property=\"og:image:width\" content=\"1024\" \/>\n\t<meta property=\"og:image:height\" content=\"768\" \/>\n\t<meta property=\"og:image:type\" content=\"image\/png\" \/>\n<meta name=\"twitter:card\" content=\"summary_large_image\" \/>\n<meta name=\"twitter:label1\" content=\"Est. reading time\" \/>\n\t<meta name=\"twitter:data1\" content=\"1 minute\" \/>\n<script type=\"application\/ld+json\" class=\"yoast-schema-graph\">{\"@context\":\"https:\/\/schema.org\",\"@graph\":[{\"@type\":\"WebPage\",\"@id\":\"https:\/\/location.mazoyer.fr\/produit\/bobcat-e10z\/\",\"url\":\"https:\/\/location.mazoyer.fr\/produit\/bobcat-e10z\/\",\"name\":\"BOBCAT E10Z - Mazoyer Location\",\"isPartOf\":{\"@id\":\"https:\/\/location.mazoyer.fr\/#website\"},\"primaryImageOfPage\":{\"@id\":\"https:\/\/location.mazoyer.fr\/produit\/bobcat-e10z\/#primaryimage\"},\"image\":{\"@id\":\"https:\/\/location.mazoyer.fr\/produit\/bobcat-e10z\/#primaryimage\"},\"thumbnailUrl\":\"https:\/\/location.mazoyer.fr\/wp-content\/uploads\/2024\/09\/Location-site-internet-1-14.png-14.png\",\"datePublished\":\"2024-09-27T12:28:29+00:00\",\"dateModified\":\"2024-10-18T08:21:32+00:00\",\"breadcrumb\":{\"@id\":\"https:\/\/location.mazoyer.fr\/produit\/bobcat-e10z\/#breadcrumb\"},\"inLanguage\":\"en-US\",\"potentialAction\":[{\"@type\":\"ReadAction\",\"target\":[\"https:\/\/location.mazoyer.fr\/produit\/bobcat-e10z\/\"]}]},{\"@type\":\"ImageObject\",\"inLanguage\":\"en-US\",\"@id\":\"https:\/\/location.mazoyer.fr\/produit\/bobcat-e10z\/#primaryimage\",\"url\":\"https:\/\/location.mazoyer.fr\/wp-content\/uploads\/2024\/09\/Location-site-internet-1-14.png-14.png\",\"contentUrl\":\"https:\/\/location.mazoyer.fr\/wp-content\/uploads\/2024\/09\/Location-site-internet-1-14.png-14.png\",\"width\":4608,\"height\":3456},{\"@type\":\"BreadcrumbList\",\"@id\":\"https:\/\/location.mazoyer.fr\/produit\/bobcat-e10z\/#breadcrumb\",\"itemListElement\":[{\"@type\":\"ListItem\",\"position\":1,\"name\":\"Accueil\",\"item\":\"https:\/\/location.mazoyer.fr\/\"},{\"@type\":\"ListItem\",\"position\":2,\"name\":\"Produits\",\"item\":\"https:\/\/location.mazoyer.fr\/shop\/\"},{\"@type\":\"ListItem\",\"position\":3,\"name\":\"BOBCAT E10Z\"}]},{\"@type\":\"WebSite\",\"@id\":\"https:\/\/location.mazoyer.fr\/#website\",\"url\":\"https:\/\/location.mazoyer.fr\/\",\"name\":\"Mazoyer Location\",\"description\":\"Mat\u00e9riel BTP \u2013 Manutention- Mobilier de Bureau Neuf &amp; Occasion \u2013 Stockage \u2013 Services \u2013 Location courte dur\u00e9e\",\"potentialAction\":[{\"@type\":\"SearchAction\",\"target\":{\"@type\":\"EntryPoint\",\"urlTemplate\":\"https:\/\/location.mazoyer.fr\/?s={search_term_string}\"},\"query-input\":\"required name=search_term_string\"}],\"inLanguage\":\"en-US\"}]}<\/script>\n<!-- \/ Yoast SEO plugin. -->","yoast_head_json":{"title":"BOBCAT E10Z - Mazoyer Location","robots":{"index":"noindex","follow":"follow","max-snippet":"max-snippet:-1","max-image-preview":"max-image-preview:large","max-video-preview":"max-video-preview:-1"},"og_locale":"en_US","og_type":"article","og_title":"BOBCAT E10Z - Mazoyer Location","og_description":"Type : Mini-pelle compact Caract\u00e9ristiques Techniques : Poids en ordre de marche : 1 176 kg Puissance moteur : 7.5 kW Type de moteur : Diesel, 3 cylindres Capacit\u00e9 de levage : 1 150 kg Profondeur de fouille : 1 800 mm Largeur : 710 mm (r\u00e9tractable \u00e0 870 mm) Longueur hors tout aux chenilles : 1 280 mm Rayon de rotation : Minimal, 1 121 mm, id\u00e9al pour les travaux en milieu urbain Hauteur repli\u00e9\u00a0: 1490 mm \u00c9quipements et Accessoires : Syst\u00e8me hydraulique performant : Permet l&rsquo;utilisation de divers accessoires comme 3 godets\u00a0: 250 \u2013 450 \u2013 800 mm Tari\u00e8re Contr\u00f4les intuitifs : Pour une utilisation simple et efficace. Avantages : Ultra-compacte : Acc\u00e8s facile aux chantiers restreints et zones urbaines. Maniabilit\u00e9 exceptionnelle : Facile \u00e0 man\u0153uvrer m\u00eame dans des espaces confin\u00e9s. Robustesse : Con\u00e7ue pour des performances fiables dans diverses conditions de travail. Applications : Travaux de jardinage Am\u00e9nagement paysager Excavation l\u00e9g\u00e8re R\u00e9paration de r\u00e9seaux &nbsp;","og_url":"https:\/\/location.mazoyer.fr\/en\/product\/bobcat-e10z\/","og_site_name":"Mazoyer Location","article_modified_time":"2024-10-18T08:21:32+00:00","og_image":[{"width":1024,"height":768,"url":"https:\/\/location.mazoyer.fr\/wp-content\/uploads\/2024\/09\/Location-site-internet-1-14.png-14-1024x768.png","type":"image\/png"}],"twitter_card":"summary_large_image","twitter_misc":{"Est. reading time":"1 minute"},"schema":{"@context":"https:\/\/schema.org","@graph":[{"@type":"WebPage","@id":"https:\/\/location.mazoyer.fr\/produit\/bobcat-e10z\/","url":"https:\/\/location.mazoyer.fr\/produit\/bobcat-e10z\/","name":"BOBCAT E10Z - Mazoyer Location","isPartOf":{"@id":"https:\/\/location.mazoyer.fr\/#website"},"primaryImageOfPage":{"@id":"https:\/\/location.mazoyer.fr\/produit\/bobcat-e10z\/#primaryimage"},"image":{"@id":"https:\/\/location.mazoyer.fr\/produit\/bobcat-e10z\/#primaryimage"},"thumbnailUrl":"https:\/\/location.mazoyer.fr\/wp-content\/uploads\/2024\/09\/Location-site-internet-1-14.png-14.png","datePublished":"2024-09-27T12:28:29+00:00","dateModified":"2024-10-18T08:21:32+00:00","breadcrumb":{"@id":"https:\/\/location.mazoyer.fr\/produit\/bobcat-e10z\/#breadcrumb"},"inLanguage":"en-US","potentialAction":[{"@type":"ReadAction","target":["https:\/\/location.mazoyer.fr\/produit\/bobcat-e10z\/"]}]},{"@type":"ImageObject","inLanguage":"en-US","@id":"https:\/\/location.mazoyer.fr\/produit\/bobcat-e10z\/#primaryimage","url":"https:\/\/location.mazoyer.fr\/wp-content\/uploads\/2024\/09\/Location-site-internet-1-14.png-14.png","contentUrl":"https:\/\/location.mazoyer.fr\/wp-content\/uploads\/2024\/09\/Location-site-internet-1-14.png-14.png","width":4608,"height":3456},{"@type":"BreadcrumbList","@id":"https:\/\/location.mazoyer.fr\/produit\/bobcat-e10z\/#breadcrumb","itemListElement":[{"@type":"ListItem","position":1,"name":"Accueil","item":"https:\/\/location.mazoyer.fr\/"},{"@type":"ListItem","position":2,"name":"Produits","item":"https:\/\/location.mazoyer.fr\/shop\/"},{"@type":"ListItem","position":3,"name":"BOBCAT E10Z"}]},{"@type":"WebSite","@id":"https:\/\/location.mazoyer.fr\/#website","url":"https:\/\/location.mazoyer.fr\/","name":"Mazoyer Location","description":"Mat\u00e9riel BTP \u2013 Manutention- Mobilier de Bureau Neuf &amp; Occasion \u2013 Stockage \u2013 Services \u2013 Location courte dur\u00e9e","potentialAction":[{"@type":"SearchAction","target":{"@type":"EntryPoint","urlTemplate":"https:\/\/location.mazoyer.fr\/?s={search_term_string}"},"query-input":"required name=search_term_string"}],"inLanguage":"en-US"}]}},"_links":{"self":[{"href":"https:\/\/location.mazoyer.fr\/en\/wp-json\/wp\/v2\/product\/6184","targetHints":{"allow":["GET"]}}],"collection":[{"href":"https:\/\/location.mazoyer.fr\/en\/wp-json\/wp\/v2\/product"}],"about":[{"href":"https:\/\/location.mazoyer.fr\/en\/wp-json\/wp\/v2\/types\/product"}],"replies":[{"embeddable":true,"href":"https:\/\/location.mazoyer.fr\/en\/wp-json\/wp\/v2\/comments?post=6184"}],"version-history":[{"count":2,"href":"https:\/\/location.mazoyer.fr\/en\/wp-json\/wp\/v2\/product\/6184\/revisions"}],"predecessor-version":[{"id":6205,"href":"https:\/\/location.mazoyer.fr\/en\/wp-json\/wp\/v2\/product\/6184\/revisions\/6205"}],"wp:featuredmedia":[{"embeddable":true,"href":"https:\/\/location.mazoyer.fr\/en\/wp-json\/wp\/v2\/media\/6213"}],"wp:attachment":[{"href":"https:\/\/location.mazoyer.fr\/en\/wp-json\/wp\/v2\/media?parent=6184"}],"wp:term":[{"taxonomy":"product_cat","embeddable":true,"href":"https:\/\/location.mazoyer.fr\/en\/wp-json\/wp\/v2\/product_cat?post=6184"},{"taxonomy":"product_tag","embeddable":true,"href":"https:\/\/location.mazoyer.fr\/en\/wp-json\/wp\/v2\/product_tag?post=6184"}],"curies":[{"name":"wp","href":"https:\/\/api.w.org\/{rel}","templated":true}]}}