{"id":6229,"date":"2024-10-18T10:38:27","date_gmt":"2024-10-18T08:38:27","guid":{"rendered":"https:\/\/location.mazoyer.fr\/?post_type=product&#038;p=6229"},"modified":"2024-10-18T14:50:23","modified_gmt":"2024-10-18T12:50:23","slug":"bobcat-e20z","status":"publish","type":"product","link":"https:\/\/location.mazoyer.fr\/en\/product\/bobcat-e20z\/","title":{"rendered":"BOBCAT E20Z"},"content":{"rendered":"<p style=\"font-weight: 400;\"><strong>Description :<\/strong><\/p>\n<p style=\"font-weight: 400;\">Le BOBCAT E20Z est une mini-pelle compacte con\u00e7ue pour offrir une performance exceptionnelle dans les espaces restreints. Parfaite pour des travaux de construction, d&rsquo;am\u00e9nagement paysager et de terrassement, elle allie puissance, maniabilit\u00e9 et confort d\u2019utilisation.<\/p>\n<p style=\"font-weight: 400;\"><strong>\u00a0<\/strong><\/p>\n<p style=\"font-weight: 400;\"><strong>Caract\u00e9ristiques :<\/strong><\/p>\n<ul style=\"font-weight: 400;\">\n<li>Type : Mini-pelle<\/li>\n<li>Moteur : Diesel haute performance<\/li>\n<li>Puissance : 10.2 Kw<\/li>\n<li>Profondeur de fouille\u00a0: 2.4 m<\/li>\n<li>Poids : 2 019 kgs<\/li>\n<li>Dimensions voies variables : 98 cm largeur \u00e0 136 cm (chenilles \u00e9cart\u00e9es)<\/li>\n<\/ul>\n<p style=\"font-weight: 400;\"><strong>\u00c9quipements inclus :<\/strong><\/p>\n<ul style=\"font-weight: 400;\">\n<li>4 godets\u00a0: 300 \u2013 400 \u2013 500 \u2013 1000 (godet curage) mm<\/li>\n<\/ul>\n<p style=\"font-weight: 400;\"><strong>Avantages :<\/strong><\/p>\n<ul style=\"font-weight: 400;\">\n<li>Maniabilit\u00e9 : Design \u00e9troit pour acc\u00e9der facilement aux espaces restreints.<\/li>\n<li>Polyvalence : Id\u00e9ale pour divers travaux, allant du creusement \u00e0 l&rsquo;excavation.<\/li>\n<li>Confort : Cabine spacieuse et ergonomique avec commandes intuitives.<\/li>\n<\/ul>","protected":false},"excerpt":{"rendered":"<p>Description : Le BOBCAT E20Z est une mini-pelle compacte con\u00e7ue pour offrir une performance exceptionnelle dans les espaces restreints. Parfaite pour des travaux de construction, d&rsquo;am\u00e9nagement paysager et de terrassement, elle allie puissance, maniabilit\u00e9 et confort d\u2019utilisation. \u00a0 Caract\u00e9ristiques : Type : Mini-pelle Moteur : Diesel haute performance Puissance : 10.2 Kw Profondeur de fouille\u00a0: 2.4 m Poids : 2 019 kgs Dimensions voies variables : 98 cm largeur \u00e0 136 cm (chenilles \u00e9cart\u00e9es) \u00c9quipements inclus : 4 godets\u00a0: 300 \u2013 400 \u2013 500 \u2013 1000 (godet curage) mm Avantages : Maniabilit\u00e9 : Design \u00e9troit pour acc\u00e9der facilement aux espaces restreints. Polyvalence : Id\u00e9ale pour divers travaux, allant du creusement \u00e0 l&rsquo;excavation. Confort : Cabine spacieuse et ergonomique avec commandes intuitives.<\/p>","protected":false},"featured_media":6244,"comment_status":"open","ping_status":"closed","template":"","meta":{"_acf_changed":false},"product_cat":[90],"product_tag":[],"class_list":{"0":"post-6229","1":"product","2":"type-product","3":"status-publish","4":"has-post-thumbnail","6":"product_cat-mini-pelle","8":"first","9":"instock","10":"shipping-taxable","11":"product-type-simple"},"acf":[],"yoast_head":"<!-- This site is optimized with the Yoast SEO plugin v23.1 - https:\/\/yoast.com\/wordpress\/plugins\/seo\/ -->\n<title>BOBCAT E20Z - Mazoyer Location<\/title>\n<meta name=\"robots\" content=\"noindex, follow, max-snippet:-1, max-image-preview:large, max-video-preview:-1\" \/>\n<meta property=\"og:locale\" content=\"en_US\" \/>\n<meta property=\"og:type\" content=\"article\" \/>\n<meta property=\"og:title\" content=\"BOBCAT E20Z - Mazoyer Location\" \/>\n<meta property=\"og:description\" content=\"Description : Le BOBCAT E20Z est une mini-pelle compacte con\u00e7ue pour offrir une performance exceptionnelle dans les espaces restreints. Parfaite pour des travaux de construction, d&rsquo;am\u00e9nagement paysager et de terrassement, elle allie puissance, maniabilit\u00e9 et confort d\u2019utilisation. \u00a0 Caract\u00e9ristiques : Type : Mini-pelle Moteur : Diesel haute performance Puissance : 10.2 Kw Profondeur de fouille\u00a0: 2.4 m Poids : 2 019 kgs Dimensions voies variables : 98 cm largeur \u00e0 136 cm (chenilles \u00e9cart\u00e9es) \u00c9quipements inclus : 4 godets\u00a0: 300 \u2013 400 \u2013 500 \u2013 1000 (godet curage) mm Avantages : Maniabilit\u00e9 : Design \u00e9troit pour acc\u00e9der facilement aux espaces restreints. Polyvalence : Id\u00e9ale pour divers travaux, allant du creusement \u00e0 l&rsquo;excavation. Confort : Cabine spacieuse et ergonomique avec commandes intuitives.\" \/>\n<meta property=\"og:url\" content=\"https:\/\/location.mazoyer.fr\/en\/product\/bobcat-e20z\/\" \/>\n<meta property=\"og:site_name\" content=\"Mazoyer Location\" \/>\n<meta property=\"article:modified_time\" content=\"2024-10-18T12:50:23+00:00\" \/>\n<meta property=\"og:image\" content=\"https:\/\/location.mazoyer.fr\/wp-content\/uploads\/2024\/10\/Location-site-internet-1-3.png-3-e1729255654330-1024x727.png\" \/>\n\t<meta property=\"og:image:width\" content=\"1024\" \/>\n\t<meta property=\"og:image:height\" content=\"727\" \/>\n\t<meta property=\"og:image:type\" content=\"image\/png\" \/>\n<meta name=\"twitter:card\" content=\"summary_large_image\" \/>\n<meta name=\"twitter:label1\" content=\"Est. reading time\" \/>\n\t<meta name=\"twitter:data1\" content=\"1 minute\" \/>\n<script type=\"application\/ld+json\" class=\"yoast-schema-graph\">{\"@context\":\"https:\/\/schema.org\",\"@graph\":[{\"@type\":\"WebPage\",\"@id\":\"https:\/\/location.mazoyer.fr\/produit\/bobcat-e20z\/\",\"url\":\"https:\/\/location.mazoyer.fr\/produit\/bobcat-e20z\/\",\"name\":\"BOBCAT E20Z - Mazoyer Location\",\"isPartOf\":{\"@id\":\"https:\/\/location.mazoyer.fr\/#website\"},\"primaryImageOfPage\":{\"@id\":\"https:\/\/location.mazoyer.fr\/produit\/bobcat-e20z\/#primaryimage\"},\"image\":{\"@id\":\"https:\/\/location.mazoyer.fr\/produit\/bobcat-e20z\/#primaryimage\"},\"thumbnailUrl\":\"https:\/\/location.mazoyer.fr\/wp-content\/uploads\/2024\/10\/Location-site-internet-1-3.png-3-e1729255654330.png\",\"datePublished\":\"2024-10-18T08:38:27+00:00\",\"dateModified\":\"2024-10-18T12:50:23+00:00\",\"breadcrumb\":{\"@id\":\"https:\/\/location.mazoyer.fr\/produit\/bobcat-e20z\/#breadcrumb\"},\"inLanguage\":\"en-US\",\"potentialAction\":[{\"@type\":\"ReadAction\",\"target\":[\"https:\/\/location.mazoyer.fr\/produit\/bobcat-e20z\/\"]}]},{\"@type\":\"ImageObject\",\"inLanguage\":\"en-US\",\"@id\":\"https:\/\/location.mazoyer.fr\/produit\/bobcat-e20z\/#primaryimage\",\"url\":\"https:\/\/location.mazoyer.fr\/wp-content\/uploads\/2024\/10\/Location-site-internet-1-3.png-3-e1729255654330.png\",\"contentUrl\":\"https:\/\/location.mazoyer.fr\/wp-content\/uploads\/2024\/10\/Location-site-internet-1-3.png-3-e1729255654330.png\",\"width\":4500,\"height\":3194},{\"@type\":\"BreadcrumbList\",\"@id\":\"https:\/\/location.mazoyer.fr\/produit\/bobcat-e20z\/#breadcrumb\",\"itemListElement\":[{\"@type\":\"ListItem\",\"position\":1,\"name\":\"Accueil\",\"item\":\"https:\/\/location.mazoyer.fr\/\"},{\"@type\":\"ListItem\",\"position\":2,\"name\":\"Produits\",\"item\":\"https:\/\/location.mazoyer.fr\/shop\/\"},{\"@type\":\"ListItem\",\"position\":3,\"name\":\"BOBCAT E20Z\"}]},{\"@type\":\"WebSite\",\"@id\":\"https:\/\/location.mazoyer.fr\/#website\",\"url\":\"https:\/\/location.mazoyer.fr\/\",\"name\":\"Mazoyer Location\",\"description\":\"Mat\u00e9riel BTP \u2013 Manutention- Mobilier de Bureau Neuf &amp; Occasion \u2013 Stockage \u2013 Services \u2013 Location courte dur\u00e9e\",\"potentialAction\":[{\"@type\":\"SearchAction\",\"target\":{\"@type\":\"EntryPoint\",\"urlTemplate\":\"https:\/\/location.mazoyer.fr\/?s={search_term_string}\"},\"query-input\":\"required name=search_term_string\"}],\"inLanguage\":\"en-US\"}]}<\/script>\n<!-- \/ Yoast SEO plugin. -->","yoast_head_json":{"title":"BOBCAT E20Z - Mazoyer Location","robots":{"index":"noindex","follow":"follow","max-snippet":"max-snippet:-1","max-image-preview":"max-image-preview:large","max-video-preview":"max-video-preview:-1"},"og_locale":"en_US","og_type":"article","og_title":"BOBCAT E20Z - Mazoyer Location","og_description":"Description : Le BOBCAT E20Z est une mini-pelle compacte con\u00e7ue pour offrir une performance exceptionnelle dans les espaces restreints. Parfaite pour des travaux de construction, d&rsquo;am\u00e9nagement paysager et de terrassement, elle allie puissance, maniabilit\u00e9 et confort d\u2019utilisation. \u00a0 Caract\u00e9ristiques : Type : Mini-pelle Moteur : Diesel haute performance Puissance : 10.2 Kw Profondeur de fouille\u00a0: 2.4 m Poids : 2 019 kgs Dimensions voies variables : 98 cm largeur \u00e0 136 cm (chenilles \u00e9cart\u00e9es) \u00c9quipements inclus : 4 godets\u00a0: 300 \u2013 400 \u2013 500 \u2013 1000 (godet curage) mm Avantages : Maniabilit\u00e9 : Design \u00e9troit pour acc\u00e9der facilement aux espaces restreints. Polyvalence : Id\u00e9ale pour divers travaux, allant du creusement \u00e0 l&rsquo;excavation. Confort : Cabine spacieuse et ergonomique avec commandes intuitives.","og_url":"https:\/\/location.mazoyer.fr\/en\/product\/bobcat-e20z\/","og_site_name":"Mazoyer Location","article_modified_time":"2024-10-18T12:50:23+00:00","og_image":[{"width":1024,"height":727,"url":"https:\/\/location.mazoyer.fr\/wp-content\/uploads\/2024\/10\/Location-site-internet-1-3.png-3-e1729255654330-1024x727.png","type":"image\/png"}],"twitter_card":"summary_large_image","twitter_misc":{"Est. reading time":"1 minute"},"schema":{"@context":"https:\/\/schema.org","@graph":[{"@type":"WebPage","@id":"https:\/\/location.mazoyer.fr\/produit\/bobcat-e20z\/","url":"https:\/\/location.mazoyer.fr\/produit\/bobcat-e20z\/","name":"BOBCAT E20Z - Mazoyer Location","isPartOf":{"@id":"https:\/\/location.mazoyer.fr\/#website"},"primaryImageOfPage":{"@id":"https:\/\/location.mazoyer.fr\/produit\/bobcat-e20z\/#primaryimage"},"image":{"@id":"https:\/\/location.mazoyer.fr\/produit\/bobcat-e20z\/#primaryimage"},"thumbnailUrl":"https:\/\/location.mazoyer.fr\/wp-content\/uploads\/2024\/10\/Location-site-internet-1-3.png-3-e1729255654330.png","datePublished":"2024-10-18T08:38:27+00:00","dateModified":"2024-10-18T12:50:23+00:00","breadcrumb":{"@id":"https:\/\/location.mazoyer.fr\/produit\/bobcat-e20z\/#breadcrumb"},"inLanguage":"en-US","potentialAction":[{"@type":"ReadAction","target":["https:\/\/location.mazoyer.fr\/produit\/bobcat-e20z\/"]}]},{"@type":"ImageObject","inLanguage":"en-US","@id":"https:\/\/location.mazoyer.fr\/produit\/bobcat-e20z\/#primaryimage","url":"https:\/\/location.mazoyer.fr\/wp-content\/uploads\/2024\/10\/Location-site-internet-1-3.png-3-e1729255654330.png","contentUrl":"https:\/\/location.mazoyer.fr\/wp-content\/uploads\/2024\/10\/Location-site-internet-1-3.png-3-e1729255654330.png","width":4500,"height":3194},{"@type":"BreadcrumbList","@id":"https:\/\/location.mazoyer.fr\/produit\/bobcat-e20z\/#breadcrumb","itemListElement":[{"@type":"ListItem","position":1,"name":"Accueil","item":"https:\/\/location.mazoyer.fr\/"},{"@type":"ListItem","position":2,"name":"Produits","item":"https:\/\/location.mazoyer.fr\/shop\/"},{"@type":"ListItem","position":3,"name":"BOBCAT E20Z"}]},{"@type":"WebSite","@id":"https:\/\/location.mazoyer.fr\/#website","url":"https:\/\/location.mazoyer.fr\/","name":"Mazoyer Location","description":"Mat\u00e9riel BTP \u2013 Manutention- Mobilier de Bureau Neuf &amp; Occasion \u2013 Stockage \u2013 Services \u2013 Location courte dur\u00e9e","potentialAction":[{"@type":"SearchAction","target":{"@type":"EntryPoint","urlTemplate":"https:\/\/location.mazoyer.fr\/?s={search_term_string}"},"query-input":"required name=search_term_string"}],"inLanguage":"en-US"}]}},"_links":{"self":[{"href":"https:\/\/location.mazoyer.fr\/en\/wp-json\/wp\/v2\/product\/6229","targetHints":{"allow":["GET"]}}],"collection":[{"href":"https:\/\/location.mazoyer.fr\/en\/wp-json\/wp\/v2\/product"}],"about":[{"href":"https:\/\/location.mazoyer.fr\/en\/wp-json\/wp\/v2\/types\/product"}],"replies":[{"embeddable":true,"href":"https:\/\/location.mazoyer.fr\/en\/wp-json\/wp\/v2\/comments?post=6229"}],"version-history":[{"count":2,"href":"https:\/\/location.mazoyer.fr\/en\/wp-json\/wp\/v2\/product\/6229\/revisions"}],"predecessor-version":[{"id":6243,"href":"https:\/\/location.mazoyer.fr\/en\/wp-json\/wp\/v2\/product\/6229\/revisions\/6243"}],"wp:featuredmedia":[{"embeddable":true,"href":"https:\/\/location.mazoyer.fr\/en\/wp-json\/wp\/v2\/media\/6244"}],"wp:attachment":[{"href":"https:\/\/location.mazoyer.fr\/en\/wp-json\/wp\/v2\/media?parent=6229"}],"wp:term":[{"taxonomy":"product_cat","embeddable":true,"href":"https:\/\/location.mazoyer.fr\/en\/wp-json\/wp\/v2\/product_cat?post=6229"},{"taxonomy":"product_tag","embeddable":true,"href":"https:\/\/location.mazoyer.fr\/en\/wp-json\/wp\/v2\/product_tag?post=6229"}],"curies":[{"name":"wp","href":"https:\/\/api.w.org\/{rel}","templated":true}]}}