{"id":6235,"date":"2024-10-18T11:59:18","date_gmt":"2024-10-18T09:59:18","guid":{"rendered":"https:\/\/location.mazoyer.fr\/?post_type=product&#038;p=6235"},"modified":"2024-10-18T14:09:05","modified_gmt":"2024-10-18T12:09:05","slug":"bobcat-tl38-70hf","status":"publish","type":"product","link":"https:\/\/location.mazoyer.fr\/en\/product\/bobcat-tl38-70hf\/","title":{"rendered":"BOBCAT TL38.70HF"},"content":{"rendered":"<p style=\"font-weight: 400;\"><strong>Description :<\/strong><\/p>\n<p style=\"font-weight: 400;\">Le TL38.70HF Bobcat est un t\u00e9lescopique polyvalent con\u00e7u pour les professionnels \u00e0 la recherche d\u2019un \u00e9quipement puissant et agile. Parfait pour les travaux agricoles, de construction et d&rsquo;am\u00e9nagement, il offre une capacit\u00e9 de levage impressionnante tout en restant compact et maniable.<\/p>\n<p style=\"font-weight: 400;\"><strong>Caract\u00e9ristiques :<\/strong><\/p>\n<ul style=\"font-weight: 400;\">\n<li>Type : T\u00e9lescopique<\/li>\n<li>Moteur : Diesel haute performance<\/li>\n<li>Capacit\u00e9 nominale\u00a0: 3T8<\/li>\n<li>Capacit\u00e9 \u00e0 hauteur max sur pneus\u00a0: 3T5<\/li>\n<li>Capacit\u00e9 \u00e0 port\u00e9e max\u00a0: 1T5<\/li>\n<li>Port\u00e9e max\u00a0: 4 002 mm<\/li>\n<li>Hauteur de levage : 6 889 mm<\/li>\n<li>Poids : 7\u00a0145 kg<\/li>\n<li>Dimensions : Compact, id\u00e9al pour les espaces restreints<\/li>\n<\/ul>\n<p style=\"font-weight: 400;\"><strong>\u00c9quipements inclus :<\/strong><\/p>\n<ul style=\"font-weight: 400;\">\n<li>Godet terre<\/li>\n<li>Fourches \u00e0 palettes<\/li>\n<\/ul>\n<p style=\"font-weight: 400;\"><strong>Avantages :<\/strong><\/p>\n<ul style=\"font-weight: 400;\">\n<li>Polyvalence : Adapt\u00e9 \u00e0 une vari\u00e9t\u00e9 d&rsquo;applications, du levage au transport de mat\u00e9riaux.<\/li>\n<li>Maniabilit\u00e9 : Design compact pour acc\u00e9der facilement aux zones difficiles.<\/li>\n<li>Confort d&rsquo;utilisation : Cabine ergonomique avec excellente visibilit\u00e9 et commandes intuitives.<\/li>\n<\/ul>","protected":false},"excerpt":{"rendered":"<p>Description : Le TL38.70HF Bobcat est un t\u00e9lescopique polyvalent con\u00e7u pour les professionnels \u00e0 la recherche d\u2019un \u00e9quipement puissant et agile. Parfait pour les travaux agricoles, de construction et d&rsquo;am\u00e9nagement, il offre une capacit\u00e9 de levage impressionnante tout en restant compact et maniable. Caract\u00e9ristiques : Type : T\u00e9lescopique Moteur : Diesel haute performance Capacit\u00e9 nominale\u00a0: 3T8 Capacit\u00e9 \u00e0 hauteur max sur pneus\u00a0: 3T5 Capacit\u00e9 \u00e0 port\u00e9e max\u00a0: 1T5 Port\u00e9e max\u00a0: 4 002 mm Hauteur de levage : 6 889 mm Poids : 7\u00a0145 kg Dimensions : Compact, id\u00e9al pour les espaces restreints \u00c9quipements inclus : Godet terre Fourches \u00e0 palettes Avantages : Polyvalence : Adapt\u00e9 \u00e0 une vari\u00e9t\u00e9 d&rsquo;applications, du levage au transport de mat\u00e9riaux. Maniabilit\u00e9 : Design compact pour acc\u00e9der facilement aux zones difficiles. Confort d&rsquo;utilisation : Cabine ergonomique avec excellente visibilit\u00e9 et commandes intuitives.<\/p>","protected":false},"featured_media":6241,"comment_status":"open","ping_status":"closed","template":"","meta":{"_acf_changed":false},"product_cat":[88],"product_tag":[],"class_list":{"0":"post-6235","1":"product","2":"type-product","3":"status-publish","4":"has-post-thumbnail","6":"product_cat-chariot-telescopique","8":"first","9":"instock","10":"shipping-taxable","11":"product-type-simple"},"acf":[],"yoast_head":"<!-- This site is optimized with the Yoast SEO plugin v23.1 - https:\/\/yoast.com\/wordpress\/plugins\/seo\/ -->\n<title>BOBCAT TL38.70HF - Mazoyer Location<\/title>\n<meta name=\"robots\" content=\"noindex, follow, max-snippet:-1, max-image-preview:large, max-video-preview:-1\" \/>\n<meta property=\"og:locale\" content=\"en_US\" \/>\n<meta property=\"og:type\" content=\"article\" \/>\n<meta property=\"og:title\" content=\"BOBCAT TL38.70HF - Mazoyer Location\" \/>\n<meta property=\"og:description\" content=\"Description : Le TL38.70HF Bobcat est un t\u00e9lescopique polyvalent con\u00e7u pour les professionnels \u00e0 la recherche d\u2019un \u00e9quipement puissant et agile. Parfait pour les travaux agricoles, de construction et d&rsquo;am\u00e9nagement, il offre une capacit\u00e9 de levage impressionnante tout en restant compact et maniable. Caract\u00e9ristiques : Type : T\u00e9lescopique Moteur : Diesel haute performance Capacit\u00e9 nominale\u00a0: 3T8 Capacit\u00e9 \u00e0 hauteur max sur pneus\u00a0: 3T5 Capacit\u00e9 \u00e0 port\u00e9e max\u00a0: 1T5 Port\u00e9e max\u00a0: 4 002 mm Hauteur de levage : 6 889 mm Poids : 7\u00a0145 kg Dimensions : Compact, id\u00e9al pour les espaces restreints \u00c9quipements inclus : Godet terre Fourches \u00e0 palettes Avantages : Polyvalence : Adapt\u00e9 \u00e0 une vari\u00e9t\u00e9 d&rsquo;applications, du levage au transport de mat\u00e9riaux. Maniabilit\u00e9 : Design compact pour acc\u00e9der facilement aux zones difficiles. Confort d&rsquo;utilisation : Cabine ergonomique avec excellente visibilit\u00e9 et commandes intuitives.\" \/>\n<meta property=\"og:url\" content=\"https:\/\/location.mazoyer.fr\/en\/product\/bobcat-tl38-70hf\/\" \/>\n<meta property=\"og:site_name\" content=\"Mazoyer Location\" \/>\n<meta property=\"article:modified_time\" content=\"2024-10-18T12:09:05+00:00\" \/>\n<meta property=\"og:image\" content=\"https:\/\/location.mazoyer.fr\/wp-content\/uploads\/2024\/10\/Location-site-internet-1-1.png-1-e1729252959684-745x1024.png\" \/>\n\t<meta property=\"og:image:width\" content=\"745\" \/>\n\t<meta property=\"og:image:height\" content=\"1024\" \/>\n\t<meta property=\"og:image:type\" content=\"image\/png\" \/>\n<meta name=\"twitter:card\" content=\"summary_large_image\" \/>\n<meta name=\"twitter:label1\" content=\"Est. reading time\" \/>\n\t<meta name=\"twitter:data1\" content=\"1 minute\" \/>\n<script type=\"application\/ld+json\" class=\"yoast-schema-graph\">{\"@context\":\"https:\/\/schema.org\",\"@graph\":[{\"@type\":\"WebPage\",\"@id\":\"https:\/\/location.mazoyer.fr\/produit\/bobcat-tl38-70hf\/\",\"url\":\"https:\/\/location.mazoyer.fr\/produit\/bobcat-tl38-70hf\/\",\"name\":\"BOBCAT TL38.70HF - Mazoyer Location\",\"isPartOf\":{\"@id\":\"https:\/\/location.mazoyer.fr\/#website\"},\"primaryImageOfPage\":{\"@id\":\"https:\/\/location.mazoyer.fr\/produit\/bobcat-tl38-70hf\/#primaryimage\"},\"image\":{\"@id\":\"https:\/\/location.mazoyer.fr\/produit\/bobcat-tl38-70hf\/#primaryimage\"},\"thumbnailUrl\":\"https:\/\/location.mazoyer.fr\/wp-content\/uploads\/2024\/10\/Location-site-internet-1-1.png-1-e1729252959684.png\",\"datePublished\":\"2024-10-18T09:59:18+00:00\",\"dateModified\":\"2024-10-18T12:09:05+00:00\",\"breadcrumb\":{\"@id\":\"https:\/\/location.mazoyer.fr\/produit\/bobcat-tl38-70hf\/#breadcrumb\"},\"inLanguage\":\"en-US\",\"potentialAction\":[{\"@type\":\"ReadAction\",\"target\":[\"https:\/\/location.mazoyer.fr\/produit\/bobcat-tl38-70hf\/\"]}]},{\"@type\":\"ImageObject\",\"inLanguage\":\"en-US\",\"@id\":\"https:\/\/location.mazoyer.fr\/produit\/bobcat-tl38-70hf\/#primaryimage\",\"url\":\"https:\/\/location.mazoyer.fr\/wp-content\/uploads\/2024\/10\/Location-site-internet-1-1.png-1-e1729252959684.png\",\"contentUrl\":\"https:\/\/location.mazoyer.fr\/wp-content\/uploads\/2024\/10\/Location-site-internet-1-1.png-1-e1729252959684.png\",\"width\":1527,\"height\":2099},{\"@type\":\"BreadcrumbList\",\"@id\":\"https:\/\/location.mazoyer.fr\/produit\/bobcat-tl38-70hf\/#breadcrumb\",\"itemListElement\":[{\"@type\":\"ListItem\",\"position\":1,\"name\":\"Accueil\",\"item\":\"https:\/\/location.mazoyer.fr\/\"},{\"@type\":\"ListItem\",\"position\":2,\"name\":\"Produits\",\"item\":\"https:\/\/location.mazoyer.fr\/shop\/\"},{\"@type\":\"ListItem\",\"position\":3,\"name\":\"BOBCAT TL38.70HF\"}]},{\"@type\":\"WebSite\",\"@id\":\"https:\/\/location.mazoyer.fr\/#website\",\"url\":\"https:\/\/location.mazoyer.fr\/\",\"name\":\"Mazoyer Location\",\"description\":\"Mat\u00e9riel BTP \u2013 Manutention- Mobilier de Bureau Neuf &amp; Occasion \u2013 Stockage \u2013 Services \u2013 Location courte dur\u00e9e\",\"potentialAction\":[{\"@type\":\"SearchAction\",\"target\":{\"@type\":\"EntryPoint\",\"urlTemplate\":\"https:\/\/location.mazoyer.fr\/?s={search_term_string}\"},\"query-input\":\"required name=search_term_string\"}],\"inLanguage\":\"en-US\"}]}<\/script>\n<!-- \/ Yoast SEO plugin. -->","yoast_head_json":{"title":"BOBCAT TL38.70HF - Mazoyer Location","robots":{"index":"noindex","follow":"follow","max-snippet":"max-snippet:-1","max-image-preview":"max-image-preview:large","max-video-preview":"max-video-preview:-1"},"og_locale":"en_US","og_type":"article","og_title":"BOBCAT TL38.70HF - Mazoyer Location","og_description":"Description : Le TL38.70HF Bobcat est un t\u00e9lescopique polyvalent con\u00e7u pour les professionnels \u00e0 la recherche d\u2019un \u00e9quipement puissant et agile. Parfait pour les travaux agricoles, de construction et d&rsquo;am\u00e9nagement, il offre une capacit\u00e9 de levage impressionnante tout en restant compact et maniable. Caract\u00e9ristiques : Type : T\u00e9lescopique Moteur : Diesel haute performance Capacit\u00e9 nominale\u00a0: 3T8 Capacit\u00e9 \u00e0 hauteur max sur pneus\u00a0: 3T5 Capacit\u00e9 \u00e0 port\u00e9e max\u00a0: 1T5 Port\u00e9e max\u00a0: 4 002 mm Hauteur de levage : 6 889 mm Poids : 7\u00a0145 kg Dimensions : Compact, id\u00e9al pour les espaces restreints \u00c9quipements inclus : Godet terre Fourches \u00e0 palettes Avantages : Polyvalence : Adapt\u00e9 \u00e0 une vari\u00e9t\u00e9 d&rsquo;applications, du levage au transport de mat\u00e9riaux. Maniabilit\u00e9 : Design compact pour acc\u00e9der facilement aux zones difficiles. Confort d&rsquo;utilisation : Cabine ergonomique avec excellente visibilit\u00e9 et commandes intuitives.","og_url":"https:\/\/location.mazoyer.fr\/en\/product\/bobcat-tl38-70hf\/","og_site_name":"Mazoyer Location","article_modified_time":"2024-10-18T12:09:05+00:00","og_image":[{"width":745,"height":1024,"url":"https:\/\/location.mazoyer.fr\/wp-content\/uploads\/2024\/10\/Location-site-internet-1-1.png-1-e1729252959684-745x1024.png","type":"image\/png"}],"twitter_card":"summary_large_image","twitter_misc":{"Est. reading time":"1 minute"},"schema":{"@context":"https:\/\/schema.org","@graph":[{"@type":"WebPage","@id":"https:\/\/location.mazoyer.fr\/produit\/bobcat-tl38-70hf\/","url":"https:\/\/location.mazoyer.fr\/produit\/bobcat-tl38-70hf\/","name":"BOBCAT TL38.70HF - Mazoyer Location","isPartOf":{"@id":"https:\/\/location.mazoyer.fr\/#website"},"primaryImageOfPage":{"@id":"https:\/\/location.mazoyer.fr\/produit\/bobcat-tl38-70hf\/#primaryimage"},"image":{"@id":"https:\/\/location.mazoyer.fr\/produit\/bobcat-tl38-70hf\/#primaryimage"},"thumbnailUrl":"https:\/\/location.mazoyer.fr\/wp-content\/uploads\/2024\/10\/Location-site-internet-1-1.png-1-e1729252959684.png","datePublished":"2024-10-18T09:59:18+00:00","dateModified":"2024-10-18T12:09:05+00:00","breadcrumb":{"@id":"https:\/\/location.mazoyer.fr\/produit\/bobcat-tl38-70hf\/#breadcrumb"},"inLanguage":"en-US","potentialAction":[{"@type":"ReadAction","target":["https:\/\/location.mazoyer.fr\/produit\/bobcat-tl38-70hf\/"]}]},{"@type":"ImageObject","inLanguage":"en-US","@id":"https:\/\/location.mazoyer.fr\/produit\/bobcat-tl38-70hf\/#primaryimage","url":"https:\/\/location.mazoyer.fr\/wp-content\/uploads\/2024\/10\/Location-site-internet-1-1.png-1-e1729252959684.png","contentUrl":"https:\/\/location.mazoyer.fr\/wp-content\/uploads\/2024\/10\/Location-site-internet-1-1.png-1-e1729252959684.png","width":1527,"height":2099},{"@type":"BreadcrumbList","@id":"https:\/\/location.mazoyer.fr\/produit\/bobcat-tl38-70hf\/#breadcrumb","itemListElement":[{"@type":"ListItem","position":1,"name":"Accueil","item":"https:\/\/location.mazoyer.fr\/"},{"@type":"ListItem","position":2,"name":"Produits","item":"https:\/\/location.mazoyer.fr\/shop\/"},{"@type":"ListItem","position":3,"name":"BOBCAT TL38.70HF"}]},{"@type":"WebSite","@id":"https:\/\/location.mazoyer.fr\/#website","url":"https:\/\/location.mazoyer.fr\/","name":"Mazoyer Location","description":"Mat\u00e9riel BTP \u2013 Manutention- Mobilier de Bureau Neuf &amp; Occasion \u2013 Stockage \u2013 Services \u2013 Location courte dur\u00e9e","potentialAction":[{"@type":"SearchAction","target":{"@type":"EntryPoint","urlTemplate":"https:\/\/location.mazoyer.fr\/?s={search_term_string}"},"query-input":"required name=search_term_string"}],"inLanguage":"en-US"}]}},"_links":{"self":[{"href":"https:\/\/location.mazoyer.fr\/en\/wp-json\/wp\/v2\/product\/6235","targetHints":{"allow":["GET"]}}],"collection":[{"href":"https:\/\/location.mazoyer.fr\/en\/wp-json\/wp\/v2\/product"}],"about":[{"href":"https:\/\/location.mazoyer.fr\/en\/wp-json\/wp\/v2\/types\/product"}],"replies":[{"embeddable":true,"href":"https:\/\/location.mazoyer.fr\/en\/wp-json\/wp\/v2\/comments?post=6235"}],"version-history":[{"count":2,"href":"https:\/\/location.mazoyer.fr\/en\/wp-json\/wp\/v2\/product\/6235\/revisions"}],"predecessor-version":[{"id":6240,"href":"https:\/\/location.mazoyer.fr\/en\/wp-json\/wp\/v2\/product\/6235\/revisions\/6240"}],"wp:featuredmedia":[{"embeddable":true,"href":"https:\/\/location.mazoyer.fr\/en\/wp-json\/wp\/v2\/media\/6241"}],"wp:attachment":[{"href":"https:\/\/location.mazoyer.fr\/en\/wp-json\/wp\/v2\/media?parent=6235"}],"wp:term":[{"taxonomy":"product_cat","embeddable":true,"href":"https:\/\/location.mazoyer.fr\/en\/wp-json\/wp\/v2\/product_cat?post=6235"},{"taxonomy":"product_tag","embeddable":true,"href":"https:\/\/location.mazoyer.fr\/en\/wp-json\/wp\/v2\/product_tag?post=6235"}],"curies":[{"name":"wp","href":"https:\/\/api.w.org\/{rel}","templated":true}]}}