{"id":6252,"date":"2024-10-21T09:02:51","date_gmt":"2024-10-21T07:02:51","guid":{"rendered":"https:\/\/location.mazoyer.fr\/?post_type=product&#038;p=6252"},"modified":"2024-10-22T14:33:44","modified_gmt":"2024-10-22T12:33:44","slug":"sany-sw405k","status":"publish","type":"product","link":"https:\/\/location.mazoyer.fr\/en\/product\/sany-sw405k\/","title":{"rendered":"SANY SW405K"},"content":{"rendered":"<p style=\"font-weight: 400;\"><strong>Caract\u00e9ristiques Techniques :<\/strong><\/p>\n<ul style=\"font-weight: 400;\">\n<li>Mod\u00e8le : SANY SW405K<\/li>\n<li>Type : Chargeuse sur pneus<\/li>\n<li>Poids de fonctionnement : 18.5 T<\/li>\n<li>Capacit\u00e9 du godet\u00a0: 2.7 \u00e0 4.5 m3<\/li>\n<li>Moteur : Diesel<\/li>\n<li>Puissance moteur : 170 kW<\/li>\n<li>Rayon de braquage : Environ 5.8 m<\/li>\n<li>Dimensions (L x l x H) : 1214 x 793 x 1046 mm<\/li>\n<li>Hauteur max. de d\u00e9versement\u00a0: 5\u00a0441 m<\/li>\n<\/ul>\n<p style=\"font-weight: 400;\"><strong>\u00c9quipements et Options :<\/strong><\/p>\n<ul style=\"font-weight: 400;\">\n<li>Syst\u00e8me hydraulique : Haute performance avec plusieurs circuits pour divers accessoires<\/li>\n<li>Cabine : Confortable, climatis\u00e9e avec bonne visibilit\u00e9<\/li>\n<li>Pneus : Type tout terrain, adapt\u00e9s aux conditions vari\u00e9es<\/li>\n<\/ul>\n<p style=\"font-weight: 400;\"><strong>Applications :<\/strong><\/p>\n<ul style=\"font-weight: 400;\">\n<li>Construction de routes<\/li>\n<li>Terrains de jeux<\/li>\n<li>Manutention de mat\u00e9riaux<\/li>\n<li>Travaux agricoles<\/li>\n<\/ul>\n<p style=\"font-weight: 400;\"><strong>Avantages :<\/strong><\/p>\n<ul style=\"font-weight: 400;\">\n<li>Excellente maniabilit\u00e9<\/li>\n<li>Performances \u00e9lev\u00e9es dans des environnements difficiles<\/li>\n<li>Conception robuste et durable<\/li>\n<\/ul>","protected":false},"excerpt":{"rendered":"<p>Caract\u00e9ristiques Techniques : Mod\u00e8le : SANY SW405K Type : Chargeuse sur pneus Poids de fonctionnement : 18.5 T Capacit\u00e9 du godet\u00a0: 2.7 \u00e0 4.5 m3 Moteur : Diesel Puissance moteur : 170 kW Rayon de braquage : Environ 5.8 m Dimensions (L x l x H) : 1214 x 793 x 1046 mm Hauteur max. de d\u00e9versement\u00a0: 5\u00a0441 m \u00c9quipements et Options : Syst\u00e8me hydraulique : Haute performance avec plusieurs circuits pour divers accessoires Cabine : Confortable, climatis\u00e9e avec bonne visibilit\u00e9 Pneus : Type tout terrain, adapt\u00e9s aux conditions vari\u00e9es Applications : Construction de routes Terrains de jeux Manutention de mat\u00e9riaux Travaux agricoles Avantages : Excellente maniabilit\u00e9 Performances \u00e9lev\u00e9es dans des environnements difficiles Conception robuste et durable<\/p>","protected":false},"featured_media":6255,"comment_status":"open","ping_status":"closed","template":"","meta":{"_acf_changed":false},"product_cat":[91],"product_tag":[],"class_list":{"0":"post-6252","1":"product","2":"type-product","3":"status-publish","4":"has-post-thumbnail","6":"product_cat-chargeuse-location-btp","8":"first","9":"instock","10":"shipping-taxable","11":"product-type-simple"},"acf":[],"yoast_head":"<!-- This site is optimized with the Yoast SEO plugin v23.1 - https:\/\/yoast.com\/wordpress\/plugins\/seo\/ -->\n<title>SANY SW405K - Mazoyer Location<\/title>\n<meta name=\"robots\" content=\"noindex, follow, max-snippet:-1, max-image-preview:large, max-video-preview:-1\" \/>\n<meta property=\"og:locale\" content=\"en_US\" \/>\n<meta property=\"og:type\" content=\"article\" \/>\n<meta property=\"og:title\" content=\"SANY SW405K - Mazoyer Location\" \/>\n<meta property=\"og:description\" content=\"Caract\u00e9ristiques Techniques : Mod\u00e8le : SANY SW405K Type : Chargeuse sur pneus Poids de fonctionnement : 18.5 T Capacit\u00e9 du godet\u00a0: 2.7 \u00e0 4.5 m3 Moteur : Diesel Puissance moteur : 170 kW Rayon de braquage : Environ 5.8 m Dimensions (L x l x H) : 1214 x 793 x 1046 mm Hauteur max. de d\u00e9versement\u00a0: 5\u00a0441 m \u00c9quipements et Options : Syst\u00e8me hydraulique : Haute performance avec plusieurs circuits pour divers accessoires Cabine : Confortable, climatis\u00e9e avec bonne visibilit\u00e9 Pneus : Type tout terrain, adapt\u00e9s aux conditions vari\u00e9es Applications : Construction de routes Terrains de jeux Manutention de mat\u00e9riaux Travaux agricoles Avantages : Excellente maniabilit\u00e9 Performances \u00e9lev\u00e9es dans des environnements difficiles Conception robuste et durable\" \/>\n<meta property=\"og:url\" content=\"https:\/\/location.mazoyer.fr\/en\/product\/sany-sw405k\/\" \/>\n<meta property=\"og:site_name\" content=\"Mazoyer Location\" \/>\n<meta property=\"article:modified_time\" content=\"2024-10-22T12:33:44+00:00\" \/>\n<meta property=\"og:image\" content=\"https:\/\/location.mazoyer.fr\/wp-content\/uploads\/2024\/10\/IMG_5488-2024-09-17-08_27_09-scaled.jpeg\" \/>\n\t<meta property=\"og:image:width\" content=\"1707\" \/>\n\t<meta property=\"og:image:height\" content=\"2560\" \/>\n\t<meta property=\"og:image:type\" content=\"image\/jpeg\" \/>\n<meta name=\"twitter:card\" content=\"summary_large_image\" \/>\n<meta name=\"twitter:label1\" content=\"Est. reading time\" \/>\n\t<meta name=\"twitter:data1\" content=\"1 minute\" \/>\n<script type=\"application\/ld+json\" class=\"yoast-schema-graph\">{\"@context\":\"https:\/\/schema.org\",\"@graph\":[{\"@type\":\"WebPage\",\"@id\":\"https:\/\/location.mazoyer.fr\/produit\/sany-sw405k\/\",\"url\":\"https:\/\/location.mazoyer.fr\/produit\/sany-sw405k\/\",\"name\":\"SANY SW405K - Mazoyer Location\",\"isPartOf\":{\"@id\":\"https:\/\/location.mazoyer.fr\/#website\"},\"primaryImageOfPage\":{\"@id\":\"https:\/\/location.mazoyer.fr\/produit\/sany-sw405k\/#primaryimage\"},\"image\":{\"@id\":\"https:\/\/location.mazoyer.fr\/produit\/sany-sw405k\/#primaryimage\"},\"thumbnailUrl\":\"https:\/\/location.mazoyer.fr\/wp-content\/uploads\/2024\/10\/IMG_5488-2024-09-17-08_27_09-scaled.jpeg\",\"datePublished\":\"2024-10-21T07:02:51+00:00\",\"dateModified\":\"2024-10-22T12:33:44+00:00\",\"breadcrumb\":{\"@id\":\"https:\/\/location.mazoyer.fr\/produit\/sany-sw405k\/#breadcrumb\"},\"inLanguage\":\"en-US\",\"potentialAction\":[{\"@type\":\"ReadAction\",\"target\":[\"https:\/\/location.mazoyer.fr\/produit\/sany-sw405k\/\"]}]},{\"@type\":\"ImageObject\",\"inLanguage\":\"en-US\",\"@id\":\"https:\/\/location.mazoyer.fr\/produit\/sany-sw405k\/#primaryimage\",\"url\":\"https:\/\/location.mazoyer.fr\/wp-content\/uploads\/2024\/10\/IMG_5488-2024-09-17-08_27_09-scaled.jpeg\",\"contentUrl\":\"https:\/\/location.mazoyer.fr\/wp-content\/uploads\/2024\/10\/IMG_5488-2024-09-17-08_27_09-scaled.jpeg\",\"width\":1707,\"height\":2560},{\"@type\":\"BreadcrumbList\",\"@id\":\"https:\/\/location.mazoyer.fr\/produit\/sany-sw405k\/#breadcrumb\",\"itemListElement\":[{\"@type\":\"ListItem\",\"position\":1,\"name\":\"Accueil\",\"item\":\"https:\/\/location.mazoyer.fr\/\"},{\"@type\":\"ListItem\",\"position\":2,\"name\":\"Produits\",\"item\":\"https:\/\/location.mazoyer.fr\/shop\/\"},{\"@type\":\"ListItem\",\"position\":3,\"name\":\"SANY SW405K\"}]},{\"@type\":\"WebSite\",\"@id\":\"https:\/\/location.mazoyer.fr\/#website\",\"url\":\"https:\/\/location.mazoyer.fr\/\",\"name\":\"Mazoyer Location\",\"description\":\"Mat\u00e9riel BTP \u2013 Manutention- Mobilier de Bureau Neuf &amp; Occasion \u2013 Stockage \u2013 Services \u2013 Location courte dur\u00e9e\",\"potentialAction\":[{\"@type\":\"SearchAction\",\"target\":{\"@type\":\"EntryPoint\",\"urlTemplate\":\"https:\/\/location.mazoyer.fr\/?s={search_term_string}\"},\"query-input\":\"required name=search_term_string\"}],\"inLanguage\":\"en-US\"}]}<\/script>\n<!-- \/ Yoast SEO plugin. -->","yoast_head_json":{"title":"SANY SW405K - Mazoyer Location","robots":{"index":"noindex","follow":"follow","max-snippet":"max-snippet:-1","max-image-preview":"max-image-preview:large","max-video-preview":"max-video-preview:-1"},"og_locale":"en_US","og_type":"article","og_title":"SANY SW405K - Mazoyer Location","og_description":"Caract\u00e9ristiques Techniques : Mod\u00e8le : SANY SW405K Type : Chargeuse sur pneus Poids de fonctionnement : 18.5 T Capacit\u00e9 du godet\u00a0: 2.7 \u00e0 4.5 m3 Moteur : Diesel Puissance moteur : 170 kW Rayon de braquage : Environ 5.8 m Dimensions (L x l x H) : 1214 x 793 x 1046 mm Hauteur max. de d\u00e9versement\u00a0: 5\u00a0441 m \u00c9quipements et Options : Syst\u00e8me hydraulique : Haute performance avec plusieurs circuits pour divers accessoires Cabine : Confortable, climatis\u00e9e avec bonne visibilit\u00e9 Pneus : Type tout terrain, adapt\u00e9s aux conditions vari\u00e9es Applications : Construction de routes Terrains de jeux Manutention de mat\u00e9riaux Travaux agricoles Avantages : Excellente maniabilit\u00e9 Performances \u00e9lev\u00e9es dans des environnements difficiles Conception robuste et durable","og_url":"https:\/\/location.mazoyer.fr\/en\/product\/sany-sw405k\/","og_site_name":"Mazoyer Location","article_modified_time":"2024-10-22T12:33:44+00:00","og_image":[{"width":1707,"height":2560,"url":"https:\/\/location.mazoyer.fr\/wp-content\/uploads\/2024\/10\/IMG_5488-2024-09-17-08_27_09-scaled.jpeg","type":"image\/jpeg"}],"twitter_card":"summary_large_image","twitter_misc":{"Est. reading time":"1 minute"},"schema":{"@context":"https:\/\/schema.org","@graph":[{"@type":"WebPage","@id":"https:\/\/location.mazoyer.fr\/produit\/sany-sw405k\/","url":"https:\/\/location.mazoyer.fr\/produit\/sany-sw405k\/","name":"SANY SW405K - Mazoyer Location","isPartOf":{"@id":"https:\/\/location.mazoyer.fr\/#website"},"primaryImageOfPage":{"@id":"https:\/\/location.mazoyer.fr\/produit\/sany-sw405k\/#primaryimage"},"image":{"@id":"https:\/\/location.mazoyer.fr\/produit\/sany-sw405k\/#primaryimage"},"thumbnailUrl":"https:\/\/location.mazoyer.fr\/wp-content\/uploads\/2024\/10\/IMG_5488-2024-09-17-08_27_09-scaled.jpeg","datePublished":"2024-10-21T07:02:51+00:00","dateModified":"2024-10-22T12:33:44+00:00","breadcrumb":{"@id":"https:\/\/location.mazoyer.fr\/produit\/sany-sw405k\/#breadcrumb"},"inLanguage":"en-US","potentialAction":[{"@type":"ReadAction","target":["https:\/\/location.mazoyer.fr\/produit\/sany-sw405k\/"]}]},{"@type":"ImageObject","inLanguage":"en-US","@id":"https:\/\/location.mazoyer.fr\/produit\/sany-sw405k\/#primaryimage","url":"https:\/\/location.mazoyer.fr\/wp-content\/uploads\/2024\/10\/IMG_5488-2024-09-17-08_27_09-scaled.jpeg","contentUrl":"https:\/\/location.mazoyer.fr\/wp-content\/uploads\/2024\/10\/IMG_5488-2024-09-17-08_27_09-scaled.jpeg","width":1707,"height":2560},{"@type":"BreadcrumbList","@id":"https:\/\/location.mazoyer.fr\/produit\/sany-sw405k\/#breadcrumb","itemListElement":[{"@type":"ListItem","position":1,"name":"Accueil","item":"https:\/\/location.mazoyer.fr\/"},{"@type":"ListItem","position":2,"name":"Produits","item":"https:\/\/location.mazoyer.fr\/shop\/"},{"@type":"ListItem","position":3,"name":"SANY SW405K"}]},{"@type":"WebSite","@id":"https:\/\/location.mazoyer.fr\/#website","url":"https:\/\/location.mazoyer.fr\/","name":"Mazoyer Location","description":"Mat\u00e9riel BTP \u2013 Manutention- Mobilier de Bureau Neuf &amp; Occasion \u2013 Stockage \u2013 Services \u2013 Location courte dur\u00e9e","potentialAction":[{"@type":"SearchAction","target":{"@type":"EntryPoint","urlTemplate":"https:\/\/location.mazoyer.fr\/?s={search_term_string}"},"query-input":"required name=search_term_string"}],"inLanguage":"en-US"}]}},"_links":{"self":[{"href":"https:\/\/location.mazoyer.fr\/en\/wp-json\/wp\/v2\/product\/6252","targetHints":{"allow":["GET"]}}],"collection":[{"href":"https:\/\/location.mazoyer.fr\/en\/wp-json\/wp\/v2\/product"}],"about":[{"href":"https:\/\/location.mazoyer.fr\/en\/wp-json\/wp\/v2\/types\/product"}],"replies":[{"embeddable":true,"href":"https:\/\/location.mazoyer.fr\/en\/wp-json\/wp\/v2\/comments?post=6252"}],"version-history":[{"count":1,"href":"https:\/\/location.mazoyer.fr\/en\/wp-json\/wp\/v2\/product\/6252\/revisions"}],"predecessor-version":[{"id":6256,"href":"https:\/\/location.mazoyer.fr\/en\/wp-json\/wp\/v2\/product\/6252\/revisions\/6256"}],"wp:featuredmedia":[{"embeddable":true,"href":"https:\/\/location.mazoyer.fr\/en\/wp-json\/wp\/v2\/media\/6255"}],"wp:attachment":[{"href":"https:\/\/location.mazoyer.fr\/en\/wp-json\/wp\/v2\/media?parent=6252"}],"wp:term":[{"taxonomy":"product_cat","embeddable":true,"href":"https:\/\/location.mazoyer.fr\/en\/wp-json\/wp\/v2\/product_cat?post=6252"},{"taxonomy":"product_tag","embeddable":true,"href":"https:\/\/location.mazoyer.fr\/en\/wp-json\/wp\/v2\/product_tag?post=6252"}],"curies":[{"name":"wp","href":"https:\/\/api.w.org\/{rel}","templated":true}]}}