{"id":6260,"date":"2024-10-21T12:22:35","date_gmt":"2024-10-21T10:22:35","guid":{"rendered":"https:\/\/location.mazoyer.fr\/?post_type=product&#038;p=6260"},"modified":"2025-01-10T08:50:40","modified_gmt":"2025-01-10T07:50:40","slug":"sany-sy155u","status":"publish","type":"product","link":"https:\/\/location.mazoyer.fr\/en\/product\/sany-sy155u\/","title":{"rendered":"SANY SY155U"},"content":{"rendered":"<p style=\"font-weight: 400;\"><strong>Pr\u00e9sentation du Produit<\/strong><\/p>\n<ul style=\"font-weight: 400;\">\n<li>Nom du Produit : Sany SY155U<\/li>\n<li>Cat\u00e9gorie : Pelle hydraulique<\/li>\n<li>Description : La Sany SY155U est une \u00a0pelle robuste et performante, con\u00e7ue pour des travaux d&rsquo;excavation dans des espaces restreints. Sa maniabilit\u00e9 et sa puissance en font un outil essentiel pour les chantiers urbains, les travaux de construction et l&rsquo;am\u00e9nagement paysager.<\/li>\n<\/ul>\n<p style=\"font-weight: 400;\"><strong>Caract\u00e9ristiques Techniques<\/strong><\/p>\n<ul style=\"font-weight: 400;\">\n<li>Dimensions :\n<ul>\n<li>Longueur : 7 300 mm<\/li>\n<li>Largeur : 2 590 mm<\/li>\n<li>Hauteur : 2 820 mm<\/li>\n<\/ul>\n<\/li>\n<li>Puissance : Moteur diesel 78.5 kW<\/li>\n<li>Profondeur de creusement max. : 5 488 mm<\/li>\n<\/ul>\n<p style=\"font-weight: 400;\"><strong>Fonctionnalit\u00e9s<\/strong><\/p>\n<ul style=\"font-weight: 400;\">\n<li>Moteur diesel efficace avec faible consommation de carburant<\/li>\n<li>Syst\u00e8me hydraulique avanc\u00e9 pour une performance optimale<\/li>\n<li>Rotation de la tourelle \u00e0 360 degr\u00e9s<\/li>\n<li>Commandes ergonomiques pour un confort d&rsquo;utilisation<\/li>\n<\/ul>\n<p style=\"font-weight: 400;\"><strong>Avantages<\/strong><\/p>\n<ul>\n<li>Ch\u00e2ssis inf\u00e9rieur renforc\u00e9<\/li>\n<li>Si\u00e8ge grand confort \u00e0 suspension pneumatique<\/li>\n<li>Tourelle \u00e0 d\u00e9port arri\u00e8re court<\/li>\n<li>Instrumentation claire et facilement lisible<\/li>\n<li>Grand \u00e9cran d\u2018affichage \u00e0 haute d\u00e9finition<\/li>\n<li>Haut niveau de s\u00e9curit\u00e9 (ex. : cam\u00e9ra de recul)<\/li>\n<li>Cabine certifi\u00e9e ROPS \/ FOPS pour travailler en toute s\u00e9curit\u00e9<\/li>\n<\/ul>\n<p style=\"font-weight: 400;\"><strong>Applications<\/strong><\/p>\n<ul style=\"font-weight: 400;\">\n<li>Excavation et d\u00e9molition<\/li>\n<li>Am\u00e9nagement paysager<\/li>\n<li>Travaux de fondation<\/li>\n<li>R\u00e9alisation de tranch\u00e9es et de foss\u00e9s<\/li>\n<\/ul>\n<p style=\"font-weight: 400;\"><strong>Accessoires Inclus<\/strong><\/p>\n<ul style=\"font-weight: 400;\">\n<li>Godets\u00a0: 50 \u2013 1200 \u2013 1800 mm<\/li>\n<\/ul>","protected":false},"excerpt":{"rendered":"<p>Pr\u00e9sentation du Produit Nom du Produit : Sany SY155U Cat\u00e9gorie : Pelle hydraulique Description : La Sany SY155U est une \u00a0pelle robuste et performante, con\u00e7ue pour des travaux d&rsquo;excavation dans des espaces restreints. Sa maniabilit\u00e9 et sa puissance en font un outil essentiel pour les chantiers urbains, les travaux de construction et l&rsquo;am\u00e9nagement paysager. Caract\u00e9ristiques Techniques Dimensions : Longueur : 7 300 mm Largeur : 2 590 mm Hauteur : 2 820 mm Puissance : Moteur diesel 78.5 kW Profondeur de creusement max. : 5 488 mm Fonctionnalit\u00e9s Moteur diesel efficace avec faible consommation de carburant Syst\u00e8me hydraulique avanc\u00e9 pour une performance optimale Rotation de la tourelle \u00e0 360 degr\u00e9s Commandes ergonomiques pour un confort d&rsquo;utilisation Avantages Ch\u00e2ssis inf\u00e9rieur renforc\u00e9 Si\u00e8ge grand confort \u00e0 suspension pneumatique Tourelle \u00e0 d\u00e9port arri\u00e8re court Instrumentation claire et facilement lisible Grand \u00e9cran d\u2018affichage \u00e0 haute d\u00e9finition Haut niveau de s\u00e9curit\u00e9 (ex. : cam\u00e9ra de recul) Cabine certifi\u00e9e ROPS \/ FOPS pour travailler en toute s\u00e9curit\u00e9 Applications Excavation et d\u00e9molition Am\u00e9nagement paysager Travaux de fondation R\u00e9alisation de tranch\u00e9es et de foss\u00e9s Accessoires Inclus Godets\u00a0: 50 \u2013 1200 \u2013 1800 mm<\/p>","protected":false},"featured_media":6262,"comment_status":"open","ping_status":"closed","template":"","meta":{"_acf_changed":false},"product_cat":[86],"product_tag":[],"class_list":{"0":"post-6260","1":"product","2":"type-product","3":"status-publish","4":"has-post-thumbnail","6":"product_cat-pelle","8":"first","9":"instock","10":"shipping-taxable","11":"product-type-simple"},"acf":[],"yoast_head":"<!-- This site is optimized with the Yoast SEO plugin v23.1 - https:\/\/yoast.com\/wordpress\/plugins\/seo\/ -->\n<title>SANY SY155U - Mazoyer Location<\/title>\n<meta name=\"robots\" content=\"noindex, follow, max-snippet:-1, max-image-preview:large, max-video-preview:-1\" \/>\n<meta property=\"og:locale\" content=\"en_US\" \/>\n<meta property=\"og:type\" content=\"article\" \/>\n<meta property=\"og:title\" content=\"SANY SY155U - Mazoyer Location\" \/>\n<meta property=\"og:description\" content=\"Pr\u00e9sentation du Produit Nom du Produit : Sany SY155U Cat\u00e9gorie : Pelle hydraulique Description : La Sany SY155U est une \u00a0pelle robuste et performante, con\u00e7ue pour des travaux d&rsquo;excavation dans des espaces restreints. Sa maniabilit\u00e9 et sa puissance en font un outil essentiel pour les chantiers urbains, les travaux de construction et l&rsquo;am\u00e9nagement paysager. Caract\u00e9ristiques Techniques Dimensions : Longueur : 7 300 mm Largeur : 2 590 mm Hauteur : 2 820 mm Puissance : Moteur diesel 78.5 kW Profondeur de creusement max. : 5 488 mm Fonctionnalit\u00e9s Moteur diesel efficace avec faible consommation de carburant Syst\u00e8me hydraulique avanc\u00e9 pour une performance optimale Rotation de la tourelle \u00e0 360 degr\u00e9s Commandes ergonomiques pour un confort d&rsquo;utilisation Avantages Ch\u00e2ssis inf\u00e9rieur renforc\u00e9 Si\u00e8ge grand confort \u00e0 suspension pneumatique Tourelle \u00e0 d\u00e9port arri\u00e8re court Instrumentation claire et facilement lisible Grand \u00e9cran d\u2018affichage \u00e0 haute d\u00e9finition Haut niveau de s\u00e9curit\u00e9 (ex. : cam\u00e9ra de recul) Cabine certifi\u00e9e ROPS \/ FOPS pour travailler en toute s\u00e9curit\u00e9 Applications Excavation et d\u00e9molition Am\u00e9nagement paysager Travaux de fondation R\u00e9alisation de tranch\u00e9es et de foss\u00e9s Accessoires Inclus Godets\u00a0: 50 \u2013 1200 \u2013 1800 mm\" \/>\n<meta property=\"og:url\" content=\"https:\/\/location.mazoyer.fr\/en\/product\/sany-sy155u\/\" \/>\n<meta property=\"og:site_name\" content=\"Mazoyer Location\" \/>\n<meta property=\"article:modified_time\" content=\"2025-01-10T07:50:40+00:00\" \/>\n<meta property=\"og:image\" content=\"https:\/\/location.mazoyer.fr\/wp-content\/uploads\/2024\/10\/IMG_5491-2024-09-17-08_11_06-scaled-e1729506279178.jpeg\" \/>\n\t<meta property=\"og:image:width\" content=\"1706\" \/>\n\t<meta property=\"og:image:height\" content=\"2235\" \/>\n\t<meta property=\"og:image:type\" content=\"image\/jpeg\" \/>\n<meta name=\"twitter:card\" content=\"summary_large_image\" \/>\n<meta name=\"twitter:label1\" content=\"Est. reading time\" \/>\n\t<meta name=\"twitter:data1\" content=\"2 minutes\" \/>\n<script type=\"application\/ld+json\" class=\"yoast-schema-graph\">{\"@context\":\"https:\/\/schema.org\",\"@graph\":[{\"@type\":\"WebPage\",\"@id\":\"https:\/\/location.mazoyer.fr\/produit\/sany-sy155u\/\",\"url\":\"https:\/\/location.mazoyer.fr\/produit\/sany-sy155u\/\",\"name\":\"SANY SY155U - Mazoyer Location\",\"isPartOf\":{\"@id\":\"https:\/\/location.mazoyer.fr\/#website\"},\"primaryImageOfPage\":{\"@id\":\"https:\/\/location.mazoyer.fr\/produit\/sany-sy155u\/#primaryimage\"},\"image\":{\"@id\":\"https:\/\/location.mazoyer.fr\/produit\/sany-sy155u\/#primaryimage\"},\"thumbnailUrl\":\"https:\/\/location.mazoyer.fr\/wp-content\/uploads\/2024\/10\/IMG_5491-2024-09-17-08_11_06-scaled-e1729506279178.jpeg\",\"datePublished\":\"2024-10-21T10:22:35+00:00\",\"dateModified\":\"2025-01-10T07:50:40+00:00\",\"breadcrumb\":{\"@id\":\"https:\/\/location.mazoyer.fr\/produit\/sany-sy155u\/#breadcrumb\"},\"inLanguage\":\"en-US\",\"potentialAction\":[{\"@type\":\"ReadAction\",\"target\":[\"https:\/\/location.mazoyer.fr\/produit\/sany-sy155u\/\"]}]},{\"@type\":\"ImageObject\",\"inLanguage\":\"en-US\",\"@id\":\"https:\/\/location.mazoyer.fr\/produit\/sany-sy155u\/#primaryimage\",\"url\":\"https:\/\/location.mazoyer.fr\/wp-content\/uploads\/2024\/10\/IMG_5491-2024-09-17-08_11_06-scaled-e1729506279178.jpeg\",\"contentUrl\":\"https:\/\/location.mazoyer.fr\/wp-content\/uploads\/2024\/10\/IMG_5491-2024-09-17-08_11_06-scaled-e1729506279178.jpeg\",\"width\":1706,\"height\":2235},{\"@type\":\"BreadcrumbList\",\"@id\":\"https:\/\/location.mazoyer.fr\/produit\/sany-sy155u\/#breadcrumb\",\"itemListElement\":[{\"@type\":\"ListItem\",\"position\":1,\"name\":\"Accueil\",\"item\":\"https:\/\/location.mazoyer.fr\/\"},{\"@type\":\"ListItem\",\"position\":2,\"name\":\"Produits\",\"item\":\"https:\/\/location.mazoyer.fr\/shop\/\"},{\"@type\":\"ListItem\",\"position\":3,\"name\":\"SANY SY155U\"}]},{\"@type\":\"WebSite\",\"@id\":\"https:\/\/location.mazoyer.fr\/#website\",\"url\":\"https:\/\/location.mazoyer.fr\/\",\"name\":\"Mazoyer Location\",\"description\":\"Mat\u00e9riel BTP \u2013 Manutention- Mobilier de Bureau Neuf &amp; Occasion \u2013 Stockage \u2013 Services \u2013 Location courte dur\u00e9e\",\"potentialAction\":[{\"@type\":\"SearchAction\",\"target\":{\"@type\":\"EntryPoint\",\"urlTemplate\":\"https:\/\/location.mazoyer.fr\/?s={search_term_string}\"},\"query-input\":\"required name=search_term_string\"}],\"inLanguage\":\"en-US\"}]}<\/script>\n<!-- \/ Yoast SEO plugin. -->","yoast_head_json":{"title":"SANY SY155U - Mazoyer Location","robots":{"index":"noindex","follow":"follow","max-snippet":"max-snippet:-1","max-image-preview":"max-image-preview:large","max-video-preview":"max-video-preview:-1"},"og_locale":"en_US","og_type":"article","og_title":"SANY SY155U - Mazoyer Location","og_description":"Pr\u00e9sentation du Produit Nom du Produit : Sany SY155U Cat\u00e9gorie : Pelle hydraulique Description : La Sany SY155U est une \u00a0pelle robuste et performante, con\u00e7ue pour des travaux d&rsquo;excavation dans des espaces restreints. Sa maniabilit\u00e9 et sa puissance en font un outil essentiel pour les chantiers urbains, les travaux de construction et l&rsquo;am\u00e9nagement paysager. Caract\u00e9ristiques Techniques Dimensions : Longueur : 7 300 mm Largeur : 2 590 mm Hauteur : 2 820 mm Puissance : Moteur diesel 78.5 kW Profondeur de creusement max. : 5 488 mm Fonctionnalit\u00e9s Moteur diesel efficace avec faible consommation de carburant Syst\u00e8me hydraulique avanc\u00e9 pour une performance optimale Rotation de la tourelle \u00e0 360 degr\u00e9s Commandes ergonomiques pour un confort d&rsquo;utilisation Avantages Ch\u00e2ssis inf\u00e9rieur renforc\u00e9 Si\u00e8ge grand confort \u00e0 suspension pneumatique Tourelle \u00e0 d\u00e9port arri\u00e8re court Instrumentation claire et facilement lisible Grand \u00e9cran d\u2018affichage \u00e0 haute d\u00e9finition Haut niveau de s\u00e9curit\u00e9 (ex. : cam\u00e9ra de recul) Cabine certifi\u00e9e ROPS \/ FOPS pour travailler en toute s\u00e9curit\u00e9 Applications Excavation et d\u00e9molition Am\u00e9nagement paysager Travaux de fondation R\u00e9alisation de tranch\u00e9es et de foss\u00e9s Accessoires Inclus Godets\u00a0: 50 \u2013 1200 \u2013 1800 mm","og_url":"https:\/\/location.mazoyer.fr\/en\/product\/sany-sy155u\/","og_site_name":"Mazoyer Location","article_modified_time":"2025-01-10T07:50:40+00:00","og_image":[{"width":1706,"height":2235,"url":"https:\/\/location.mazoyer.fr\/wp-content\/uploads\/2024\/10\/IMG_5491-2024-09-17-08_11_06-scaled-e1729506279178.jpeg","type":"image\/jpeg"}],"twitter_card":"summary_large_image","twitter_misc":{"Est. reading time":"2 minutes"},"schema":{"@context":"https:\/\/schema.org","@graph":[{"@type":"WebPage","@id":"https:\/\/location.mazoyer.fr\/produit\/sany-sy155u\/","url":"https:\/\/location.mazoyer.fr\/produit\/sany-sy155u\/","name":"SANY SY155U - Mazoyer Location","isPartOf":{"@id":"https:\/\/location.mazoyer.fr\/#website"},"primaryImageOfPage":{"@id":"https:\/\/location.mazoyer.fr\/produit\/sany-sy155u\/#primaryimage"},"image":{"@id":"https:\/\/location.mazoyer.fr\/produit\/sany-sy155u\/#primaryimage"},"thumbnailUrl":"https:\/\/location.mazoyer.fr\/wp-content\/uploads\/2024\/10\/IMG_5491-2024-09-17-08_11_06-scaled-e1729506279178.jpeg","datePublished":"2024-10-21T10:22:35+00:00","dateModified":"2025-01-10T07:50:40+00:00","breadcrumb":{"@id":"https:\/\/location.mazoyer.fr\/produit\/sany-sy155u\/#breadcrumb"},"inLanguage":"en-US","potentialAction":[{"@type":"ReadAction","target":["https:\/\/location.mazoyer.fr\/produit\/sany-sy155u\/"]}]},{"@type":"ImageObject","inLanguage":"en-US","@id":"https:\/\/location.mazoyer.fr\/produit\/sany-sy155u\/#primaryimage","url":"https:\/\/location.mazoyer.fr\/wp-content\/uploads\/2024\/10\/IMG_5491-2024-09-17-08_11_06-scaled-e1729506279178.jpeg","contentUrl":"https:\/\/location.mazoyer.fr\/wp-content\/uploads\/2024\/10\/IMG_5491-2024-09-17-08_11_06-scaled-e1729506279178.jpeg","width":1706,"height":2235},{"@type":"BreadcrumbList","@id":"https:\/\/location.mazoyer.fr\/produit\/sany-sy155u\/#breadcrumb","itemListElement":[{"@type":"ListItem","position":1,"name":"Accueil","item":"https:\/\/location.mazoyer.fr\/"},{"@type":"ListItem","position":2,"name":"Produits","item":"https:\/\/location.mazoyer.fr\/shop\/"},{"@type":"ListItem","position":3,"name":"SANY SY155U"}]},{"@type":"WebSite","@id":"https:\/\/location.mazoyer.fr\/#website","url":"https:\/\/location.mazoyer.fr\/","name":"Mazoyer Location","description":"Mat\u00e9riel BTP \u2013 Manutention- Mobilier de Bureau Neuf &amp; Occasion \u2013 Stockage \u2013 Services \u2013 Location courte dur\u00e9e","potentialAction":[{"@type":"SearchAction","target":{"@type":"EntryPoint","urlTemplate":"https:\/\/location.mazoyer.fr\/?s={search_term_string}"},"query-input":"required name=search_term_string"}],"inLanguage":"en-US"}]}},"_links":{"self":[{"href":"https:\/\/location.mazoyer.fr\/en\/wp-json\/wp\/v2\/product\/6260","targetHints":{"allow":["GET"]}}],"collection":[{"href":"https:\/\/location.mazoyer.fr\/en\/wp-json\/wp\/v2\/product"}],"about":[{"href":"https:\/\/location.mazoyer.fr\/en\/wp-json\/wp\/v2\/types\/product"}],"replies":[{"embeddable":true,"href":"https:\/\/location.mazoyer.fr\/en\/wp-json\/wp\/v2\/comments?post=6260"}],"version-history":[{"count":3,"href":"https:\/\/location.mazoyer.fr\/en\/wp-json\/wp\/v2\/product\/6260\/revisions"}],"predecessor-version":[{"id":6331,"href":"https:\/\/location.mazoyer.fr\/en\/wp-json\/wp\/v2\/product\/6260\/revisions\/6331"}],"wp:featuredmedia":[{"embeddable":true,"href":"https:\/\/location.mazoyer.fr\/en\/wp-json\/wp\/v2\/media\/6262"}],"wp:attachment":[{"href":"https:\/\/location.mazoyer.fr\/en\/wp-json\/wp\/v2\/media?parent=6260"}],"wp:term":[{"taxonomy":"product_cat","embeddable":true,"href":"https:\/\/location.mazoyer.fr\/en\/wp-json\/wp\/v2\/product_cat?post=6260"},{"taxonomy":"product_tag","embeddable":true,"href":"https:\/\/location.mazoyer.fr\/en\/wp-json\/wp\/v2\/product_tag?post=6260"}],"curies":[{"name":"wp","href":"https:\/\/api.w.org\/{rel}","templated":true}]}}