{"id":6269,"date":"2024-10-21T12:33:24","date_gmt":"2024-10-21T10:33:24","guid":{"rendered":"https:\/\/location.mazoyer.fr\/?post_type=product&#038;p=6269"},"modified":"2024-10-21T12:33:24","modified_gmt":"2024-10-21T10:33:24","slug":"bobcat-e50","status":"publish","type":"product","link":"https:\/\/location.mazoyer.fr\/en\/product\/bobcat-e50\/","title":{"rendered":"BOBCAT E50"},"content":{"rendered":"<p style=\"font-weight: 400;\"><strong>Caract\u00e9ristiques G\u00e9n\u00e9rales :<\/strong><\/p>\n<ul style=\"font-weight: 400;\">\n<li>Type : Mini-pelle \u00e0 chenilles<\/li>\n<li>Poids : 4\u00a0900 kg<\/li>\n<li>Dimensions (LxlxH)\u00a0: 5.55 x 1.96 x 2.53 m<\/li>\n<li>Rayon de rotation : R\u00e9duit, adapt\u00e9 aux espaces confin\u00e9s<\/li>\n<\/ul>\n<p style=\"font-weight: 400;\"><strong>Moteur :<\/strong><\/p>\n<ul style=\"font-weight: 400;\">\n<li>Type : Diesel<\/li>\n<li>Puissance : 31.3 kW<\/li>\n<\/ul>\n<p style=\"font-weight: 400;\"><strong>Performances :<\/strong><\/p>\n<ul style=\"font-weight: 400;\">\n<li>Profondeur de fouille max. : 3\u00a0556 mm<\/li>\n<li>Force de cavage\u00a0: 4 200 kg<\/li>\n<li>Port\u00e9e maxi\u00a0: 5.60 m<\/li>\n<\/ul>\n<p style=\"font-weight: 400;\"><strong>Caract\u00e9ristiques Techniques :<\/strong><\/p>\n<ul style=\"font-weight: 400;\">\n<li>Syst\u00e8me hydraulique : D\u00e9bit hydraulique performant pour une meilleure efficacit\u00e9<\/li>\n<li>Commandes : Joysticks ergonomiques et intuitifs<\/li>\n<li>Cabine : Spacieuse, climatis\u00e9e, avec visibilit\u00e9 panoramique<\/li>\n<\/ul>\n<p style=\"font-weight: 400;\"><strong>Applications :<\/strong><\/p>\n<ul style=\"font-weight: 400;\">\n<li>Travaux de construction<\/li>\n<li>Am\u00e9nagement paysager<\/li>\n<li>Excavation et terrassement<\/li>\n<li>R\u00e9paration de routes<\/li>\n<\/ul>\n<p style=\"font-weight: 400;\"><strong>Accessoires :<\/strong><\/p>\n<ul style=\"font-weight: 400;\">\n<li>Godets\u00a0: 400 \u2013 600 curage \u2013 1400 mm<\/li>\n<li>BRH<\/li>\n<\/ul>\n<p style=\"font-weight: 400;\"><strong>Avantages :<\/strong><\/p>\n<ul style=\"font-weight: 400;\">\n<li>Compacte et maniable, id\u00e9ale pour les chantiers \u00e9troits<\/li>\n<li>Excellente stabilit\u00e9 et performance de levage<\/li>\n<li>Confort de conduite avec une cabine bien con\u00e7ue<\/li>\n<\/ul>","protected":false},"excerpt":{"rendered":"<p>Caract\u00e9ristiques G\u00e9n\u00e9rales : Type : Mini-pelle \u00e0 chenilles Poids : 4\u00a0900 kg Dimensions (LxlxH)\u00a0: 5.55 x 1.96 x 2.53 m Rayon de rotation : R\u00e9duit, adapt\u00e9 aux espaces confin\u00e9s Moteur : Type : Diesel Puissance : 31.3 kW Performances : Profondeur de fouille max. : 3\u00a0556 mm Force de cavage\u00a0: 4 200 kg Port\u00e9e maxi\u00a0: 5.60 m Caract\u00e9ristiques Techniques : Syst\u00e8me hydraulique : D\u00e9bit hydraulique performant pour une meilleure efficacit\u00e9 Commandes : Joysticks ergonomiques et intuitifs Cabine : Spacieuse, climatis\u00e9e, avec visibilit\u00e9 panoramique Applications : Travaux de construction Am\u00e9nagement paysager Excavation et terrassement R\u00e9paration de routes Accessoires : Godets\u00a0: 400 \u2013 600 curage \u2013 1400 mm BRH Avantages : Compacte et maniable, id\u00e9ale pour les chantiers \u00e9troits Excellente stabilit\u00e9 et performance de levage Confort de conduite avec une cabine bien con\u00e7ue<\/p>","protected":false},"featured_media":6272,"comment_status":"open","ping_status":"closed","template":"","meta":{"_acf_changed":false},"product_cat":[90],"product_tag":[],"class_list":{"0":"post-6269","1":"product","2":"type-product","3":"status-publish","4":"has-post-thumbnail","6":"product_cat-mini-pelle","8":"first","9":"instock","10":"shipping-taxable","11":"product-type-simple"},"acf":[],"yoast_head":"<!-- This site is optimized with the Yoast SEO plugin v23.1 - https:\/\/yoast.com\/wordpress\/plugins\/seo\/ -->\n<title>BOBCAT E50 - Mazoyer Location<\/title>\n<meta name=\"robots\" content=\"noindex, follow, max-snippet:-1, max-image-preview:large, max-video-preview:-1\" \/>\n<meta property=\"og:locale\" content=\"en_US\" \/>\n<meta property=\"og:type\" content=\"article\" \/>\n<meta property=\"og:title\" content=\"BOBCAT E50 - Mazoyer Location\" \/>\n<meta property=\"og:description\" content=\"Caract\u00e9ristiques G\u00e9n\u00e9rales : Type : Mini-pelle \u00e0 chenilles Poids : 4\u00a0900 kg Dimensions (LxlxH)\u00a0: 5.55 x 1.96 x 2.53 m Rayon de rotation : R\u00e9duit, adapt\u00e9 aux espaces confin\u00e9s Moteur : Type : Diesel Puissance : 31.3 kW Performances : Profondeur de fouille max. : 3\u00a0556 mm Force de cavage\u00a0: 4 200 kg Port\u00e9e maxi\u00a0: 5.60 m Caract\u00e9ristiques Techniques : Syst\u00e8me hydraulique : D\u00e9bit hydraulique performant pour une meilleure efficacit\u00e9 Commandes : Joysticks ergonomiques et intuitifs Cabine : Spacieuse, climatis\u00e9e, avec visibilit\u00e9 panoramique Applications : Travaux de construction Am\u00e9nagement paysager Excavation et terrassement R\u00e9paration de routes Accessoires : Godets\u00a0: 400 \u2013 600 curage \u2013 1400 mm BRH Avantages : Compacte et maniable, id\u00e9ale pour les chantiers \u00e9troits Excellente stabilit\u00e9 et performance de levage Confort de conduite avec une cabine bien con\u00e7ue\" \/>\n<meta property=\"og:url\" content=\"https:\/\/location.mazoyer.fr\/en\/product\/bobcat-e50\/\" \/>\n<meta property=\"og:site_name\" content=\"Mazoyer Location\" \/>\n<meta property=\"og:image\" content=\"https:\/\/location.mazoyer.fr\/wp-content\/uploads\/2024\/10\/IMG_5472-2-2024-09-17-9-scaled.jpeg\" \/>\n\t<meta property=\"og:image:width\" content=\"2560\" \/>\n\t<meta property=\"og:image:height\" content=\"1707\" \/>\n\t<meta property=\"og:image:type\" content=\"image\/jpeg\" \/>\n<meta name=\"twitter:card\" content=\"summary_large_image\" \/>\n<meta name=\"twitter:label1\" content=\"Est. reading time\" \/>\n\t<meta name=\"twitter:data1\" content=\"1 minute\" \/>\n<script type=\"application\/ld+json\" class=\"yoast-schema-graph\">{\"@context\":\"https:\/\/schema.org\",\"@graph\":[{\"@type\":\"WebPage\",\"@id\":\"https:\/\/location.mazoyer.fr\/produit\/bobcat-e50\/\",\"url\":\"https:\/\/location.mazoyer.fr\/produit\/bobcat-e50\/\",\"name\":\"BOBCAT E50 - Mazoyer Location\",\"isPartOf\":{\"@id\":\"https:\/\/location.mazoyer.fr\/#website\"},\"primaryImageOfPage\":{\"@id\":\"https:\/\/location.mazoyer.fr\/produit\/bobcat-e50\/#primaryimage\"},\"image\":{\"@id\":\"https:\/\/location.mazoyer.fr\/produit\/bobcat-e50\/#primaryimage\"},\"thumbnailUrl\":\"https:\/\/location.mazoyer.fr\/wp-content\/uploads\/2024\/10\/IMG_5472-2-2024-09-17-9-scaled.jpeg\",\"datePublished\":\"2024-10-21T10:33:24+00:00\",\"dateModified\":\"2024-10-21T10:33:24+00:00\",\"breadcrumb\":{\"@id\":\"https:\/\/location.mazoyer.fr\/produit\/bobcat-e50\/#breadcrumb\"},\"inLanguage\":\"en-US\",\"potentialAction\":[{\"@type\":\"ReadAction\",\"target\":[\"https:\/\/location.mazoyer.fr\/produit\/bobcat-e50\/\"]}]},{\"@type\":\"ImageObject\",\"inLanguage\":\"en-US\",\"@id\":\"https:\/\/location.mazoyer.fr\/produit\/bobcat-e50\/#primaryimage\",\"url\":\"https:\/\/location.mazoyer.fr\/wp-content\/uploads\/2024\/10\/IMG_5472-2-2024-09-17-9-scaled.jpeg\",\"contentUrl\":\"https:\/\/location.mazoyer.fr\/wp-content\/uploads\/2024\/10\/IMG_5472-2-2024-09-17-9-scaled.jpeg\",\"width\":2560,\"height\":1707},{\"@type\":\"BreadcrumbList\",\"@id\":\"https:\/\/location.mazoyer.fr\/produit\/bobcat-e50\/#breadcrumb\",\"itemListElement\":[{\"@type\":\"ListItem\",\"position\":1,\"name\":\"Accueil\",\"item\":\"https:\/\/location.mazoyer.fr\/\"},{\"@type\":\"ListItem\",\"position\":2,\"name\":\"Produits\",\"item\":\"https:\/\/location.mazoyer.fr\/shop\/\"},{\"@type\":\"ListItem\",\"position\":3,\"name\":\"BOBCAT E50\"}]},{\"@type\":\"WebSite\",\"@id\":\"https:\/\/location.mazoyer.fr\/#website\",\"url\":\"https:\/\/location.mazoyer.fr\/\",\"name\":\"Mazoyer Location\",\"description\":\"Mat\u00e9riel BTP \u2013 Manutention- Mobilier de Bureau Neuf &amp; Occasion \u2013 Stockage \u2013 Services \u2013 Location courte dur\u00e9e\",\"potentialAction\":[{\"@type\":\"SearchAction\",\"target\":{\"@type\":\"EntryPoint\",\"urlTemplate\":\"https:\/\/location.mazoyer.fr\/?s={search_term_string}\"},\"query-input\":\"required name=search_term_string\"}],\"inLanguage\":\"en-US\"}]}<\/script>\n<!-- \/ Yoast SEO plugin. -->","yoast_head_json":{"title":"BOBCAT E50 - Mazoyer Location","robots":{"index":"noindex","follow":"follow","max-snippet":"max-snippet:-1","max-image-preview":"max-image-preview:large","max-video-preview":"max-video-preview:-1"},"og_locale":"en_US","og_type":"article","og_title":"BOBCAT E50 - Mazoyer Location","og_description":"Caract\u00e9ristiques G\u00e9n\u00e9rales : Type : Mini-pelle \u00e0 chenilles Poids : 4\u00a0900 kg Dimensions (LxlxH)\u00a0: 5.55 x 1.96 x 2.53 m Rayon de rotation : R\u00e9duit, adapt\u00e9 aux espaces confin\u00e9s Moteur : Type : Diesel Puissance : 31.3 kW Performances : Profondeur de fouille max. : 3\u00a0556 mm Force de cavage\u00a0: 4 200 kg Port\u00e9e maxi\u00a0: 5.60 m Caract\u00e9ristiques Techniques : Syst\u00e8me hydraulique : D\u00e9bit hydraulique performant pour une meilleure efficacit\u00e9 Commandes : Joysticks ergonomiques et intuitifs Cabine : Spacieuse, climatis\u00e9e, avec visibilit\u00e9 panoramique Applications : Travaux de construction Am\u00e9nagement paysager Excavation et terrassement R\u00e9paration de routes Accessoires : Godets\u00a0: 400 \u2013 600 curage \u2013 1400 mm BRH Avantages : Compacte et maniable, id\u00e9ale pour les chantiers \u00e9troits Excellente stabilit\u00e9 et performance de levage Confort de conduite avec une cabine bien con\u00e7ue","og_url":"https:\/\/location.mazoyer.fr\/en\/product\/bobcat-e50\/","og_site_name":"Mazoyer Location","og_image":[{"width":2560,"height":1707,"url":"https:\/\/location.mazoyer.fr\/wp-content\/uploads\/2024\/10\/IMG_5472-2-2024-09-17-9-scaled.jpeg","type":"image\/jpeg"}],"twitter_card":"summary_large_image","twitter_misc":{"Est. reading time":"1 minute"},"schema":{"@context":"https:\/\/schema.org","@graph":[{"@type":"WebPage","@id":"https:\/\/location.mazoyer.fr\/produit\/bobcat-e50\/","url":"https:\/\/location.mazoyer.fr\/produit\/bobcat-e50\/","name":"BOBCAT E50 - Mazoyer Location","isPartOf":{"@id":"https:\/\/location.mazoyer.fr\/#website"},"primaryImageOfPage":{"@id":"https:\/\/location.mazoyer.fr\/produit\/bobcat-e50\/#primaryimage"},"image":{"@id":"https:\/\/location.mazoyer.fr\/produit\/bobcat-e50\/#primaryimage"},"thumbnailUrl":"https:\/\/location.mazoyer.fr\/wp-content\/uploads\/2024\/10\/IMG_5472-2-2024-09-17-9-scaled.jpeg","datePublished":"2024-10-21T10:33:24+00:00","dateModified":"2024-10-21T10:33:24+00:00","breadcrumb":{"@id":"https:\/\/location.mazoyer.fr\/produit\/bobcat-e50\/#breadcrumb"},"inLanguage":"en-US","potentialAction":[{"@type":"ReadAction","target":["https:\/\/location.mazoyer.fr\/produit\/bobcat-e50\/"]}]},{"@type":"ImageObject","inLanguage":"en-US","@id":"https:\/\/location.mazoyer.fr\/produit\/bobcat-e50\/#primaryimage","url":"https:\/\/location.mazoyer.fr\/wp-content\/uploads\/2024\/10\/IMG_5472-2-2024-09-17-9-scaled.jpeg","contentUrl":"https:\/\/location.mazoyer.fr\/wp-content\/uploads\/2024\/10\/IMG_5472-2-2024-09-17-9-scaled.jpeg","width":2560,"height":1707},{"@type":"BreadcrumbList","@id":"https:\/\/location.mazoyer.fr\/produit\/bobcat-e50\/#breadcrumb","itemListElement":[{"@type":"ListItem","position":1,"name":"Accueil","item":"https:\/\/location.mazoyer.fr\/"},{"@type":"ListItem","position":2,"name":"Produits","item":"https:\/\/location.mazoyer.fr\/shop\/"},{"@type":"ListItem","position":3,"name":"BOBCAT E50"}]},{"@type":"WebSite","@id":"https:\/\/location.mazoyer.fr\/#website","url":"https:\/\/location.mazoyer.fr\/","name":"Mazoyer Location","description":"Mat\u00e9riel BTP \u2013 Manutention- Mobilier de Bureau Neuf &amp; Occasion \u2013 Stockage \u2013 Services \u2013 Location courte dur\u00e9e","potentialAction":[{"@type":"SearchAction","target":{"@type":"EntryPoint","urlTemplate":"https:\/\/location.mazoyer.fr\/?s={search_term_string}"},"query-input":"required name=search_term_string"}],"inLanguage":"en-US"}]}},"_links":{"self":[{"href":"https:\/\/location.mazoyer.fr\/en\/wp-json\/wp\/v2\/product\/6269","targetHints":{"allow":["GET"]}}],"collection":[{"href":"https:\/\/location.mazoyer.fr\/en\/wp-json\/wp\/v2\/product"}],"about":[{"href":"https:\/\/location.mazoyer.fr\/en\/wp-json\/wp\/v2\/types\/product"}],"replies":[{"embeddable":true,"href":"https:\/\/location.mazoyer.fr\/en\/wp-json\/wp\/v2\/comments?post=6269"}],"version-history":[{"count":1,"href":"https:\/\/location.mazoyer.fr\/en\/wp-json\/wp\/v2\/product\/6269\/revisions"}],"predecessor-version":[{"id":6273,"href":"https:\/\/location.mazoyer.fr\/en\/wp-json\/wp\/v2\/product\/6269\/revisions\/6273"}],"wp:featuredmedia":[{"embeddable":true,"href":"https:\/\/location.mazoyer.fr\/en\/wp-json\/wp\/v2\/media\/6272"}],"wp:attachment":[{"href":"https:\/\/location.mazoyer.fr\/en\/wp-json\/wp\/v2\/media?parent=6269"}],"wp:term":[{"taxonomy":"product_cat","embeddable":true,"href":"https:\/\/location.mazoyer.fr\/en\/wp-json\/wp\/v2\/product_cat?post=6269"},{"taxonomy":"product_tag","embeddable":true,"href":"https:\/\/location.mazoyer.fr\/en\/wp-json\/wp\/v2\/product_tag?post=6269"}],"curies":[{"name":"wp","href":"https:\/\/api.w.org\/{rel}","templated":true}]}}