{"id":6299,"date":"2024-11-22T08:43:14","date_gmt":"2024-11-22T07:43:14","guid":{"rendered":"https:\/\/location.mazoyer.fr\/?post_type=product&#038;p=6299"},"modified":"2024-11-22T10:45:12","modified_gmt":"2024-11-22T09:45:12","slug":"genie-gs-4069rt","status":"publish","type":"product","link":"https:\/\/location.mazoyer.fr\/en\/product\/genie-gs-4069rt\/","title":{"rendered":"GENIE GS-4069RT"},"content":{"rendered":"<p style=\"font-weight: 400;\"><strong>Mod\u00e8le :<\/strong> Genie GS-4069RT<\/p>\n<p style=\"font-weight: 400;\"><strong>Type\u00a0: <\/strong>Nacelle \u00e9l\u00e9vatrice \u00e0 ciseaux tout-terrain<\/p>\n<p style=\"font-weight: 400;\"><strong>Caract\u00e9ristiques Techniques :<\/strong><\/p>\n<ul style=\"font-weight: 400;\">\n<li>Hauteur de travail maximale : 14.3 m<\/li>\n<li>Hauteur plancher max int\u00e9rieur : 12.3 m<\/li>\n<li>Longueur panier\u00a0ext\u00e9rieur\u00a0: 2.79 m<\/li>\n<li>Longueur panier avec extension\u00a0: 4.32 m<\/li>\n<li>Largeur panier\u00a0: 1.60 m<\/li>\n<li>Largeur nacelle\u00a0: 1.75 m<\/li>\n<li>Hauteur position repli\u00e9e\u00a0: 2.08 m<\/li>\n<li>Vitesse de d\u00e9placement position repli\u00e9e : 5,6 km\/h<\/li>\n<li>Capacit\u00e9 de charge\u00a0: 363 kg<\/li>\n<li>Poids\u00a0: 4\u00a0714 kg<\/li>\n<li>Type de moteur : Diesel, 4 cylindres<\/li>\n<\/ul>\n<p style=\"font-weight: 400;\"><strong>Caract\u00e9ristiques Sp\u00e9ciales :<\/strong><\/p>\n<ul style=\"font-weight: 400;\">\n<li>Syst\u00e8me de traction 4&#215;4 : Pour une excellente adh\u00e9rence sur terrains accident\u00e9s.<\/li>\n<li>Commandes \u00e0 commande proportionnelle : Pour un contr\u00f4le pr\u00e9cis et intuitif.<\/li>\n<li>Plateforme extensible : Permet d&rsquo;atteindre des zones plus larges et d&rsquo;optimiser l&rsquo;espace de travail.<\/li>\n<\/ul>\n<p style=\"font-weight: 400;\"><strong>Avantages :<\/strong><\/p>\n<ul style=\"font-weight: 400;\">\n<li>Robuste et durable : Con\u00e7ue pour r\u00e9sister aux conditions de travail difficiles.<\/li>\n<li>Grande capacit\u00e9 de charge : Id\u00e9ale pour des travaux lourds.<\/li>\n<li>Acc\u00e8s facile : Avec des barri\u00e8res de s\u00e9curit\u00e9 et une conception stable pour le travail en hauteur.<\/li>\n<\/ul>\n<p style=\"font-weight: 400;\"><strong>Applications :<\/strong><\/p>\n<ul style=\"font-weight: 400;\">\n<li>Travaux de construction et d&rsquo;entretien<\/li>\n<li>Am\u00e9nagement paysager<\/li>\n<li>R\u00e9paration de b\u00e2timents<\/li>\n<li>\u00c9v\u00e9nements en plein air<\/li>\n<\/ul>\n<p>&nbsp;<\/p>","protected":false},"excerpt":{"rendered":"<p>Mod\u00e8le : Genie GS-4069RT Type\u00a0: Nacelle \u00e9l\u00e9vatrice \u00e0 ciseaux tout-terrain Caract\u00e9ristiques Techniques : Hauteur de travail maximale : 14.3 m Hauteur plancher max int\u00e9rieur : 12.3 m Longueur panier\u00a0ext\u00e9rieur\u00a0: 2.79 m Longueur panier avec extension\u00a0: 4.32 m Largeur panier\u00a0: 1.60 m Largeur nacelle\u00a0: 1.75 m Hauteur position repli\u00e9e\u00a0: 2.08 m Vitesse de d\u00e9placement position repli\u00e9e : 5,6 km\/h Capacit\u00e9 de charge\u00a0: 363 kg Poids\u00a0: 4\u00a0714 kg Type de moteur : Diesel, 4 cylindres Caract\u00e9ristiques Sp\u00e9ciales : Syst\u00e8me de traction 4&#215;4 : Pour une excellente adh\u00e9rence sur terrains accident\u00e9s. Commandes \u00e0 commande proportionnelle : Pour un contr\u00f4le pr\u00e9cis et intuitif. Plateforme extensible : Permet d&rsquo;atteindre des zones plus larges et d&rsquo;optimiser l&rsquo;espace de travail. Avantages : Robuste et durable : Con\u00e7ue pour r\u00e9sister aux conditions de travail difficiles. Grande capacit\u00e9 de charge : Id\u00e9ale pour des travaux lourds. Acc\u00e8s facile : Avec des barri\u00e8res de s\u00e9curit\u00e9 et une conception stable pour le travail en hauteur. Applications : Travaux de construction et d&rsquo;entretien Am\u00e9nagement paysager R\u00e9paration de b\u00e2timents \u00c9v\u00e9nements en plein air &nbsp;<\/p>","protected":false},"featured_media":6300,"comment_status":"open","ping_status":"closed","template":"","meta":{"_acf_changed":false},"product_cat":[76],"product_tag":[],"class_list":{"0":"post-6299","1":"product","2":"type-product","3":"status-publish","4":"has-post-thumbnail","6":"product_cat-nacelle","8":"first","9":"instock","10":"shipping-taxable","11":"product-type-simple"},"acf":[],"yoast_head":"<!-- This site is optimized with the Yoast SEO plugin v23.1 - https:\/\/yoast.com\/wordpress\/plugins\/seo\/ -->\n<title>GENIE GS-4069RT - Mazoyer Location<\/title>\n<meta name=\"robots\" content=\"noindex, follow, max-snippet:-1, max-image-preview:large, max-video-preview:-1\" \/>\n<meta property=\"og:locale\" content=\"en_US\" \/>\n<meta property=\"og:type\" content=\"article\" \/>\n<meta property=\"og:title\" content=\"GENIE GS-4069RT - Mazoyer Location\" \/>\n<meta property=\"og:description\" content=\"Mod\u00e8le : Genie GS-4069RT Type\u00a0: Nacelle \u00e9l\u00e9vatrice \u00e0 ciseaux tout-terrain Caract\u00e9ristiques Techniques : Hauteur de travail maximale : 14.3 m Hauteur plancher max int\u00e9rieur : 12.3 m Longueur panier\u00a0ext\u00e9rieur\u00a0: 2.79 m Longueur panier avec extension\u00a0: 4.32 m Largeur panier\u00a0: 1.60 m Largeur nacelle\u00a0: 1.75 m Hauteur position repli\u00e9e\u00a0: 2.08 m Vitesse de d\u00e9placement position repli\u00e9e : 5,6 km\/h Capacit\u00e9 de charge\u00a0: 363 kg Poids\u00a0: 4\u00a0714 kg Type de moteur : Diesel, 4 cylindres Caract\u00e9ristiques Sp\u00e9ciales : Syst\u00e8me de traction 4&#215;4 : Pour une excellente adh\u00e9rence sur terrains accident\u00e9s. Commandes \u00e0 commande proportionnelle : Pour un contr\u00f4le pr\u00e9cis et intuitif. Plateforme extensible : Permet d&rsquo;atteindre des zones plus larges et d&rsquo;optimiser l&rsquo;espace de travail. Avantages : Robuste et durable : Con\u00e7ue pour r\u00e9sister aux conditions de travail difficiles. Grande capacit\u00e9 de charge : Id\u00e9ale pour des travaux lourds. Acc\u00e8s facile : Avec des barri\u00e8res de s\u00e9curit\u00e9 et une conception stable pour le travail en hauteur. Applications : Travaux de construction et d&rsquo;entretien Am\u00e9nagement paysager R\u00e9paration de b\u00e2timents \u00c9v\u00e9nements en plein air &nbsp;\" \/>\n<meta property=\"og:url\" content=\"https:\/\/location.mazoyer.fr\/en\/product\/genie-gs-4069rt\/\" \/>\n<meta property=\"og:site_name\" content=\"Mazoyer Location\" \/>\n<meta property=\"article:modified_time\" content=\"2024-11-22T09:45:12+00:00\" \/>\n<meta property=\"og:image\" content=\"https:\/\/location.mazoyer.fr\/wp-content\/uploads\/2024\/11\/IMG_3193-scaled-e1732261607883.jpeg\" \/>\n\t<meta property=\"og:image:width\" content=\"1920\" \/>\n\t<meta property=\"og:image:height\" content=\"2410\" \/>\n\t<meta property=\"og:image:type\" content=\"image\/jpeg\" \/>\n<meta name=\"twitter:card\" content=\"summary_large_image\" \/>\n<meta name=\"twitter:label1\" content=\"Est. reading time\" \/>\n\t<meta name=\"twitter:data1\" content=\"2 minutes\" \/>\n<script type=\"application\/ld+json\" class=\"yoast-schema-graph\">{\"@context\":\"https:\/\/schema.org\",\"@graph\":[{\"@type\":\"WebPage\",\"@id\":\"https:\/\/location.mazoyer.fr\/produit\/genie-gs-4069rt\/\",\"url\":\"https:\/\/location.mazoyer.fr\/produit\/genie-gs-4069rt\/\",\"name\":\"GENIE GS-4069RT - Mazoyer Location\",\"isPartOf\":{\"@id\":\"https:\/\/location.mazoyer.fr\/#website\"},\"primaryImageOfPage\":{\"@id\":\"https:\/\/location.mazoyer.fr\/produit\/genie-gs-4069rt\/#primaryimage\"},\"image\":{\"@id\":\"https:\/\/location.mazoyer.fr\/produit\/genie-gs-4069rt\/#primaryimage\"},\"thumbnailUrl\":\"https:\/\/location.mazoyer.fr\/wp-content\/uploads\/2024\/11\/IMG_3193-scaled-e1732261607883.jpeg\",\"datePublished\":\"2024-11-22T07:43:14+00:00\",\"dateModified\":\"2024-11-22T09:45:12+00:00\",\"breadcrumb\":{\"@id\":\"https:\/\/location.mazoyer.fr\/produit\/genie-gs-4069rt\/#breadcrumb\"},\"inLanguage\":\"en-US\",\"potentialAction\":[{\"@type\":\"ReadAction\",\"target\":[\"https:\/\/location.mazoyer.fr\/produit\/genie-gs-4069rt\/\"]}]},{\"@type\":\"ImageObject\",\"inLanguage\":\"en-US\",\"@id\":\"https:\/\/location.mazoyer.fr\/produit\/genie-gs-4069rt\/#primaryimage\",\"url\":\"https:\/\/location.mazoyer.fr\/wp-content\/uploads\/2024\/11\/IMG_3193-scaled-e1732261607883.jpeg\",\"contentUrl\":\"https:\/\/location.mazoyer.fr\/wp-content\/uploads\/2024\/11\/IMG_3193-scaled-e1732261607883.jpeg\",\"width\":1920,\"height\":2410},{\"@type\":\"BreadcrumbList\",\"@id\":\"https:\/\/location.mazoyer.fr\/produit\/genie-gs-4069rt\/#breadcrumb\",\"itemListElement\":[{\"@type\":\"ListItem\",\"position\":1,\"name\":\"Accueil\",\"item\":\"https:\/\/location.mazoyer.fr\/\"},{\"@type\":\"ListItem\",\"position\":2,\"name\":\"Produits\",\"item\":\"https:\/\/location.mazoyer.fr\/shop\/\"},{\"@type\":\"ListItem\",\"position\":3,\"name\":\"GENIE GS-4069RT\"}]},{\"@type\":\"WebSite\",\"@id\":\"https:\/\/location.mazoyer.fr\/#website\",\"url\":\"https:\/\/location.mazoyer.fr\/\",\"name\":\"Mazoyer Location\",\"description\":\"Mat\u00e9riel BTP \u2013 Manutention- Mobilier de Bureau Neuf &amp; Occasion \u2013 Stockage \u2013 Services \u2013 Location courte dur\u00e9e\",\"potentialAction\":[{\"@type\":\"SearchAction\",\"target\":{\"@type\":\"EntryPoint\",\"urlTemplate\":\"https:\/\/location.mazoyer.fr\/?s={search_term_string}\"},\"query-input\":\"required name=search_term_string\"}],\"inLanguage\":\"en-US\"}]}<\/script>\n<!-- \/ Yoast SEO plugin. -->","yoast_head_json":{"title":"GENIE GS-4069RT - Mazoyer Location","robots":{"index":"noindex","follow":"follow","max-snippet":"max-snippet:-1","max-image-preview":"max-image-preview:large","max-video-preview":"max-video-preview:-1"},"og_locale":"en_US","og_type":"article","og_title":"GENIE GS-4069RT - Mazoyer Location","og_description":"Mod\u00e8le : Genie GS-4069RT Type\u00a0: Nacelle \u00e9l\u00e9vatrice \u00e0 ciseaux tout-terrain Caract\u00e9ristiques Techniques : Hauteur de travail maximale : 14.3 m Hauteur plancher max int\u00e9rieur : 12.3 m Longueur panier\u00a0ext\u00e9rieur\u00a0: 2.79 m Longueur panier avec extension\u00a0: 4.32 m Largeur panier\u00a0: 1.60 m Largeur nacelle\u00a0: 1.75 m Hauteur position repli\u00e9e\u00a0: 2.08 m Vitesse de d\u00e9placement position repli\u00e9e : 5,6 km\/h Capacit\u00e9 de charge\u00a0: 363 kg Poids\u00a0: 4\u00a0714 kg Type de moteur : Diesel, 4 cylindres Caract\u00e9ristiques Sp\u00e9ciales : Syst\u00e8me de traction 4&#215;4 : Pour une excellente adh\u00e9rence sur terrains accident\u00e9s. Commandes \u00e0 commande proportionnelle : Pour un contr\u00f4le pr\u00e9cis et intuitif. Plateforme extensible : Permet d&rsquo;atteindre des zones plus larges et d&rsquo;optimiser l&rsquo;espace de travail. Avantages : Robuste et durable : Con\u00e7ue pour r\u00e9sister aux conditions de travail difficiles. Grande capacit\u00e9 de charge : Id\u00e9ale pour des travaux lourds. Acc\u00e8s facile : Avec des barri\u00e8res de s\u00e9curit\u00e9 et une conception stable pour le travail en hauteur. Applications : Travaux de construction et d&rsquo;entretien Am\u00e9nagement paysager R\u00e9paration de b\u00e2timents \u00c9v\u00e9nements en plein air &nbsp;","og_url":"https:\/\/location.mazoyer.fr\/en\/product\/genie-gs-4069rt\/","og_site_name":"Mazoyer Location","article_modified_time":"2024-11-22T09:45:12+00:00","og_image":[{"width":1920,"height":2410,"url":"https:\/\/location.mazoyer.fr\/wp-content\/uploads\/2024\/11\/IMG_3193-scaled-e1732261607883.jpeg","type":"image\/jpeg"}],"twitter_card":"summary_large_image","twitter_misc":{"Est. reading time":"2 minutes"},"schema":{"@context":"https:\/\/schema.org","@graph":[{"@type":"WebPage","@id":"https:\/\/location.mazoyer.fr\/produit\/genie-gs-4069rt\/","url":"https:\/\/location.mazoyer.fr\/produit\/genie-gs-4069rt\/","name":"GENIE GS-4069RT - Mazoyer Location","isPartOf":{"@id":"https:\/\/location.mazoyer.fr\/#website"},"primaryImageOfPage":{"@id":"https:\/\/location.mazoyer.fr\/produit\/genie-gs-4069rt\/#primaryimage"},"image":{"@id":"https:\/\/location.mazoyer.fr\/produit\/genie-gs-4069rt\/#primaryimage"},"thumbnailUrl":"https:\/\/location.mazoyer.fr\/wp-content\/uploads\/2024\/11\/IMG_3193-scaled-e1732261607883.jpeg","datePublished":"2024-11-22T07:43:14+00:00","dateModified":"2024-11-22T09:45:12+00:00","breadcrumb":{"@id":"https:\/\/location.mazoyer.fr\/produit\/genie-gs-4069rt\/#breadcrumb"},"inLanguage":"en-US","potentialAction":[{"@type":"ReadAction","target":["https:\/\/location.mazoyer.fr\/produit\/genie-gs-4069rt\/"]}]},{"@type":"ImageObject","inLanguage":"en-US","@id":"https:\/\/location.mazoyer.fr\/produit\/genie-gs-4069rt\/#primaryimage","url":"https:\/\/location.mazoyer.fr\/wp-content\/uploads\/2024\/11\/IMG_3193-scaled-e1732261607883.jpeg","contentUrl":"https:\/\/location.mazoyer.fr\/wp-content\/uploads\/2024\/11\/IMG_3193-scaled-e1732261607883.jpeg","width":1920,"height":2410},{"@type":"BreadcrumbList","@id":"https:\/\/location.mazoyer.fr\/produit\/genie-gs-4069rt\/#breadcrumb","itemListElement":[{"@type":"ListItem","position":1,"name":"Accueil","item":"https:\/\/location.mazoyer.fr\/"},{"@type":"ListItem","position":2,"name":"Produits","item":"https:\/\/location.mazoyer.fr\/shop\/"},{"@type":"ListItem","position":3,"name":"GENIE GS-4069RT"}]},{"@type":"WebSite","@id":"https:\/\/location.mazoyer.fr\/#website","url":"https:\/\/location.mazoyer.fr\/","name":"Mazoyer Location","description":"Mat\u00e9riel BTP \u2013 Manutention- Mobilier de Bureau Neuf &amp; Occasion \u2013 Stockage \u2013 Services \u2013 Location courte dur\u00e9e","potentialAction":[{"@type":"SearchAction","target":{"@type":"EntryPoint","urlTemplate":"https:\/\/location.mazoyer.fr\/?s={search_term_string}"},"query-input":"required name=search_term_string"}],"inLanguage":"en-US"}]}},"_links":{"self":[{"href":"https:\/\/location.mazoyer.fr\/en\/wp-json\/wp\/v2\/product\/6299","targetHints":{"allow":["GET"]}}],"collection":[{"href":"https:\/\/location.mazoyer.fr\/en\/wp-json\/wp\/v2\/product"}],"about":[{"href":"https:\/\/location.mazoyer.fr\/en\/wp-json\/wp\/v2\/types\/product"}],"replies":[{"embeddable":true,"href":"https:\/\/location.mazoyer.fr\/en\/wp-json\/wp\/v2\/comments?post=6299"}],"version-history":[{"count":4,"href":"https:\/\/location.mazoyer.fr\/en\/wp-json\/wp\/v2\/product\/6299\/revisions"}],"predecessor-version":[{"id":6306,"href":"https:\/\/location.mazoyer.fr\/en\/wp-json\/wp\/v2\/product\/6299\/revisions\/6306"}],"wp:featuredmedia":[{"embeddable":true,"href":"https:\/\/location.mazoyer.fr\/en\/wp-json\/wp\/v2\/media\/6300"}],"wp:attachment":[{"href":"https:\/\/location.mazoyer.fr\/en\/wp-json\/wp\/v2\/media?parent=6299"}],"wp:term":[{"taxonomy":"product_cat","embeddable":true,"href":"https:\/\/location.mazoyer.fr\/en\/wp-json\/wp\/v2\/product_cat?post=6299"},{"taxonomy":"product_tag","embeddable":true,"href":"https:\/\/location.mazoyer.fr\/en\/wp-json\/wp\/v2\/product_tag?post=6299"}],"curies":[{"name":"wp","href":"https:\/\/api.w.org\/{rel}","templated":true}]}}