{"id":6312,"date":"2025-02-19T16:15:26","date_gmt":"2025-02-19T15:15:26","guid":{"rendered":"https:\/\/location.mazoyer.fr\/?post_type=product&#038;p=6312"},"modified":"2025-02-19T16:15:26","modified_gmt":"2025-02-19T15:15:26","slug":"genie-z51-30jrt","status":"publish","type":"product","link":"https:\/\/location.mazoyer.fr\/en\/product\/genie-z51-30jrt\/","title":{"rendered":"GENIE Z51-30JRT"},"content":{"rendered":"<p style=\"font-weight: 400;\"><strong>Type\u00a0: <\/strong>Nacelle articul\u00e9e diesel 18m<\/p>\n<p style=\"font-weight: 400;\"><strong>Caract\u00e9ristiques Techniques :<\/strong><\/p>\n<ul style=\"font-weight: 400;\">\n<li>Hauteur de travail maximale : 17,59 m<\/li>\n<li>Hauteur de plateforme : 15,59 m<\/li>\n<li>Capacit\u00e9 de charge : 227 kg<\/li>\n<li>Longueur position de transport : 7.58 m<\/li>\n<li>Largeur totale : 2.29 m<\/li>\n<li>Poids : 7 394 kg<\/li>\n<li>Rayon de rotation int\u00e9rieur\/ext\u00e9rieur : 1,68 m\/4.50 m<\/li>\n<li>Vitesse de translation &#8211; position transport : 8 km\/h<\/li>\n<li>Type de moteur : Diesel<\/li>\n<\/ul>\n<p style=\"font-weight: 400;\"><strong>Caract\u00e9ristiques Sp\u00e9ciales :<\/strong><\/p>\n<ul style=\"font-weight: 400;\">\n<li>Syst\u00e8me de traction 4&#215;4 : Pour une adh\u00e9rence optimale sur terrain accident\u00e9.<\/li>\n<li>Plateforme r\u00e9tractable : Permet d&rsquo;atteindre des zones plus \u00e9troites et de maximiser l&rsquo;espace de travail.<\/li>\n<li>Commandes intuitives : Pour une utilisation facile et efficace.<\/li>\n<\/ul>\n<p style=\"font-weight: 400;\"><strong>Avantages :<\/strong><\/p>\n<ul style=\"font-weight: 400;\">\n<li>Mobilit\u00e9 tout-terrain : Con\u00e7ue pour \u00e9voluer sur diff\u00e9rents types de surfaces.<\/li>\n<li>Acc\u00e8s s\u00e9curis\u00e9 : Barri\u00e8res de s\u00e9curit\u00e9 et plateformes stables pour un travail en hauteur en toute confiance.<\/li>\n<li>Performances \u00e9lev\u00e9es : Capacit\u00e9 de levage et de port\u00e9e impressionnantes pour diverses applications.<\/li>\n<\/ul>\n<p style=\"font-weight: 400;\"><strong>Applications :<\/strong><\/p>\n<ul style=\"font-weight: 400;\">\n<li>Travaux de maintenance<\/li>\n<li>Construction<\/li>\n<li>Am\u00e9nagement paysager<\/li>\n<li>\u00c9v\u00e9nements en plein air<\/li>\n<\/ul>","protected":false},"excerpt":{"rendered":"<p>Type\u00a0: Nacelle articul\u00e9e diesel 18m Caract\u00e9ristiques Techniques : Hauteur de travail maximale : 17,59 m Hauteur de plateforme : 15,59 m Capacit\u00e9 de charge : 227 kg Longueur position de transport : 7.58 m Largeur totale : 2.29 m Poids : 7 394 kg Rayon de rotation int\u00e9rieur\/ext\u00e9rieur : 1,68 m\/4.50 m Vitesse de translation &#8211; position transport : 8 km\/h Type de moteur : Diesel Caract\u00e9ristiques Sp\u00e9ciales : Syst\u00e8me de traction 4&#215;4 : Pour une adh\u00e9rence optimale sur terrain accident\u00e9. Plateforme r\u00e9tractable : Permet d&rsquo;atteindre des zones plus \u00e9troites et de maximiser l&rsquo;espace de travail. Commandes intuitives : Pour une utilisation facile et efficace. Avantages : Mobilit\u00e9 tout-terrain : Con\u00e7ue pour \u00e9voluer sur diff\u00e9rents types de surfaces. Acc\u00e8s s\u00e9curis\u00e9 : Barri\u00e8res de s\u00e9curit\u00e9 et plateformes stables pour un travail en hauteur en toute confiance. Performances \u00e9lev\u00e9es : Capacit\u00e9 de levage et de port\u00e9e impressionnantes pour diverses applications. Applications : Travaux de maintenance Construction Am\u00e9nagement paysager \u00c9v\u00e9nements en plein air<\/p>","protected":false},"featured_media":6408,"comment_status":"open","ping_status":"closed","template":"","meta":{"_acf_changed":false},"product_cat":[76],"product_tag":[],"class_list":{"0":"post-6312","1":"product","2":"type-product","3":"status-publish","4":"has-post-thumbnail","6":"product_cat-nacelle","8":"first","9":"instock","10":"shipping-taxable","11":"product-type-simple"},"acf":[],"yoast_head":"<!-- This site is optimized with the Yoast SEO plugin v23.1 - https:\/\/yoast.com\/wordpress\/plugins\/seo\/ -->\n<title>GENIE Z51-30JRT - Mazoyer Location<\/title>\n<meta name=\"robots\" content=\"noindex, follow, max-snippet:-1, max-image-preview:large, max-video-preview:-1\" \/>\n<meta property=\"og:locale\" content=\"en_US\" \/>\n<meta property=\"og:type\" content=\"article\" \/>\n<meta property=\"og:title\" content=\"GENIE Z51-30JRT - Mazoyer Location\" \/>\n<meta property=\"og:description\" content=\"Type\u00a0: Nacelle articul\u00e9e diesel 18m Caract\u00e9ristiques Techniques : Hauteur de travail maximale : 17,59 m Hauteur de plateforme : 15,59 m Capacit\u00e9 de charge : 227 kg Longueur position de transport : 7.58 m Largeur totale : 2.29 m Poids : 7 394 kg Rayon de rotation int\u00e9rieur\/ext\u00e9rieur : 1,68 m\/4.50 m Vitesse de translation &#8211; position transport : 8 km\/h Type de moteur : Diesel Caract\u00e9ristiques Sp\u00e9ciales : Syst\u00e8me de traction 4&#215;4 : Pour une adh\u00e9rence optimale sur terrain accident\u00e9. Plateforme r\u00e9tractable : Permet d&rsquo;atteindre des zones plus \u00e9troites et de maximiser l&rsquo;espace de travail. Commandes intuitives : Pour une utilisation facile et efficace. Avantages : Mobilit\u00e9 tout-terrain : Con\u00e7ue pour \u00e9voluer sur diff\u00e9rents types de surfaces. Acc\u00e8s s\u00e9curis\u00e9 : Barri\u00e8res de s\u00e9curit\u00e9 et plateformes stables pour un travail en hauteur en toute confiance. Performances \u00e9lev\u00e9es : Capacit\u00e9 de levage et de port\u00e9e impressionnantes pour diverses applications. Applications : Travaux de maintenance Construction Am\u00e9nagement paysager \u00c9v\u00e9nements en plein air\" \/>\n<meta property=\"og:url\" content=\"https:\/\/location.mazoyer.fr\/en\/product\/genie-z51-30jrt\/\" \/>\n<meta property=\"og:site_name\" content=\"Mazoyer Location\" \/>\n<meta property=\"og:image\" content=\"https:\/\/location.mazoyer.fr\/wp-content\/uploads\/2024\/11\/IMG_5036-scaled.jpeg\" \/>\n\t<meta property=\"og:image:width\" content=\"2560\" \/>\n\t<meta property=\"og:image:height\" content=\"1920\" \/>\n\t<meta property=\"og:image:type\" content=\"image\/jpeg\" \/>\n<meta name=\"twitter:card\" content=\"summary_large_image\" \/>\n<meta name=\"twitter:label1\" content=\"Est. reading time\" \/>\n\t<meta name=\"twitter:data1\" content=\"1 minute\" \/>\n<script type=\"application\/ld+json\" class=\"yoast-schema-graph\">{\"@context\":\"https:\/\/schema.org\",\"@graph\":[{\"@type\":\"WebPage\",\"@id\":\"https:\/\/location.mazoyer.fr\/produit\/genie-z51-30jrt\/\",\"url\":\"https:\/\/location.mazoyer.fr\/produit\/genie-z51-30jrt\/\",\"name\":\"GENIE Z51-30JRT - Mazoyer Location\",\"isPartOf\":{\"@id\":\"https:\/\/location.mazoyer.fr\/#website\"},\"primaryImageOfPage\":{\"@id\":\"https:\/\/location.mazoyer.fr\/produit\/genie-z51-30jrt\/#primaryimage\"},\"image\":{\"@id\":\"https:\/\/location.mazoyer.fr\/produit\/genie-z51-30jrt\/#primaryimage\"},\"thumbnailUrl\":\"https:\/\/location.mazoyer.fr\/wp-content\/uploads\/2024\/11\/IMG_5036-scaled.jpeg\",\"datePublished\":\"2025-02-19T15:15:26+00:00\",\"dateModified\":\"2025-02-19T15:15:26+00:00\",\"breadcrumb\":{\"@id\":\"https:\/\/location.mazoyer.fr\/produit\/genie-z51-30jrt\/#breadcrumb\"},\"inLanguage\":\"en-US\",\"potentialAction\":[{\"@type\":\"ReadAction\",\"target\":[\"https:\/\/location.mazoyer.fr\/produit\/genie-z51-30jrt\/\"]}]},{\"@type\":\"ImageObject\",\"inLanguage\":\"en-US\",\"@id\":\"https:\/\/location.mazoyer.fr\/produit\/genie-z51-30jrt\/#primaryimage\",\"url\":\"https:\/\/location.mazoyer.fr\/wp-content\/uploads\/2024\/11\/IMG_5036-scaled.jpeg\",\"contentUrl\":\"https:\/\/location.mazoyer.fr\/wp-content\/uploads\/2024\/11\/IMG_5036-scaled.jpeg\",\"width\":2560,\"height\":1920},{\"@type\":\"BreadcrumbList\",\"@id\":\"https:\/\/location.mazoyer.fr\/produit\/genie-z51-30jrt\/#breadcrumb\",\"itemListElement\":[{\"@type\":\"ListItem\",\"position\":1,\"name\":\"Accueil\",\"item\":\"https:\/\/location.mazoyer.fr\/\"},{\"@type\":\"ListItem\",\"position\":2,\"name\":\"Produits\",\"item\":\"https:\/\/location.mazoyer.fr\/shop\/\"},{\"@type\":\"ListItem\",\"position\":3,\"name\":\"GENIE Z51-30JRT\"}]},{\"@type\":\"WebSite\",\"@id\":\"https:\/\/location.mazoyer.fr\/#website\",\"url\":\"https:\/\/location.mazoyer.fr\/\",\"name\":\"Mazoyer Location\",\"description\":\"Mat\u00e9riel BTP \u2013 Manutention- Mobilier de Bureau Neuf &amp; Occasion \u2013 Stockage \u2013 Services \u2013 Location courte dur\u00e9e\",\"potentialAction\":[{\"@type\":\"SearchAction\",\"target\":{\"@type\":\"EntryPoint\",\"urlTemplate\":\"https:\/\/location.mazoyer.fr\/?s={search_term_string}\"},\"query-input\":\"required name=search_term_string\"}],\"inLanguage\":\"en-US\"}]}<\/script>\n<!-- \/ Yoast SEO plugin. -->","yoast_head_json":{"title":"GENIE Z51-30JRT - Mazoyer Location","robots":{"index":"noindex","follow":"follow","max-snippet":"max-snippet:-1","max-image-preview":"max-image-preview:large","max-video-preview":"max-video-preview:-1"},"og_locale":"en_US","og_type":"article","og_title":"GENIE Z51-30JRT - Mazoyer Location","og_description":"Type\u00a0: Nacelle articul\u00e9e diesel 18m Caract\u00e9ristiques Techniques : Hauteur de travail maximale : 17,59 m Hauteur de plateforme : 15,59 m Capacit\u00e9 de charge : 227 kg Longueur position de transport : 7.58 m Largeur totale : 2.29 m Poids : 7 394 kg Rayon de rotation int\u00e9rieur\/ext\u00e9rieur : 1,68 m\/4.50 m Vitesse de translation &#8211; position transport : 8 km\/h Type de moteur : Diesel Caract\u00e9ristiques Sp\u00e9ciales : Syst\u00e8me de traction 4&#215;4 : Pour une adh\u00e9rence optimale sur terrain accident\u00e9. Plateforme r\u00e9tractable : Permet d&rsquo;atteindre des zones plus \u00e9troites et de maximiser l&rsquo;espace de travail. Commandes intuitives : Pour une utilisation facile et efficace. Avantages : Mobilit\u00e9 tout-terrain : Con\u00e7ue pour \u00e9voluer sur diff\u00e9rents types de surfaces. Acc\u00e8s s\u00e9curis\u00e9 : Barri\u00e8res de s\u00e9curit\u00e9 et plateformes stables pour un travail en hauteur en toute confiance. Performances \u00e9lev\u00e9es : Capacit\u00e9 de levage et de port\u00e9e impressionnantes pour diverses applications. Applications : Travaux de maintenance Construction Am\u00e9nagement paysager \u00c9v\u00e9nements en plein air","og_url":"https:\/\/location.mazoyer.fr\/en\/product\/genie-z51-30jrt\/","og_site_name":"Mazoyer Location","og_image":[{"width":2560,"height":1920,"url":"https:\/\/location.mazoyer.fr\/wp-content\/uploads\/2024\/11\/IMG_5036-scaled.jpeg","type":"image\/jpeg"}],"twitter_card":"summary_large_image","twitter_misc":{"Est. reading time":"1 minute"},"schema":{"@context":"https:\/\/schema.org","@graph":[{"@type":"WebPage","@id":"https:\/\/location.mazoyer.fr\/produit\/genie-z51-30jrt\/","url":"https:\/\/location.mazoyer.fr\/produit\/genie-z51-30jrt\/","name":"GENIE Z51-30JRT - Mazoyer Location","isPartOf":{"@id":"https:\/\/location.mazoyer.fr\/#website"},"primaryImageOfPage":{"@id":"https:\/\/location.mazoyer.fr\/produit\/genie-z51-30jrt\/#primaryimage"},"image":{"@id":"https:\/\/location.mazoyer.fr\/produit\/genie-z51-30jrt\/#primaryimage"},"thumbnailUrl":"https:\/\/location.mazoyer.fr\/wp-content\/uploads\/2024\/11\/IMG_5036-scaled.jpeg","datePublished":"2025-02-19T15:15:26+00:00","dateModified":"2025-02-19T15:15:26+00:00","breadcrumb":{"@id":"https:\/\/location.mazoyer.fr\/produit\/genie-z51-30jrt\/#breadcrumb"},"inLanguage":"en-US","potentialAction":[{"@type":"ReadAction","target":["https:\/\/location.mazoyer.fr\/produit\/genie-z51-30jrt\/"]}]},{"@type":"ImageObject","inLanguage":"en-US","@id":"https:\/\/location.mazoyer.fr\/produit\/genie-z51-30jrt\/#primaryimage","url":"https:\/\/location.mazoyer.fr\/wp-content\/uploads\/2024\/11\/IMG_5036-scaled.jpeg","contentUrl":"https:\/\/location.mazoyer.fr\/wp-content\/uploads\/2024\/11\/IMG_5036-scaled.jpeg","width":2560,"height":1920},{"@type":"BreadcrumbList","@id":"https:\/\/location.mazoyer.fr\/produit\/genie-z51-30jrt\/#breadcrumb","itemListElement":[{"@type":"ListItem","position":1,"name":"Accueil","item":"https:\/\/location.mazoyer.fr\/"},{"@type":"ListItem","position":2,"name":"Produits","item":"https:\/\/location.mazoyer.fr\/shop\/"},{"@type":"ListItem","position":3,"name":"GENIE Z51-30JRT"}]},{"@type":"WebSite","@id":"https:\/\/location.mazoyer.fr\/#website","url":"https:\/\/location.mazoyer.fr\/","name":"Mazoyer Location","description":"Mat\u00e9riel BTP \u2013 Manutention- Mobilier de Bureau Neuf &amp; Occasion \u2013 Stockage \u2013 Services \u2013 Location courte dur\u00e9e","potentialAction":[{"@type":"SearchAction","target":{"@type":"EntryPoint","urlTemplate":"https:\/\/location.mazoyer.fr\/?s={search_term_string}"},"query-input":"required name=search_term_string"}],"inLanguage":"en-US"}]}},"_links":{"self":[{"href":"https:\/\/location.mazoyer.fr\/en\/wp-json\/wp\/v2\/product\/6312","targetHints":{"allow":["GET"]}}],"collection":[{"href":"https:\/\/location.mazoyer.fr\/en\/wp-json\/wp\/v2\/product"}],"about":[{"href":"https:\/\/location.mazoyer.fr\/en\/wp-json\/wp\/v2\/types\/product"}],"replies":[{"embeddable":true,"href":"https:\/\/location.mazoyer.fr\/en\/wp-json\/wp\/v2\/comments?post=6312"}],"version-history":[{"count":2,"href":"https:\/\/location.mazoyer.fr\/en\/wp-json\/wp\/v2\/product\/6312\/revisions"}],"predecessor-version":[{"id":6410,"href":"https:\/\/location.mazoyer.fr\/en\/wp-json\/wp\/v2\/product\/6312\/revisions\/6410"}],"wp:featuredmedia":[{"embeddable":true,"href":"https:\/\/location.mazoyer.fr\/en\/wp-json\/wp\/v2\/media\/6408"}],"wp:attachment":[{"href":"https:\/\/location.mazoyer.fr\/en\/wp-json\/wp\/v2\/media?parent=6312"}],"wp:term":[{"taxonomy":"product_cat","embeddable":true,"href":"https:\/\/location.mazoyer.fr\/en\/wp-json\/wp\/v2\/product_cat?post=6312"},{"taxonomy":"product_tag","embeddable":true,"href":"https:\/\/location.mazoyer.fr\/en\/wp-json\/wp\/v2\/product_tag?post=6312"}],"curies":[{"name":"wp","href":"https:\/\/api.w.org\/{rel}","templated":true}]}}