{"id":6326,"date":"2025-02-20T08:27:40","date_gmt":"2025-02-20T07:27:40","guid":{"rendered":"https:\/\/location.mazoyer.fr\/?post_type=product&#038;p=6326"},"modified":"2025-02-20T08:27:40","modified_gmt":"2025-02-20T07:27:40","slug":"bobcat-e57w","status":"publish","type":"product","link":"https:\/\/location.mazoyer.fr\/en\/product\/bobcat-e57w\/","title":{"rendered":"BOBCAT E57W"},"content":{"rendered":"<p style=\"font-weight: 400;\"><strong>Compacte, puissante et polyvalente<\/strong><\/p>\n<p style=\"font-weight: 400;\">\u00c9quip\u00e9e de s\u00e9rie d&rsquo;une configuration \u00e0 pneus simples, la E57W affiche un poids op\u00e9rationnel de 6 312 kg et offre une profondeur de fouille maximum de 3 495 mm. L\u2019option balancier long porte la profondeur de fouille \u00e0 3 795 mm. Elle est \u00e9quip\u00e9e \u00e9galement de la climatisation et d\u2019un dispositif d&rsquo;avertissement de surcharge.<\/p>\n<p style=\"font-weight: 400;\"><strong>Caract\u00e9ristiques techniques<\/strong><\/p>\n<table style=\"font-weight: 400;\" width=\"614\">\n<thead>\n<tr>\n<td width=\"224\"><strong>Caract\u00e9ristique<\/strong><\/td>\n<td width=\"384\"><strong>D\u00e9tail<\/strong><\/td>\n<\/tr>\n<\/thead>\n<tbody>\n<tr>\n<td width=\"224\"><strong>Poids op\u00e9rationnel<\/strong><\/td>\n<td width=\"384\">6\u00a0312 kg<\/td>\n<\/tr>\n<tr>\n<td width=\"224\"><strong>Dimensions (L x l x h)<\/strong><\/td>\n<td width=\"384\">6 120 mm x 1 947 mm x 2 861 mm<\/td>\n<\/tr>\n<tr>\n<td width=\"224\"><strong>Empattement<\/strong><\/td>\n<td width=\"384\">2\u00a0100 mm<\/td>\n<\/tr>\n<tr>\n<td width=\"224\"><strong>Profondeur de fouille max.<\/strong><\/td>\n<td width=\"384\">3\u00a0495 mm<\/td>\n<\/tr>\n<tr>\n<td width=\"224\"><strong>Hauteur max.\u00a0 de d\u00e9versement<\/strong><\/td>\n<td width=\"384\">4 324 mm<\/td>\n<\/tr>\n<tr>\n<td width=\"224\"><strong>Capacit\u00e9 de levage<\/strong><\/td>\n<td width=\"384\">Jusqu&rsquo;\u00e0 3 900 kg<\/td>\n<\/tr>\n<tr>\n<td width=\"224\"><strong>Moteur<\/strong><\/td>\n<td width=\"384\">Diesel, 4 cylindres, 42.50 kW<\/td>\n<\/tr>\n<tr>\n<td width=\"224\"><strong>Vitesse maximale<\/strong><\/td>\n<td width=\"384\">30 km\/h<\/td>\n<\/tr>\n<tr>\n<td width=\"224\"><strong>Syst\u00e8me hydraulique<\/strong><\/td>\n<td width=\"384\">D\u00e9bit variable \u00e0 haute pression<\/td>\n<\/tr>\n<tr>\n<td width=\"224\"><strong>Rayon de braquage<\/strong><\/td>\n<td width=\"384\">2 200 mm<\/td>\n<\/tr>\n<tr>\n<td width=\"224\"><strong>Garde au sol de la tourelle<\/strong><\/td>\n<td width=\"384\">980 mm<\/td>\n<\/tr>\n<\/tbody>\n<\/table>\n<p style=\"font-weight: 400;\"><strong>Performances et avantages<\/strong><\/p>\n<ul style=\"font-weight: 400;\">\n<li>Puissance et efficacit\u00e9 : Gr\u00e2ce \u00e0 son moteur puissant et \u00e0 son syst\u00e8me hydraulique optimis\u00e9, la Bobcat E57WE garantit une performance exceptionnelle pour les travaux de creusage, de levage et de d\u00e9placement de mat\u00e9riaux.<\/li>\n<li>Man\u0153uvrabilit\u00e9 exceptionnelle : Sa largeur r\u00e9glable et son rayon de braquage r\u00e9duit lui permettent de travailler dans des espaces confin\u00e9s et de naviguer facilement sur des chantiers urbains ou \u00e9troits.<\/li>\n<li>Confort et ergonomie : La cabine est \u00e9quip\u00e9e d\u2019un si\u00e8ge confortable, de commandes intuitives et d\u2019une excellente visibilit\u00e9 pour le conducteur. La climatisation est disponible en option pour un confort accru.<\/li>\n<li>Stabilit\u00e9 : Les stabilisateurs hydrauliques garantissent une stabilit\u00e9 optimale m\u00eame dans des conditions de travail difficiles, offrant ainsi plus de s\u00e9curit\u00e9 et de performance sur des terrains vari\u00e9s.<\/li>\n<\/ul>","protected":false},"excerpt":{"rendered":"<p>Compacte, puissante et polyvalente \u00c9quip\u00e9e de s\u00e9rie d&rsquo;une configuration \u00e0 pneus simples, la E57W affiche un poids op\u00e9rationnel de 6 312 kg et offre une profondeur de fouille maximum de 3 495 mm. L\u2019option balancier long porte la profondeur de fouille \u00e0 3 795 mm. Elle est \u00e9quip\u00e9e \u00e9galement de la climatisation et d\u2019un dispositif d&rsquo;avertissement de surcharge. Caract\u00e9ristiques techniques Caract\u00e9ristique D\u00e9tail Poids op\u00e9rationnel 6\u00a0312 kg Dimensions (L x l x h) 6 120 mm x 1 947 mm x 2 861 mm Empattement 2\u00a0100 mm Profondeur de fouille max. 3\u00a0495 mm Hauteur max.\u00a0 de d\u00e9versement 4 324 mm Capacit\u00e9 de levage Jusqu&rsquo;\u00e0 3 900 kg Moteur Diesel, 4 cylindres, 42.50 kW Vitesse maximale 30 km\/h Syst\u00e8me hydraulique D\u00e9bit variable \u00e0 haute pression Rayon de braquage 2 200 mm Garde au sol de la tourelle 980 mm Performances et avantages Puissance et efficacit\u00e9 : Gr\u00e2ce \u00e0 son moteur puissant et \u00e0 son syst\u00e8me hydraulique optimis\u00e9, la Bobcat E57WE garantit une performance exceptionnelle pour les travaux de creusage, de levage et de d\u00e9placement de mat\u00e9riaux. Man\u0153uvrabilit\u00e9 exceptionnelle : Sa largeur r\u00e9glable et son rayon de braquage r\u00e9duit lui permettent de travailler dans des espaces confin\u00e9s et de naviguer facilement sur des chantiers urbains ou \u00e9troits. Confort et ergonomie : La cabine est \u00e9quip\u00e9e d\u2019un si\u00e8ge confortable, de commandes intuitives et d\u2019une excellente visibilit\u00e9 pour le conducteur. La climatisation est disponible en option pour un confort accru. Stabilit\u00e9 : Les stabilisateurs hydrauliques garantissent une stabilit\u00e9 optimale m\u00eame dans des conditions de travail difficiles, offrant ainsi plus de s\u00e9curit\u00e9 et de performance sur des terrains vari\u00e9s.<\/p>","protected":false},"featured_media":6411,"comment_status":"open","ping_status":"closed","template":"","meta":{"_acf_changed":false},"product_cat":[86],"product_tag":[],"class_list":{"0":"post-6326","1":"product","2":"type-product","3":"status-publish","4":"has-post-thumbnail","6":"product_cat-pelle","8":"first","9":"instock","10":"shipping-taxable","11":"product-type-simple"},"acf":[],"yoast_head":"<!-- This site is optimized with the Yoast SEO plugin v23.1 - https:\/\/yoast.com\/wordpress\/plugins\/seo\/ -->\n<title>BOBCAT E57W - Mazoyer Location<\/title>\n<meta name=\"robots\" content=\"noindex, follow, max-snippet:-1, max-image-preview:large, max-video-preview:-1\" \/>\n<meta property=\"og:locale\" content=\"en_US\" \/>\n<meta property=\"og:type\" content=\"article\" \/>\n<meta property=\"og:title\" content=\"BOBCAT E57W - Mazoyer Location\" \/>\n<meta property=\"og:description\" content=\"Compacte, puissante et polyvalente \u00c9quip\u00e9e de s\u00e9rie d&rsquo;une configuration \u00e0 pneus simples, la E57W affiche un poids op\u00e9rationnel de 6 312 kg et offre une profondeur de fouille maximum de 3 495 mm. L\u2019option balancier long porte la profondeur de fouille \u00e0 3 795 mm. Elle est \u00e9quip\u00e9e \u00e9galement de la climatisation et d\u2019un dispositif d&rsquo;avertissement de surcharge. Caract\u00e9ristiques techniques Caract\u00e9ristique D\u00e9tail Poids op\u00e9rationnel 6\u00a0312 kg Dimensions (L x l x h) 6 120 mm x 1 947 mm x 2 861 mm Empattement 2\u00a0100 mm Profondeur de fouille max. 3\u00a0495 mm Hauteur max.\u00a0 de d\u00e9versement 4 324 mm Capacit\u00e9 de levage Jusqu&rsquo;\u00e0 3 900 kg Moteur Diesel, 4 cylindres, 42.50 kW Vitesse maximale 30 km\/h Syst\u00e8me hydraulique D\u00e9bit variable \u00e0 haute pression Rayon de braquage 2 200 mm Garde au sol de la tourelle 980 mm Performances et avantages Puissance et efficacit\u00e9 : Gr\u00e2ce \u00e0 son moteur puissant et \u00e0 son syst\u00e8me hydraulique optimis\u00e9, la Bobcat E57WE garantit une performance exceptionnelle pour les travaux de creusage, de levage et de d\u00e9placement de mat\u00e9riaux. Man\u0153uvrabilit\u00e9 exceptionnelle : Sa largeur r\u00e9glable et son rayon de braquage r\u00e9duit lui permettent de travailler dans des espaces confin\u00e9s et de naviguer facilement sur des chantiers urbains ou \u00e9troits. Confort et ergonomie : La cabine est \u00e9quip\u00e9e d\u2019un si\u00e8ge confortable, de commandes intuitives et d\u2019une excellente visibilit\u00e9 pour le conducteur. La climatisation est disponible en option pour un confort accru. Stabilit\u00e9 : Les stabilisateurs hydrauliques garantissent une stabilit\u00e9 optimale m\u00eame dans des conditions de travail difficiles, offrant ainsi plus de s\u00e9curit\u00e9 et de performance sur des terrains vari\u00e9s.\" \/>\n<meta property=\"og:url\" content=\"https:\/\/location.mazoyer.fr\/en\/product\/bobcat-e57w\/\" \/>\n<meta property=\"og:site_name\" content=\"Mazoyer Location\" \/>\n<meta property=\"og:image\" content=\"https:\/\/location.mazoyer.fr\/wp-content\/uploads\/2024\/11\/IMG_5017-scaled.jpeg\" \/>\n\t<meta property=\"og:image:width\" content=\"1920\" \/>\n\t<meta property=\"og:image:height\" content=\"2560\" \/>\n\t<meta property=\"og:image:type\" content=\"image\/jpeg\" \/>\n<meta name=\"twitter:card\" content=\"summary_large_image\" \/>\n<meta name=\"twitter:label1\" content=\"Est. reading time\" \/>\n\t<meta name=\"twitter:data1\" content=\"2 minutes\" \/>\n<script type=\"application\/ld+json\" class=\"yoast-schema-graph\">{\"@context\":\"https:\/\/schema.org\",\"@graph\":[{\"@type\":\"WebPage\",\"@id\":\"https:\/\/location.mazoyer.fr\/produit\/bobcat-e57w\/\",\"url\":\"https:\/\/location.mazoyer.fr\/produit\/bobcat-e57w\/\",\"name\":\"BOBCAT E57W - Mazoyer Location\",\"isPartOf\":{\"@id\":\"https:\/\/location.mazoyer.fr\/#website\"},\"primaryImageOfPage\":{\"@id\":\"https:\/\/location.mazoyer.fr\/produit\/bobcat-e57w\/#primaryimage\"},\"image\":{\"@id\":\"https:\/\/location.mazoyer.fr\/produit\/bobcat-e57w\/#primaryimage\"},\"thumbnailUrl\":\"https:\/\/location.mazoyer.fr\/wp-content\/uploads\/2024\/11\/IMG_5017-scaled.jpeg\",\"datePublished\":\"2025-02-20T07:27:40+00:00\",\"dateModified\":\"2025-02-20T07:27:40+00:00\",\"breadcrumb\":{\"@id\":\"https:\/\/location.mazoyer.fr\/produit\/bobcat-e57w\/#breadcrumb\"},\"inLanguage\":\"en-US\",\"potentialAction\":[{\"@type\":\"ReadAction\",\"target\":[\"https:\/\/location.mazoyer.fr\/produit\/bobcat-e57w\/\"]}]},{\"@type\":\"ImageObject\",\"inLanguage\":\"en-US\",\"@id\":\"https:\/\/location.mazoyer.fr\/produit\/bobcat-e57w\/#primaryimage\",\"url\":\"https:\/\/location.mazoyer.fr\/wp-content\/uploads\/2024\/11\/IMG_5017-scaled.jpeg\",\"contentUrl\":\"https:\/\/location.mazoyer.fr\/wp-content\/uploads\/2024\/11\/IMG_5017-scaled.jpeg\",\"width\":1920,\"height\":2560},{\"@type\":\"BreadcrumbList\",\"@id\":\"https:\/\/location.mazoyer.fr\/produit\/bobcat-e57w\/#breadcrumb\",\"itemListElement\":[{\"@type\":\"ListItem\",\"position\":1,\"name\":\"Accueil\",\"item\":\"https:\/\/location.mazoyer.fr\/\"},{\"@type\":\"ListItem\",\"position\":2,\"name\":\"Produits\",\"item\":\"https:\/\/location.mazoyer.fr\/shop\/\"},{\"@type\":\"ListItem\",\"position\":3,\"name\":\"BOBCAT E57W\"}]},{\"@type\":\"WebSite\",\"@id\":\"https:\/\/location.mazoyer.fr\/#website\",\"url\":\"https:\/\/location.mazoyer.fr\/\",\"name\":\"Mazoyer Location\",\"description\":\"Mat\u00e9riel BTP \u2013 Manutention- Mobilier de Bureau Neuf &amp; Occasion \u2013 Stockage \u2013 Services \u2013 Location courte dur\u00e9e\",\"potentialAction\":[{\"@type\":\"SearchAction\",\"target\":{\"@type\":\"EntryPoint\",\"urlTemplate\":\"https:\/\/location.mazoyer.fr\/?s={search_term_string}\"},\"query-input\":\"required name=search_term_string\"}],\"inLanguage\":\"en-US\"}]}<\/script>\n<!-- \/ Yoast SEO plugin. -->","yoast_head_json":{"title":"BOBCAT E57W - Mazoyer Location","robots":{"index":"noindex","follow":"follow","max-snippet":"max-snippet:-1","max-image-preview":"max-image-preview:large","max-video-preview":"max-video-preview:-1"},"og_locale":"en_US","og_type":"article","og_title":"BOBCAT E57W - Mazoyer Location","og_description":"Compacte, puissante et polyvalente \u00c9quip\u00e9e de s\u00e9rie d&rsquo;une configuration \u00e0 pneus simples, la E57W affiche un poids op\u00e9rationnel de 6 312 kg et offre une profondeur de fouille maximum de 3 495 mm. L\u2019option balancier long porte la profondeur de fouille \u00e0 3 795 mm. Elle est \u00e9quip\u00e9e \u00e9galement de la climatisation et d\u2019un dispositif d&rsquo;avertissement de surcharge. Caract\u00e9ristiques techniques Caract\u00e9ristique D\u00e9tail Poids op\u00e9rationnel 6\u00a0312 kg Dimensions (L x l x h) 6 120 mm x 1 947 mm x 2 861 mm Empattement 2\u00a0100 mm Profondeur de fouille max. 3\u00a0495 mm Hauteur max.\u00a0 de d\u00e9versement 4 324 mm Capacit\u00e9 de levage Jusqu&rsquo;\u00e0 3 900 kg Moteur Diesel, 4 cylindres, 42.50 kW Vitesse maximale 30 km\/h Syst\u00e8me hydraulique D\u00e9bit variable \u00e0 haute pression Rayon de braquage 2 200 mm Garde au sol de la tourelle 980 mm Performances et avantages Puissance et efficacit\u00e9 : Gr\u00e2ce \u00e0 son moteur puissant et \u00e0 son syst\u00e8me hydraulique optimis\u00e9, la Bobcat E57WE garantit une performance exceptionnelle pour les travaux de creusage, de levage et de d\u00e9placement de mat\u00e9riaux. Man\u0153uvrabilit\u00e9 exceptionnelle : Sa largeur r\u00e9glable et son rayon de braquage r\u00e9duit lui permettent de travailler dans des espaces confin\u00e9s et de naviguer facilement sur des chantiers urbains ou \u00e9troits. Confort et ergonomie : La cabine est \u00e9quip\u00e9e d\u2019un si\u00e8ge confortable, de commandes intuitives et d\u2019une excellente visibilit\u00e9 pour le conducteur. La climatisation est disponible en option pour un confort accru. Stabilit\u00e9 : Les stabilisateurs hydrauliques garantissent une stabilit\u00e9 optimale m\u00eame dans des conditions de travail difficiles, offrant ainsi plus de s\u00e9curit\u00e9 et de performance sur des terrains vari\u00e9s.","og_url":"https:\/\/location.mazoyer.fr\/en\/product\/bobcat-e57w\/","og_site_name":"Mazoyer Location","og_image":[{"width":1920,"height":2560,"url":"https:\/\/location.mazoyer.fr\/wp-content\/uploads\/2024\/11\/IMG_5017-scaled.jpeg","type":"image\/jpeg"}],"twitter_card":"summary_large_image","twitter_misc":{"Est. reading time":"2 minutes"},"schema":{"@context":"https:\/\/schema.org","@graph":[{"@type":"WebPage","@id":"https:\/\/location.mazoyer.fr\/produit\/bobcat-e57w\/","url":"https:\/\/location.mazoyer.fr\/produit\/bobcat-e57w\/","name":"BOBCAT E57W - Mazoyer Location","isPartOf":{"@id":"https:\/\/location.mazoyer.fr\/#website"},"primaryImageOfPage":{"@id":"https:\/\/location.mazoyer.fr\/produit\/bobcat-e57w\/#primaryimage"},"image":{"@id":"https:\/\/location.mazoyer.fr\/produit\/bobcat-e57w\/#primaryimage"},"thumbnailUrl":"https:\/\/location.mazoyer.fr\/wp-content\/uploads\/2024\/11\/IMG_5017-scaled.jpeg","datePublished":"2025-02-20T07:27:40+00:00","dateModified":"2025-02-20T07:27:40+00:00","breadcrumb":{"@id":"https:\/\/location.mazoyer.fr\/produit\/bobcat-e57w\/#breadcrumb"},"inLanguage":"en-US","potentialAction":[{"@type":"ReadAction","target":["https:\/\/location.mazoyer.fr\/produit\/bobcat-e57w\/"]}]},{"@type":"ImageObject","inLanguage":"en-US","@id":"https:\/\/location.mazoyer.fr\/produit\/bobcat-e57w\/#primaryimage","url":"https:\/\/location.mazoyer.fr\/wp-content\/uploads\/2024\/11\/IMG_5017-scaled.jpeg","contentUrl":"https:\/\/location.mazoyer.fr\/wp-content\/uploads\/2024\/11\/IMG_5017-scaled.jpeg","width":1920,"height":2560},{"@type":"BreadcrumbList","@id":"https:\/\/location.mazoyer.fr\/produit\/bobcat-e57w\/#breadcrumb","itemListElement":[{"@type":"ListItem","position":1,"name":"Accueil","item":"https:\/\/location.mazoyer.fr\/"},{"@type":"ListItem","position":2,"name":"Produits","item":"https:\/\/location.mazoyer.fr\/shop\/"},{"@type":"ListItem","position":3,"name":"BOBCAT E57W"}]},{"@type":"WebSite","@id":"https:\/\/location.mazoyer.fr\/#website","url":"https:\/\/location.mazoyer.fr\/","name":"Mazoyer Location","description":"Mat\u00e9riel BTP \u2013 Manutention- Mobilier de Bureau Neuf &amp; Occasion \u2013 Stockage \u2013 Services \u2013 Location courte dur\u00e9e","potentialAction":[{"@type":"SearchAction","target":{"@type":"EntryPoint","urlTemplate":"https:\/\/location.mazoyer.fr\/?s={search_term_string}"},"query-input":"required name=search_term_string"}],"inLanguage":"en-US"}]}},"_links":{"self":[{"href":"https:\/\/location.mazoyer.fr\/en\/wp-json\/wp\/v2\/product\/6326","targetHints":{"allow":["GET"]}}],"collection":[{"href":"https:\/\/location.mazoyer.fr\/en\/wp-json\/wp\/v2\/product"}],"about":[{"href":"https:\/\/location.mazoyer.fr\/en\/wp-json\/wp\/v2\/types\/product"}],"replies":[{"embeddable":true,"href":"https:\/\/location.mazoyer.fr\/en\/wp-json\/wp\/v2\/comments?post=6326"}],"version-history":[{"count":3,"href":"https:\/\/location.mazoyer.fr\/en\/wp-json\/wp\/v2\/product\/6326\/revisions"}],"predecessor-version":[{"id":6329,"href":"https:\/\/location.mazoyer.fr\/en\/wp-json\/wp\/v2\/product\/6326\/revisions\/6329"}],"wp:featuredmedia":[{"embeddable":true,"href":"https:\/\/location.mazoyer.fr\/en\/wp-json\/wp\/v2\/media\/6411"}],"wp:attachment":[{"href":"https:\/\/location.mazoyer.fr\/en\/wp-json\/wp\/v2\/media?parent=6326"}],"wp:term":[{"taxonomy":"product_cat","embeddable":true,"href":"https:\/\/location.mazoyer.fr\/en\/wp-json\/wp\/v2\/product_cat?post=6326"},{"taxonomy":"product_tag","embeddable":true,"href":"https:\/\/location.mazoyer.fr\/en\/wp-json\/wp\/v2\/product_tag?post=6326"}],"curies":[{"name":"wp","href":"https:\/\/api.w.org\/{rel}","templated":true}]}}