{"id":6337,"date":"2025-01-31T11:28:51","date_gmt":"2025-01-31T10:28:51","guid":{"rendered":"https:\/\/location.mazoyer.fr\/?post_type=product&#038;p=6337"},"modified":"2025-02-18T11:46:30","modified_gmt":"2025-02-18T10:46:30","slug":"doosan-dx85-3","status":"publish","type":"product","link":"https:\/\/location.mazoyer.fr\/en\/product\/doosan-dx85-3\/","title":{"rendered":"DOOSAN DX85R-3"},"content":{"rendered":"<p style=\"font-weight: 400;\"><strong>Description :<\/strong><br \/>\nLa pelle DX85R-3 est un mod\u00e8le compact et puissant con\u00e7u pour offrir une excellente performance dans les travaux de terrassement, d\u00e9molition l\u00e9g\u00e8re et am\u00e9nagement paysager. Id\u00e9ale pour les chantiers avec un espace restreint, cette machine permet de travailler de mani\u00e8re pr\u00e9cise et efficace, tout en offrant une grande stabilit\u00e9 et une consommation de carburant optimis\u00e9e.<\/p>\n<p style=\"font-weight: 400;\"><strong>Caract\u00e9ristiques principales :<\/strong><\/p>\n<ul style=\"font-weight: 400;\">\n<li>Mod\u00e8le : DX85R-3<\/li>\n<li>Type : Pelle hydraulique sur chenilles<\/li>\n<li>Poids : 8 500 kg<\/li>\n<li>Moteur : 55,4 kW (75,1 ch)<\/li>\n<li>Capacit\u00e9 de godet : 0,2 \u00e0 0,3 m\u00b3 (selon le mod\u00e8le de godet)<\/li>\n<li>Dimensions :\n<ul>\n<li>Longueur totale : 5 750 mm<\/li>\n<li>Largeur : 2 300 mm<\/li>\n<li>Hauteur : 2 540 mm<\/li>\n<\/ul>\n<\/li>\n<li>Profondeur de fouille maximale : 4 310 mm<\/li>\n<li>Port\u00e9e maximale : 7 720 mm<\/li>\n<li>Force de traction : 53,6 kN<\/li>\n<li>Vitesse maximale de d\u00e9placement : 5,4 km\/h<\/li>\n<li>Rotation : Rotation 360\u00b0 continue<\/li>\n<li>Syst\u00e8me hydraulique : Syst\u00e8me hydraulique avanc\u00e9 pour des performances optimales<\/li>\n<\/ul>\n<p style=\"font-weight: 400;\"><strong>Avantages :<\/strong><\/p>\n<ul style=\"font-weight: 400;\">\n<li>Compacte et maniable : Con\u00e7ue pour les espaces r\u00e9duits, la DX85R-3 peut facilement naviguer dans des zones de travail exigu\u00ebs, tout en offrant une grande puissance de travail.<\/li>\n<li>Puissante et \u00e9conome en \u00e9nergie : Son moteur d\u00e9livre une puissance suffisante tout en optimisant la consommation de carburant.<\/li>\n<li>Confort et s\u00e9curit\u00e9 : Poste de conduite ergonomique, climatis\u00e9 et avec visibilit\u00e9 maximale pour plus de confort et de s\u00e9curit\u00e9 pour l&rsquo;op\u00e9rateur.<\/li>\n<li>Syst\u00e8me hydraulique moderne : Augmente la productivit\u00e9 avec des mouvements plus rapides et plus fluides.<\/li>\n<\/ul>\n<p style=\"font-weight: 400;\"><strong>Applications :<\/strong><\/p>\n<ul style=\"font-weight: 400;\">\n<li>Terrassement<\/li>\n<li>Creusage de tranch\u00e9es<\/li>\n<li>D\u00e9molition l\u00e9g\u00e8re<\/li>\n<li>Am\u00e9nagement paysager<\/li>\n<li>Travaux dans les zones urbaines ou \u00e0 acc\u00e8s restreint<\/li>\n<\/ul>","protected":false},"excerpt":{"rendered":"<p>Description : La pelle DX85R-3 est un mod\u00e8le compact et puissant con\u00e7u pour offrir une excellente performance dans les travaux de terrassement, d\u00e9molition l\u00e9g\u00e8re et am\u00e9nagement paysager. Id\u00e9ale pour les chantiers avec un espace restreint, cette machine permet de travailler de mani\u00e8re pr\u00e9cise et efficace, tout en offrant une grande stabilit\u00e9 et une consommation de carburant optimis\u00e9e. Caract\u00e9ristiques principales : Mod\u00e8le : DX85R-3 Type : Pelle hydraulique sur chenilles Poids : 8 500 kg Moteur : 55,4 kW (75,1 ch) Capacit\u00e9 de godet : 0,2 \u00e0 0,3 m\u00b3 (selon le mod\u00e8le de godet) Dimensions : Longueur totale : 5 750 mm Largeur : 2 300 mm Hauteur : 2 540 mm Profondeur de fouille maximale : 4 310 mm Port\u00e9e maximale : 7 720 mm Force de traction : 53,6 kN Vitesse maximale de d\u00e9placement : 5,4 km\/h Rotation : Rotation 360\u00b0 continue Syst\u00e8me hydraulique : Syst\u00e8me hydraulique avanc\u00e9 pour des performances optimales Avantages : Compacte et maniable : Con\u00e7ue pour les espaces r\u00e9duits, la DX85R-3 peut facilement naviguer dans des zones de travail exigu\u00ebs, tout en offrant une grande puissance de travail. Puissante et \u00e9conome en \u00e9nergie : Son moteur d\u00e9livre une puissance suffisante tout en optimisant la consommation de carburant. Confort et s\u00e9curit\u00e9 : Poste de conduite ergonomique, climatis\u00e9 et avec visibilit\u00e9 maximale pour plus de confort et de s\u00e9curit\u00e9 pour l&rsquo;op\u00e9rateur. Syst\u00e8me hydraulique moderne : Augmente la productivit\u00e9 avec des mouvements plus rapides et plus fluides. Applications : Terrassement Creusage de tranch\u00e9es D\u00e9molition l\u00e9g\u00e8re Am\u00e9nagement paysager Travaux dans les zones urbaines ou \u00e0 acc\u00e8s restreint<\/p>","protected":false},"featured_media":6344,"comment_status":"open","ping_status":"closed","template":"","meta":{"_acf_changed":false},"product_cat":[86],"product_tag":[],"class_list":{"0":"post-6337","1":"product","2":"type-product","3":"status-publish","4":"has-post-thumbnail","6":"product_cat-pelle","8":"first","9":"instock","10":"shipping-taxable","11":"product-type-simple"},"acf":[],"yoast_head":"<!-- This site is optimized with the Yoast SEO plugin v23.1 - https:\/\/yoast.com\/wordpress\/plugins\/seo\/ -->\n<title>DOOSAN DX85R-3 - Mazoyer Location<\/title>\n<meta name=\"robots\" content=\"noindex, follow, max-snippet:-1, max-image-preview:large, max-video-preview:-1\" \/>\n<meta property=\"og:locale\" content=\"en_US\" \/>\n<meta property=\"og:type\" content=\"article\" \/>\n<meta property=\"og:title\" content=\"DOOSAN DX85R-3 - Mazoyer Location\" \/>\n<meta property=\"og:description\" content=\"Description : La pelle DX85R-3 est un mod\u00e8le compact et puissant con\u00e7u pour offrir une excellente performance dans les travaux de terrassement, d\u00e9molition l\u00e9g\u00e8re et am\u00e9nagement paysager. Id\u00e9ale pour les chantiers avec un espace restreint, cette machine permet de travailler de mani\u00e8re pr\u00e9cise et efficace, tout en offrant une grande stabilit\u00e9 et une consommation de carburant optimis\u00e9e. Caract\u00e9ristiques principales : Mod\u00e8le : DX85R-3 Type : Pelle hydraulique sur chenilles Poids : 8 500 kg Moteur : 55,4 kW (75,1 ch) Capacit\u00e9 de godet : 0,2 \u00e0 0,3 m\u00b3 (selon le mod\u00e8le de godet) Dimensions : Longueur totale : 5 750 mm Largeur : 2 300 mm Hauteur : 2 540 mm Profondeur de fouille maximale : 4 310 mm Port\u00e9e maximale : 7 720 mm Force de traction : 53,6 kN Vitesse maximale de d\u00e9placement : 5,4 km\/h Rotation : Rotation 360\u00b0 continue Syst\u00e8me hydraulique : Syst\u00e8me hydraulique avanc\u00e9 pour des performances optimales Avantages : Compacte et maniable : Con\u00e7ue pour les espaces r\u00e9duits, la DX85R-3 peut facilement naviguer dans des zones de travail exigu\u00ebs, tout en offrant une grande puissance de travail. Puissante et \u00e9conome en \u00e9nergie : Son moteur d\u00e9livre une puissance suffisante tout en optimisant la consommation de carburant. Confort et s\u00e9curit\u00e9 : Poste de conduite ergonomique, climatis\u00e9 et avec visibilit\u00e9 maximale pour plus de confort et de s\u00e9curit\u00e9 pour l&rsquo;op\u00e9rateur. Syst\u00e8me hydraulique moderne : Augmente la productivit\u00e9 avec des mouvements plus rapides et plus fluides. Applications : Terrassement Creusage de tranch\u00e9es D\u00e9molition l\u00e9g\u00e8re Am\u00e9nagement paysager Travaux dans les zones urbaines ou \u00e0 acc\u00e8s restreint\" \/>\n<meta property=\"og:url\" content=\"https:\/\/location.mazoyer.fr\/en\/product\/doosan-dx85-3\/\" \/>\n<meta property=\"og:site_name\" content=\"Mazoyer Location\" \/>\n<meta property=\"article:modified_time\" content=\"2025-02-18T10:46:30+00:00\" \/>\n<meta property=\"og:image\" content=\"https:\/\/location.mazoyer.fr\/wp-content\/uploads\/2025\/01\/Modification-photo-2-e1738319982488-1024x766.png\" \/>\n\t<meta property=\"og:image:width\" content=\"1024\" \/>\n\t<meta property=\"og:image:height\" content=\"766\" \/>\n\t<meta property=\"og:image:type\" content=\"image\/png\" \/>\n<meta name=\"twitter:card\" content=\"summary_large_image\" \/>\n<meta name=\"twitter:label1\" content=\"Est. reading time\" \/>\n\t<meta name=\"twitter:data1\" content=\"2 minutes\" \/>\n<script type=\"application\/ld+json\" class=\"yoast-schema-graph\">{\"@context\":\"https:\/\/schema.org\",\"@graph\":[{\"@type\":\"WebPage\",\"@id\":\"https:\/\/location.mazoyer.fr\/produit\/doosan-dx85-3\/\",\"url\":\"https:\/\/location.mazoyer.fr\/produit\/doosan-dx85-3\/\",\"name\":\"DOOSAN DX85R-3 - Mazoyer Location\",\"isPartOf\":{\"@id\":\"https:\/\/location.mazoyer.fr\/#website\"},\"primaryImageOfPage\":{\"@id\":\"https:\/\/location.mazoyer.fr\/produit\/doosan-dx85-3\/#primaryimage\"},\"image\":{\"@id\":\"https:\/\/location.mazoyer.fr\/produit\/doosan-dx85-3\/#primaryimage\"},\"thumbnailUrl\":\"https:\/\/location.mazoyer.fr\/wp-content\/uploads\/2025\/01\/Modification-photo-2-e1738319982488.png\",\"datePublished\":\"2025-01-31T10:28:51+00:00\",\"dateModified\":\"2025-02-18T10:46:30+00:00\",\"breadcrumb\":{\"@id\":\"https:\/\/location.mazoyer.fr\/produit\/doosan-dx85-3\/#breadcrumb\"},\"inLanguage\":\"en-US\",\"potentialAction\":[{\"@type\":\"ReadAction\",\"target\":[\"https:\/\/location.mazoyer.fr\/produit\/doosan-dx85-3\/\"]}]},{\"@type\":\"ImageObject\",\"inLanguage\":\"en-US\",\"@id\":\"https:\/\/location.mazoyer.fr\/produit\/doosan-dx85-3\/#primaryimage\",\"url\":\"https:\/\/location.mazoyer.fr\/wp-content\/uploads\/2025\/01\/Modification-photo-2-e1738319982488.png\",\"contentUrl\":\"https:\/\/location.mazoyer.fr\/wp-content\/uploads\/2025\/01\/Modification-photo-2-e1738319982488.png\",\"width\":2000,\"height\":1497},{\"@type\":\"BreadcrumbList\",\"@id\":\"https:\/\/location.mazoyer.fr\/produit\/doosan-dx85-3\/#breadcrumb\",\"itemListElement\":[{\"@type\":\"ListItem\",\"position\":1,\"name\":\"Accueil\",\"item\":\"https:\/\/location.mazoyer.fr\/\"},{\"@type\":\"ListItem\",\"position\":2,\"name\":\"Produits\",\"item\":\"https:\/\/location.mazoyer.fr\/shop\/\"},{\"@type\":\"ListItem\",\"position\":3,\"name\":\"DOOSAN DX85R-3\"}]},{\"@type\":\"WebSite\",\"@id\":\"https:\/\/location.mazoyer.fr\/#website\",\"url\":\"https:\/\/location.mazoyer.fr\/\",\"name\":\"Mazoyer Location\",\"description\":\"Mat\u00e9riel BTP \u2013 Manutention- Mobilier de Bureau Neuf &amp; Occasion \u2013 Stockage \u2013 Services \u2013 Location courte dur\u00e9e\",\"potentialAction\":[{\"@type\":\"SearchAction\",\"target\":{\"@type\":\"EntryPoint\",\"urlTemplate\":\"https:\/\/location.mazoyer.fr\/?s={search_term_string}\"},\"query-input\":\"required name=search_term_string\"}],\"inLanguage\":\"en-US\"}]}<\/script>\n<!-- \/ Yoast SEO plugin. -->","yoast_head_json":{"title":"DOOSAN DX85R-3 - Mazoyer Location","robots":{"index":"noindex","follow":"follow","max-snippet":"max-snippet:-1","max-image-preview":"max-image-preview:large","max-video-preview":"max-video-preview:-1"},"og_locale":"en_US","og_type":"article","og_title":"DOOSAN DX85R-3 - Mazoyer Location","og_description":"Description : La pelle DX85R-3 est un mod\u00e8le compact et puissant con\u00e7u pour offrir une excellente performance dans les travaux de terrassement, d\u00e9molition l\u00e9g\u00e8re et am\u00e9nagement paysager. Id\u00e9ale pour les chantiers avec un espace restreint, cette machine permet de travailler de mani\u00e8re pr\u00e9cise et efficace, tout en offrant une grande stabilit\u00e9 et une consommation de carburant optimis\u00e9e. Caract\u00e9ristiques principales : Mod\u00e8le : DX85R-3 Type : Pelle hydraulique sur chenilles Poids : 8 500 kg Moteur : 55,4 kW (75,1 ch) Capacit\u00e9 de godet : 0,2 \u00e0 0,3 m\u00b3 (selon le mod\u00e8le de godet) Dimensions : Longueur totale : 5 750 mm Largeur : 2 300 mm Hauteur : 2 540 mm Profondeur de fouille maximale : 4 310 mm Port\u00e9e maximale : 7 720 mm Force de traction : 53,6 kN Vitesse maximale de d\u00e9placement : 5,4 km\/h Rotation : Rotation 360\u00b0 continue Syst\u00e8me hydraulique : Syst\u00e8me hydraulique avanc\u00e9 pour des performances optimales Avantages : Compacte et maniable : Con\u00e7ue pour les espaces r\u00e9duits, la DX85R-3 peut facilement naviguer dans des zones de travail exigu\u00ebs, tout en offrant une grande puissance de travail. Puissante et \u00e9conome en \u00e9nergie : Son moteur d\u00e9livre une puissance suffisante tout en optimisant la consommation de carburant. Confort et s\u00e9curit\u00e9 : Poste de conduite ergonomique, climatis\u00e9 et avec visibilit\u00e9 maximale pour plus de confort et de s\u00e9curit\u00e9 pour l&rsquo;op\u00e9rateur. Syst\u00e8me hydraulique moderne : Augmente la productivit\u00e9 avec des mouvements plus rapides et plus fluides. Applications : Terrassement Creusage de tranch\u00e9es D\u00e9molition l\u00e9g\u00e8re Am\u00e9nagement paysager Travaux dans les zones urbaines ou \u00e0 acc\u00e8s restreint","og_url":"https:\/\/location.mazoyer.fr\/en\/product\/doosan-dx85-3\/","og_site_name":"Mazoyer Location","article_modified_time":"2025-02-18T10:46:30+00:00","og_image":[{"width":1024,"height":766,"url":"https:\/\/location.mazoyer.fr\/wp-content\/uploads\/2025\/01\/Modification-photo-2-e1738319982488-1024x766.png","type":"image\/png"}],"twitter_card":"summary_large_image","twitter_misc":{"Est. reading time":"2 minutes"},"schema":{"@context":"https:\/\/schema.org","@graph":[{"@type":"WebPage","@id":"https:\/\/location.mazoyer.fr\/produit\/doosan-dx85-3\/","url":"https:\/\/location.mazoyer.fr\/produit\/doosan-dx85-3\/","name":"DOOSAN DX85R-3 - Mazoyer Location","isPartOf":{"@id":"https:\/\/location.mazoyer.fr\/#website"},"primaryImageOfPage":{"@id":"https:\/\/location.mazoyer.fr\/produit\/doosan-dx85-3\/#primaryimage"},"image":{"@id":"https:\/\/location.mazoyer.fr\/produit\/doosan-dx85-3\/#primaryimage"},"thumbnailUrl":"https:\/\/location.mazoyer.fr\/wp-content\/uploads\/2025\/01\/Modification-photo-2-e1738319982488.png","datePublished":"2025-01-31T10:28:51+00:00","dateModified":"2025-02-18T10:46:30+00:00","breadcrumb":{"@id":"https:\/\/location.mazoyer.fr\/produit\/doosan-dx85-3\/#breadcrumb"},"inLanguage":"en-US","potentialAction":[{"@type":"ReadAction","target":["https:\/\/location.mazoyer.fr\/produit\/doosan-dx85-3\/"]}]},{"@type":"ImageObject","inLanguage":"en-US","@id":"https:\/\/location.mazoyer.fr\/produit\/doosan-dx85-3\/#primaryimage","url":"https:\/\/location.mazoyer.fr\/wp-content\/uploads\/2025\/01\/Modification-photo-2-e1738319982488.png","contentUrl":"https:\/\/location.mazoyer.fr\/wp-content\/uploads\/2025\/01\/Modification-photo-2-e1738319982488.png","width":2000,"height":1497},{"@type":"BreadcrumbList","@id":"https:\/\/location.mazoyer.fr\/produit\/doosan-dx85-3\/#breadcrumb","itemListElement":[{"@type":"ListItem","position":1,"name":"Accueil","item":"https:\/\/location.mazoyer.fr\/"},{"@type":"ListItem","position":2,"name":"Produits","item":"https:\/\/location.mazoyer.fr\/shop\/"},{"@type":"ListItem","position":3,"name":"DOOSAN DX85R-3"}]},{"@type":"WebSite","@id":"https:\/\/location.mazoyer.fr\/#website","url":"https:\/\/location.mazoyer.fr\/","name":"Mazoyer Location","description":"Mat\u00e9riel BTP \u2013 Manutention- Mobilier de Bureau Neuf &amp; Occasion \u2013 Stockage \u2013 Services \u2013 Location courte dur\u00e9e","potentialAction":[{"@type":"SearchAction","target":{"@type":"EntryPoint","urlTemplate":"https:\/\/location.mazoyer.fr\/?s={search_term_string}"},"query-input":"required name=search_term_string"}],"inLanguage":"en-US"}]}},"_links":{"self":[{"href":"https:\/\/location.mazoyer.fr\/en\/wp-json\/wp\/v2\/product\/6337","targetHints":{"allow":["GET"]}}],"collection":[{"href":"https:\/\/location.mazoyer.fr\/en\/wp-json\/wp\/v2\/product"}],"about":[{"href":"https:\/\/location.mazoyer.fr\/en\/wp-json\/wp\/v2\/types\/product"}],"replies":[{"embeddable":true,"href":"https:\/\/location.mazoyer.fr\/en\/wp-json\/wp\/v2\/comments?post=6337"}],"version-history":[{"count":2,"href":"https:\/\/location.mazoyer.fr\/en\/wp-json\/wp\/v2\/product\/6337\/revisions"}],"predecessor-version":[{"id":6389,"href":"https:\/\/location.mazoyer.fr\/en\/wp-json\/wp\/v2\/product\/6337\/revisions\/6389"}],"wp:featuredmedia":[{"embeddable":true,"href":"https:\/\/location.mazoyer.fr\/en\/wp-json\/wp\/v2\/media\/6344"}],"wp:attachment":[{"href":"https:\/\/location.mazoyer.fr\/en\/wp-json\/wp\/v2\/media?parent=6337"}],"wp:term":[{"taxonomy":"product_cat","embeddable":true,"href":"https:\/\/location.mazoyer.fr\/en\/wp-json\/wp\/v2\/product_cat?post=6337"},{"taxonomy":"product_tag","embeddable":true,"href":"https:\/\/location.mazoyer.fr\/en\/wp-json\/wp\/v2\/product_tag?post=6337"}],"curies":[{"name":"wp","href":"https:\/\/api.w.org\/{rel}","templated":true}]}}